{"id":9034,"date":"2026-04-07T11:17:18","date_gmt":"2026-04-07T09:17:18","guid":{"rendered":"https:\/\/locationdesducs.fr\/?post_type=product&#038;p=9034"},"modified":"2026-04-07T11:44:29","modified_gmt":"2026-04-07T09:44:29","slug":"machine-a-cafe-delonghi","status":"publish","type":"product","link":"https:\/\/locationdesducs.fr\/?product=machine-a-cafe-delonghi","title":{"rendered":"Machine \u00e0 caf\u00e9 D\u00e9longhi"},"content":{"rendered":"<p data-start=\"147\" data-end=\"251\">Location des Ducs vous propose \u00e0 la location la <strong data-start=\"195\" data-end=\"250\">machine \u00e0 caf\u00e9 expresso manuelle D\u00e9longhi<\/strong>.<\/p>\n<p data-start=\"253\" data-end=\"522\">Offrez \u00e0 vos invit\u00e9s une pause caf\u00e9 de qualit\u00e9 professionnelle avec la machine expresso Dedica Style. \u00c9l\u00e9gante, compacte et performante, elle s\u2019int\u00e8gre parfaitement dans tous types d\u2019\u00e9v\u00e9nements, qu\u2019il s\u2019agisse de r\u00e9ceptions d\u2019entreprise, de s\u00e9minaires ou d\u2019espaces VIP.<\/p>\n<p data-start=\"524\" data-end=\"810\">Avec son design fin et moderne, cette machine s\u2019adapte facilement aux espaces restreints tout en apportant une touche raffin\u00e9e \u00e0 votre installation. Son syst\u00e8me de pression 15 bars garantit une extraction optimale du caf\u00e9, pour des expressos riches en ar\u00f4mes et parfaitement \u00e9quilibr\u00e9s.<\/p>\n<p data-start=\"812\" data-end=\"1136\">La Dedica Style est \u00e9quip\u00e9e d\u2019une buse vapeur r\u00e9glable, id\u00e9ale pour r\u00e9aliser cappuccinos, latte macchiatos ou autres boissons lact\u00e9es, permettant ainsi de proposer une v\u00e9ritable exp\u00e9rience barista lors de vos \u00e9v\u00e9nements. Son panneau de commande intuitif assure une prise en main rapide, m\u00eame pour une utilisation ponctuelle.<\/p>\n<p data-start=\"1138\" data-end=\"1288\">Compacte mais performante, elle est parfaitement adapt\u00e9e aux installations \u00e9v\u00e9nementielles n\u00e9cessitant un service caf\u00e9 rapide, efficace et de qualit\u00e9.<\/p>\n<p data-start=\"1290\" data-end=\"1308\">Caract\u00e9ristiques :<\/p>\n<ul data-start=\"1310\" data-end=\"1638\">\n<li data-section-id=\"tmd67i\" data-start=\"1310\" data-end=\"1358\">Machine expresso manuelle design et compacte<\/li>\n<li data-section-id=\"uopqn9\" data-start=\"1359\" data-end=\"1408\">Pression 15 bars pour une extraction optimale<\/li>\n<li data-section-id=\"1weh19g\" data-start=\"1409\" data-end=\"1450\">Compatible caf\u00e9 moulu et dosettes ESE<\/li>\n<li data-section-id=\"1c1jxjv\" data-start=\"1451\" data-end=\"1509\">Buse vapeur pour boissons lact\u00e9es (cappuccino, latte\u2026)<\/li>\n<li data-section-id=\"16roxaf\" data-start=\"1510\" data-end=\"1537\">Temps de chauffe rapide<\/li>\n<li data-section-id=\"tajvb4\" data-start=\"1538\" data-end=\"1580\">Panneau de commande simple et intuitif<\/li>\n<li data-section-id=\"10iovud\" data-start=\"1581\" data-end=\"1609\">Bac d\u2019\u00e9gouttage amovible<\/li>\n<li data-section-id=\"1es87wu\" data-start=\"1610\" data-end=\"1638\">R\u00e9servoir d\u2019eau amovible<\/li>\n<\/ul>\n<p data-start=\"1640\" data-end=\"1652\">Dimensions :<\/p>\n<ul data-start=\"1654\" data-end=\"1741\">\n<li data-section-id=\"3g1y0y\" data-start=\"1654\" data-end=\"1673\">Largeur : 15 cm<\/li>\n<li data-section-id=\"6w7h2o\" data-start=\"1674\" data-end=\"1696\">Profondeur : 33 cm<\/li>\n<li data-section-id=\"19pvmc5\" data-start=\"1697\" data-end=\"1716\">Hauteur : 30 cm<\/li>\n<li data-section-id=\"48l98s\" data-start=\"1717\" data-end=\"1741\">Poids : environ 4 kg<\/li>\n<\/ul>\n<p data-start=\"1743\" data-end=\"1882\">Id\u00e9al pour :<br data-start=\"1755\" data-end=\"1758\" \/>s\u00e9minaire, r\u00e9union, r\u00e9ception d\u2019entreprise, espace VIP, salon professionnel, \u00e9v\u00e9nement corporate, pause caf\u00e9 \u00e9v\u00e9nementielle.<\/p>\n","protected":false},"excerpt":{"rendered":"<p>Location des Ducs vous propose \u00e0 la location la machine \u00e0 caf\u00e9 expresso manuelle D\u00e9longhi. Offrez \u00e0 vos invit\u00e9s une &hellip; <a href=\"https:\/\/locationdesducs.fr\/?product=machine-a-cafe-delonghi\" class=\"more-link\"><span class=\"more-button\">Voir plus &#8230;<span class=\"screen-reader-text\">Machine \u00e0 caf\u00e9 D\u00e9longhi<\/span><\/span><\/a><\/p>\n","protected":false},"featured_media":9038,"template":"","meta":[],"product_brand":[],"product_cat":[67,84],"product_tag":[81,75,79,77,76,78],"class_list":{"0":"post-9034","1":"product","2":"type-product","3":"status-publish","4":"has-post-thumbnail","6":"product_cat-electromenager","7":"product_cat-pack-salon-exposition","8":"product_tag-cocktail","9":"product_tag-location","10":"product_tag-mariage","11":"product_tag-reunion","12":"product_tag-salon-exposition","13":"product_tag-seminaire","15":"first","16":"instock","17":"taxable","18":"shipping-taxable","19":"purchasable","20":"product-type-simple"},"jetpack_sharing_enabled":true,"_links":{"self":[{"href":"https:\/\/locationdesducs.fr\/index.php?rest_route=\/wp\/v2\/product\/9034","targetHints":{"allow":["GET"]}}],"collection":[{"href":"https:\/\/locationdesducs.fr\/index.php?rest_route=\/wp\/v2\/product"}],"about":[{"href":"https:\/\/locationdesducs.fr\/index.php?rest_route=\/wp\/v2\/types\/product"}],"wp:featuredmedia":[{"embeddable":true,"href":"https:\/\/locationdesducs.fr\/index.php?rest_route=\/wp\/v2\/media\/9038"}],"wp:attachment":[{"href":"https:\/\/locationdesducs.fr\/index.php?rest_route=%2Fwp%2Fv2%2Fmedia&parent=9034"}],"wp:term":[{"taxonomy":"product_brand","embeddable":true,"href":"https:\/\/locationdesducs.fr\/index.php?rest_route=%2Fwp%2Fv2%2Fproduct_brand&post=9034"},{"taxonomy":"product_cat","embeddable":true,"href":"https:\/\/locationdesducs.fr\/index.php?rest_route=%2Fwp%2Fv2%2Fproduct_cat&post=9034"},{"taxonomy":"product_tag","embeddable":true,"href":"https:\/\/locationdesducs.fr\/index.php?rest_route=%2Fwp%2Fv2%2Fproduct_tag&post=9034"}],"curies":[{"name":"wp","href":"https:\/\/api.w.org\/{rel}","templated":true}]}}