{"id":8911,"date":"2026-02-20T15:56:12","date_gmt":"2026-02-20T14:56:12","guid":{"rendered":"https:\/\/locationdesducs.fr\/?post_type=product&#038;p=8911"},"modified":"2026-02-20T16:11:43","modified_gmt":"2026-02-20T15:11:43","slug":"par-led-phocea-light-par-hydro-9-ip","status":"publish","type":"product","link":"https:\/\/locationdesducs.fr\/?product=par-led-phocea-light-par-hydro-9-ip","title":{"rendered":"PAR LED Phocea Light \u2013 PAR Hydro 9 IP"},"content":{"rendered":"<p data-start=\"197\" data-end=\"542\">Le <strong data-start=\"200\" data-end=\"234\">PAR Hydro 9 IP de Phocea Light<\/strong> est un projecteur LED puissant et polyvalent, con\u00e7u pour les environnements \u00e9v\u00e9nementiels exigeants, en int\u00e9rieur comme en ext\u00e9rieur. Gr\u00e2ce \u00e0 son indice de protection <strong data-start=\"402\" data-end=\"408\">IP<\/strong>, il est parfaitement adapt\u00e9 aux installations expos\u00e9es \u00e0 l\u2019humidit\u00e9, aux projections d\u2019eau ou aux conditions ext\u00e9rieures temporaires.<\/p>\n<p data-start=\"544\" data-end=\"896\">\u00c9quip\u00e9 de <strong data-start=\"554\" data-end=\"579\">9 LED haute puissance<\/strong>, ce PAR offre un \u00e9clairage homog\u00e8ne et intense, id\u00e9al pour la mise en lumi\u00e8re architecturale, l\u2019\u00e9clairage sc\u00e9nique, les ambiances d\u00e9coratives ou le soulignement de volumes et de structures. Il permet de cr\u00e9er des atmosph\u00e8res color\u00e9es pr\u00e9cises et dynamiques, aussi bien pour des \u00e9v\u00e9nements professionnels que festifs.<\/p>\n<p data-start=\"898\" data-end=\"1243\">Le <strong data-start=\"901\" data-end=\"919\">PAR Hydro 9 IP<\/strong> dispose d\u2019un pilotage <strong data-start=\"942\" data-end=\"949\">DMX<\/strong>, d\u2019un \u00e9cran de contr\u00f4le int\u00e9gr\u00e9 \u00e0 l\u2019arri\u00e8re pour un r\u00e9glage simple et rapide, ainsi que de connectiques <strong data-start=\"1054\" data-end=\"1078\">Power IN \/ Power OUT<\/strong> facilitant le cha\u00eenage \u00e9lectrique. Sa double lyre de fixation permet une installation au sol ou sur structure, avec une grande stabilit\u00e9 et une orientation pr\u00e9cise.<\/p>\n<p data-start=\"1245\" data-end=\"1398\">Robuste, fiable et performant, ce projecteur est particuli\u00e8rement adapt\u00e9 aux \u00e9v\u00e9nements n\u00e9cessitant un mat\u00e9riel durable, esth\u00e9tique et facile \u00e0 int\u00e9grer.<\/p>\n<p data-start=\"1400\" data-end=\"1434\"><strong data-start=\"1400\" data-end=\"1434\">Caract\u00e9ristiques principales :<\/strong><\/p>\n<ul data-start=\"1435\" data-end=\"1836\">\n<li data-start=\"1435\" data-end=\"1471\">\n<p data-start=\"1437\" data-end=\"1471\">Projecteur PAR LED professionnel<\/p>\n<\/li>\n<li data-start=\"1472\" data-end=\"1542\">\n<p data-start=\"1474\" data-end=\"1542\">Indice de protection <strong data-start=\"1495\" data-end=\"1501\">IP<\/strong> (utilisation int\u00e9rieure et ext\u00e9rieure)<\/p>\n<\/li>\n<li data-start=\"1543\" data-end=\"1610\">\n<p data-start=\"1545\" data-end=\"1610\"><strong data-start=\"1545\" data-end=\"1570\">9 LED haute puissance<\/strong> pour un \u00e9clairage intense et homog\u00e8ne<\/p>\n<\/li>\n<li data-start=\"1611\" data-end=\"1661\">\n<p data-start=\"1613\" data-end=\"1661\">Contr\u00f4le <strong data-start=\"1622\" data-end=\"1629\">DMX<\/strong> + \u00e9cran de navigation int\u00e9gr\u00e9<\/p>\n<\/li>\n<li data-start=\"1662\" data-end=\"1713\">\n<p data-start=\"1664\" data-end=\"1713\">Connectiques Power IN \/ Power OUT pour cha\u00eenage<\/p>\n<\/li>\n<li data-start=\"1714\" data-end=\"1770\">\n<p data-start=\"1716\" data-end=\"1770\">Installation au sol ou sur structure gr\u00e2ce \u00e0 sa lyre<\/p>\n<\/li>\n<li data-start=\"1771\" data-end=\"1836\">\n<p data-start=\"1773\" data-end=\"1836\">Id\u00e9al pour \u00e9clairage architectural, d\u00e9coratif et \u00e9v\u00e9nementiel<\/p>\n<\/li>\n<\/ul>\n","protected":false},"excerpt":{"rendered":"<p>Le PAR Hydro 9 IP de Phocea Light est un projecteur LED puissant et polyvalent, con\u00e7u pour les environnements \u00e9v\u00e9nementiels &hellip; <a href=\"https:\/\/locationdesducs.fr\/?product=par-led-phocea-light-par-hydro-9-ip\" class=\"more-link\"><span class=\"more-button\">Voir plus &#8230;<span class=\"screen-reader-text\">PAR LED Phocea Light \u2013 PAR Hydro 9 IP<\/span><\/span><\/a><\/p>\n","protected":false},"featured_media":8914,"template":"","meta":[],"product_brand":[],"product_cat":[61,71,85],"product_tag":[80,81,82,75,79],"class_list":{"0":"post-8911","1":"product","2":"type-product","3":"status-publish","4":"has-post-thumbnail","6":"product_cat-decoration-accessoires","7":"product_cat-lumiere","8":"product_cat-pack-dj-sonorisation","9":"product_tag-anniversaire","10":"product_tag-cocktail","11":"product_tag-dj","12":"product_tag-location","13":"product_tag-mariage","15":"first","16":"instock","17":"taxable","18":"shipping-taxable","19":"purchasable","20":"product-type-simple"},"jetpack_sharing_enabled":true,"_links":{"self":[{"href":"https:\/\/locationdesducs.fr\/index.php?rest_route=\/wp\/v2\/product\/8911","targetHints":{"allow":["GET"]}}],"collection":[{"href":"https:\/\/locationdesducs.fr\/index.php?rest_route=\/wp\/v2\/product"}],"about":[{"href":"https:\/\/locationdesducs.fr\/index.php?rest_route=\/wp\/v2\/types\/product"}],"wp:featuredmedia":[{"embeddable":true,"href":"https:\/\/locationdesducs.fr\/index.php?rest_route=\/wp\/v2\/media\/8914"}],"wp:attachment":[{"href":"https:\/\/locationdesducs.fr\/index.php?rest_route=%2Fwp%2Fv2%2Fmedia&parent=8911"}],"wp:term":[{"taxonomy":"product_brand","embeddable":true,"href":"https:\/\/locationdesducs.fr\/index.php?rest_route=%2Fwp%2Fv2%2Fproduct_brand&post=8911"},{"taxonomy":"product_cat","embeddable":true,"href":"https:\/\/locationdesducs.fr\/index.php?rest_route=%2Fwp%2Fv2%2Fproduct_cat&post=8911"},{"taxonomy":"product_tag","embeddable":true,"href":"https:\/\/locationdesducs.fr\/index.php?rest_route=%2Fwp%2Fv2%2Fproduct_tag&post=8911"}],"curies":[{"name":"wp","href":"https:\/\/api.w.org\/{rel}","templated":true}]}}