{"id":8890,"date":"2026-02-17T10:57:18","date_gmt":"2026-02-17T09:57:18","guid":{"rendered":"https:\/\/locationdesducs.fr\/?post_type=product&#038;p=8890"},"modified":"2026-03-12T09:15:09","modified_gmt":"2026-03-12T08:15:09","slug":"banques-daccueil-evenementielles-en-bois-location","status":"publish","type":"product","link":"https:\/\/locationdesducs.fr\/?product=banques-daccueil-evenementielles-en-bois-location","title":{"rendered":"Banques d\u2019accueil \u00e9v\u00e9nementielles en bois"},"content":{"rendered":"<p><strong>Location des ducs <\/strong>propose\u00a0\u00e0 la location <strong data-start=\"320\" data-end=\"372\">deux banques d\u2019accueil \u00e9v\u00e9nementielles assorties. <\/strong>Leur esth\u00e9tique en bois naturel apporte imm\u00e9diatement une atmosph\u00e8re <strong data-start=\"524\" data-end=\"569\">chaleureuse, authentique et haut de gamme<\/strong>, parfaitement adapt\u00e9e aux \u00e9v\u00e9nements professionnels comme aux formats plus conviviaux.<\/p>\n<p data-start=\"658\" data-end=\"689\">Ces banques sont id\u00e9ales pour :<\/p>\n<ul data-start=\"690\" data-end=\"919\">\n<li data-start=\"690\" data-end=\"726\">\n<p data-start=\"692\" data-end=\"726\">accueil visiteurs \/ participants<\/p>\n<\/li>\n<li data-start=\"727\" data-end=\"760\">\n<p data-start=\"729\" data-end=\"760\">stands d\u2019exposition et salons<\/p>\n<\/li>\n<li data-start=\"761\" data-end=\"803\">\n<p data-start=\"763\" data-end=\"803\">comptoir d\u2019inscription ou d\u2019\u00e9margement<\/p>\n<\/li>\n<li data-start=\"804\" data-end=\"843\">\n<p data-start=\"806\" data-end=\"843\">bars \u00e9ph\u00e9m\u00e8res ou points de service<\/p>\n<\/li>\n<li data-start=\"844\" data-end=\"919\">\n<p data-start=\"846\" data-end=\"919\">espaces d\u2019accueil lors de s\u00e9minaires, soir\u00e9es ou lancements de produits<\/p>\n<\/li>\n<\/ul>\n<p data-start=\"921\" data-end=\"1071\">Elles peuvent \u00eatre utilis\u00e9es <strong data-start=\"950\" data-end=\"970\">individuellement<\/strong> ou <strong data-start=\"974\" data-end=\"986\">ensemble<\/strong>, notamment pour cr\u00e9er un lin\u00e9aire plus long ou jouer sur un effet de double hauteur.<\/p>\n<h4 data-start=\"1073\" data-end=\"1113\">Dimensions disponibles (au choix) :<\/h4>\n<ul data-start=\"1114\" data-end=\"1328\">\n<li data-start=\"1114\" data-end=\"1220\">\n<p data-start=\"1116\" data-end=\"1220\"><strong data-start=\"1116\" data-end=\"1152\">Banque d\u2019accueil \u2013 Version haute<\/strong><br data-start=\"1152\" data-end=\"1155\" \/>Hauteur : 120 cm<br data-start=\"1173\" data-end=\"1176\" \/>Longueur : 105 cm<br data-start=\"1195\" data-end=\"1198\" \/>Profondeur : 50 cm<\/p>\n<\/li>\n<li data-start=\"1222\" data-end=\"1328\">\n<p data-start=\"1224\" data-end=\"1328\"><strong data-start=\"1224\" data-end=\"1260\">Banque d\u2019accueil \u2013 Version basse<\/strong><br data-start=\"1260\" data-end=\"1263\" \/>Hauteur : 110 cm<br data-start=\"1281\" data-end=\"1284\" \/>Longueur : 105 cm<br data-start=\"1303\" data-end=\"1306\" \/>Profondeur : 50 cm<\/p>\n<\/li>\n<\/ul>\n<h4 data-start=\"1330\" data-end=\"1349\">Points forts :<\/h4>\n<ul data-start=\"1350\" data-end=\"1650\">\n<li data-start=\"1350\" data-end=\"1396\">\n<p data-start=\"1352\" data-end=\"1396\">Design bois naturel, \u00e9l\u00e9gant et intemporel<\/p>\n<\/li>\n<li data-start=\"1397\" data-end=\"1461\">\n<p data-start=\"1399\" data-end=\"1461\">Structure stable et robuste, adapt\u00e9e \u00e0 un usage \u00e9v\u00e9nementiel<\/p>\n<\/li>\n<li data-start=\"1462\" data-end=\"1525\">\n<p data-start=\"1464\" data-end=\"1525\">Format compact, facile \u00e0 int\u00e9grer dans tous types d\u2019espaces<\/p>\n<\/li>\n<li data-start=\"1526\" data-end=\"1566\">\n<p data-start=\"1528\" data-end=\"1566\">Utilisation possible seule ou en duo<\/p>\n<\/li>\n<li data-start=\"1567\" data-end=\"1650\">\n<p data-start=\"1569\" data-end=\"1650\">Parfaite coh\u00e9rence visuelle avec des univers professionnels, lounges ou festifs<\/p>\n<\/li>\n<\/ul>\n<h4 data-start=\"1652\" data-end=\"1678\">Options de location :<\/h4>\n<ul data-start=\"1679\" data-end=\"1877\">\n<li data-start=\"1679\" data-end=\"1734\">\n<p data-start=\"1681\" data-end=\"1734\">Location <strong data-start=\"1690\" data-end=\"1715\">d\u2019une banque au choix<\/strong> (haute ou basse)<\/p>\n<\/li>\n<li data-start=\"1735\" data-end=\"1806\">\n<p data-start=\"1737\" data-end=\"1806\">Location <strong data-start=\"1746\" data-end=\"1775\">des deux banques ensemble<\/strong> pour un rendu plus impactant<\/p>\n<\/li>\n<li data-start=\"1807\" data-end=\"1829\">\n<p data-start=\"1809\" data-end=\"1829\">Livraison possible<\/p>\n<\/li>\n<li data-start=\"1830\" data-end=\"1877\">\n<p data-start=\"1832\" data-end=\"1877\">Livraison + installation sur site (en option)<\/p>\n<\/li>\n<\/ul>\n","protected":false},"excerpt":{"rendered":"<p>Location des ducs propose\u00a0\u00e0 la location deux banques d\u2019accueil \u00e9v\u00e9nementielles assorties. Leur esth\u00e9tique en bois naturel apporte imm\u00e9diatement une atmosph\u00e8re &hellip; <a href=\"https:\/\/locationdesducs.fr\/?product=banques-daccueil-evenementielles-en-bois-location\" class=\"more-link\"><span class=\"more-button\">Voir plus &#8230;<span class=\"screen-reader-text\">Banques d\u2019accueil \u00e9v\u00e9nementielles en bois<\/span><\/span><\/a><\/p>\n","protected":false},"featured_media":8892,"template":"","meta":[],"product_brand":[],"product_cat":[64,89,59,53,86,84,74,58],"product_tag":[75,77,76,78],"class_list":{"0":"post-8890","1":"product","2":"type-product","3":"status-publish","4":"has-post-thumbnail","6":"product_cat-autres-mobiliers","7":"product_cat-banque-daccueil","8":"product_cat-mange-debouts","9":"product_cat-mobilier","10":"product_cat-pack-evenements-professionnels","11":"product_cat-pack-salon-exposition","12":"product_cat-popular","13":"product_cat-tables","14":"product_tag-location","15":"product_tag-reunion","16":"product_tag-salon-exposition","17":"product_tag-seminaire","19":"first","20":"instock","21":"taxable","22":"shipping-taxable","23":"purchasable","24":"product-type-simple"},"jetpack_sharing_enabled":true,"_links":{"self":[{"href":"https:\/\/locationdesducs.fr\/index.php?rest_route=\/wp\/v2\/product\/8890","targetHints":{"allow":["GET"]}}],"collection":[{"href":"https:\/\/locationdesducs.fr\/index.php?rest_route=\/wp\/v2\/product"}],"about":[{"href":"https:\/\/locationdesducs.fr\/index.php?rest_route=\/wp\/v2\/types\/product"}],"wp:featuredmedia":[{"embeddable":true,"href":"https:\/\/locationdesducs.fr\/index.php?rest_route=\/wp\/v2\/media\/8892"}],"wp:attachment":[{"href":"https:\/\/locationdesducs.fr\/index.php?rest_route=%2Fwp%2Fv2%2Fmedia&parent=8890"}],"wp:term":[{"taxonomy":"product_brand","embeddable":true,"href":"https:\/\/locationdesducs.fr\/index.php?rest_route=%2Fwp%2Fv2%2Fproduct_brand&post=8890"},{"taxonomy":"product_cat","embeddable":true,"href":"https:\/\/locationdesducs.fr\/index.php?rest_route=%2Fwp%2Fv2%2Fproduct_cat&post=8890"},{"taxonomy":"product_tag","embeddable":true,"href":"https:\/\/locationdesducs.fr\/index.php?rest_route=%2Fwp%2Fv2%2Fproduct_tag&post=8890"}],"curies":[{"name":"wp","href":"https:\/\/api.w.org\/{rel}","templated":true}]}}