{"id":8853,"date":"2026-02-05T17:43:30","date_gmt":"2026-02-05T16:43:30","guid":{"rendered":"https:\/\/locationdesducs.fr\/?post_type=product&#038;p=8853"},"modified":"2026-02-05T17:43:49","modified_gmt":"2026-02-05T16:43:49","slug":"location-photobooth-a-saint-apollinaire","status":"publish","type":"product","link":"https:\/\/locationdesducs.fr\/?product=location-photobooth-a-saint-apollinaire","title":{"rendered":"Location Photobooth \u00e0 Saint-Apollinaire"},"content":{"rendered":"<p>Location des Ducs vous propose \u00e0 la location <strong>des<\/strong><b> photobooth \u00e0 Saint-Apollinaire.<\/b><\/p>\n<p>Que ce soit pour un mariage, un \u00e9v\u00e9nement d\u2019entreprise ou tout autre \u00e9v\u00e9nement, elles ajouteront une touche de fun.<span class=\"Apple-converted-space\">\u00a0<\/span><\/p>\n<ul>\n<li>\u00a0400 tirages instantan\u00e9es<span class=\"Apple-converted-space\">\u00a0<\/span><\/li>\n<li>Cadre personnalisable<span class=\"Apple-converted-space\">\u00a0<\/span><\/li>\n<li>T\u00e9l\u00e9chargez gratuitement en illimit\u00e9 vos photos via un QR code sur place<\/li>\n<\/ul>\n<p>Pour 390\u20ac TTC tout est compris, de la livraison dans Dijon, \u00a0son installation et \u00e0 la personnalisation de la maquette \u00e0 l\u2019image de votre \u00e9v\u00e8nement.<span class=\"Apple-converted-space\">\u00a0<\/span><\/p>\n","protected":false},"excerpt":{"rendered":"<p>Location des Ducs vous propose \u00e0 la location des photobooth \u00e0 Saint-Apollinaire. Que ce soit pour un mariage, un \u00e9v\u00e9nement &hellip; <a href=\"https:\/\/locationdesducs.fr\/?product=location-photobooth-a-saint-apollinaire\" class=\"more-link\"><span class=\"more-button\">Voir plus &#8230;<span class=\"screen-reader-text\">Location Photobooth \u00e0 Saint-Apollinaire<\/span><\/span><\/a><\/p>\n","protected":false},"featured_media":8824,"template":"","meta":[],"product_brand":[],"product_cat":[51],"product_tag":[],"class_list":{"0":"post-8853","1":"product","2":"type-product","3":"status-publish","4":"has-post-thumbnail","6":"product_cat-non-classe","8":"first","9":"instock","10":"taxable","11":"shipping-taxable","12":"purchasable","13":"product-type-simple"},"jetpack_sharing_enabled":true,"_links":{"self":[{"href":"https:\/\/locationdesducs.fr\/index.php?rest_route=\/wp\/v2\/product\/8853","targetHints":{"allow":["GET"]}}],"collection":[{"href":"https:\/\/locationdesducs.fr\/index.php?rest_route=\/wp\/v2\/product"}],"about":[{"href":"https:\/\/locationdesducs.fr\/index.php?rest_route=\/wp\/v2\/types\/product"}],"wp:featuredmedia":[{"embeddable":true,"href":"https:\/\/locationdesducs.fr\/index.php?rest_route=\/wp\/v2\/media\/8824"}],"wp:attachment":[{"href":"https:\/\/locationdesducs.fr\/index.php?rest_route=%2Fwp%2Fv2%2Fmedia&parent=8853"}],"wp:term":[{"taxonomy":"product_brand","embeddable":true,"href":"https:\/\/locationdesducs.fr\/index.php?rest_route=%2Fwp%2Fv2%2Fproduct_brand&post=8853"},{"taxonomy":"product_cat","embeddable":true,"href":"https:\/\/locationdesducs.fr\/index.php?rest_route=%2Fwp%2Fv2%2Fproduct_cat&post=8853"},{"taxonomy":"product_tag","embeddable":true,"href":"https:\/\/locationdesducs.fr\/index.php?rest_route=%2Fwp%2Fv2%2Fproduct_tag&post=8853"}],"curies":[{"name":"wp","href":"https:\/\/api.w.org\/{rel}","templated":true}]}}