{"id":8817,"date":"2026-02-03T09:39:29","date_gmt":"2026-02-03T08:39:29","guid":{"rendered":"https:\/\/locationdesducs.fr\/?post_type=product&#038;p=8817"},"modified":"2026-02-19T12:03:30","modified_gmt":"2026-02-19T11:03:30","slug":"chaise-victoria-transparente","status":"publish","type":"product","link":"https:\/\/locationdesducs.fr\/?product=chaise-victoria-transparente","title":{"rendered":"Chaise Victoria transparente"},"content":{"rendered":"<p><strong>Location des Ducs<\/strong> vous propose \u00e0 la location des\u00a0<strong>chaises victoria transparentes<\/strong>,<\/p>\n<p data-start=\"271\" data-end=\"660\">La <strong data-start=\"274\" data-end=\"306\">chaise Victoria transparente<\/strong> est un incontournable du mobilier \u00e9v\u00e9nementiel haut de gamme. Avec son design inspir\u00e9 du style <em data-start=\"402\" data-end=\"409\">Ghost<\/em>, elle apporte une touche <strong data-start=\"435\" data-end=\"468\">chic, moderne et intemporelle<\/strong> \u00e0 tous types de r\u00e9ceptions. Sa transparence permet d\u2019all\u00e9ger visuellement les espaces et de s\u2019int\u00e9grer harmonieusement \u00e0 toutes les sc\u00e9nographies, quels que soient les th\u00e8mes ou les couleurs.<\/p>\n<p data-start=\"662\" data-end=\"941\">\u00c0 la fois \u00e9l\u00e9gante et fonctionnelle, cette chaise est id\u00e9ale pour les <strong data-start=\"732\" data-end=\"817\">d\u00eeners assis, c\u00e9r\u00e9monies, mariages, r\u00e9ceptions d\u2019entreprise et \u00e9v\u00e9nements premium<\/strong>. Son design raffin\u00e9 met en valeur les tables et les d\u00e9cors, tout en offrant un excellent confort d\u2019assise pour vos invit\u00e9s.<\/p>\n<p data-start=\"943\" data-end=\"967\"><strong data-start=\"943\" data-end=\"965\">Caract\u00e9ristiques :<\/strong><\/p>\n<ul data-start=\"968\" data-end=\"1182\">\n<li data-start=\"968\" data-end=\"1014\">\n<p data-start=\"970\" data-end=\"1014\">Chaise transparente style Victoria \/ Ghost<\/p>\n<\/li>\n<li data-start=\"1015\" data-end=\"1049\">\n<p data-start=\"1017\" data-end=\"1049\">Design \u00e9l\u00e9gant et contemporain<\/p>\n<\/li>\n<li data-start=\"1050\" data-end=\"1081\">\n<p data-start=\"1052\" data-end=\"1081\">Structure robuste et stable<\/p>\n<\/li>\n<li data-start=\"1082\" data-end=\"1122\">\n<p data-start=\"1084\" data-end=\"1122\">Mobilier l\u00e9ger et facile \u00e0 installer<\/p>\n<\/li>\n<li data-start=\"1123\" data-end=\"1182\">\n<p data-start=\"1125\" data-end=\"1182\">Adapt\u00e9e aux \u00e9v\u00e9nements int\u00e9rieurs et ext\u00e9rieurs abrit\u00e9s<\/p>\n<\/li>\n<\/ul>\n<p data-start=\"1184\" data-end=\"1320\"><strong data-start=\"1184\" data-end=\"1201\">Id\u00e9ale pour :<\/strong><br data-start=\"1201\" data-end=\"1204\" \/>mariage, c\u00e9r\u00e9monie, d\u00eener assis, r\u00e9ception d\u2019entreprise, \u00e9v\u00e9nement haut de gamme, gala, sc\u00e9nographie \u00e9v\u00e9nementielle.<\/p>\n","protected":false},"excerpt":{"rendered":"<p>Location des Ducs vous propose \u00e0 la location des\u00a0chaises victoria transparentes, La chaise Victoria transparente est un incontournable du mobilier &hellip; <a href=\"https:\/\/locationdesducs.fr\/?product=chaise-victoria-transparente\" class=\"more-link\"><span class=\"more-button\">Voir plus &#8230;<span class=\"screen-reader-text\">Chaise Victoria transparente<\/span><\/span><\/a><\/p>\n","protected":false},"featured_media":8822,"template":"","meta":[],"product_brand":[],"product_cat":[52,55],"product_tag":[80,81,75,79,78],"class_list":{"0":"post-8817","1":"product","2":"type-product","3":"status-publish","4":"has-post-thumbnail","6":"product_cat-assises","7":"product_cat-chaises","8":"product_tag-anniversaire","9":"product_tag-cocktail","10":"product_tag-location","11":"product_tag-mariage","12":"product_tag-seminaire","14":"first","15":"instock","16":"taxable","17":"shipping-taxable","18":"purchasable","19":"product-type-simple"},"jetpack_sharing_enabled":true,"_links":{"self":[{"href":"https:\/\/locationdesducs.fr\/index.php?rest_route=\/wp\/v2\/product\/8817","targetHints":{"allow":["GET"]}}],"collection":[{"href":"https:\/\/locationdesducs.fr\/index.php?rest_route=\/wp\/v2\/product"}],"about":[{"href":"https:\/\/locationdesducs.fr\/index.php?rest_route=\/wp\/v2\/types\/product"}],"wp:featuredmedia":[{"embeddable":true,"href":"https:\/\/locationdesducs.fr\/index.php?rest_route=\/wp\/v2\/media\/8822"}],"wp:attachment":[{"href":"https:\/\/locationdesducs.fr\/index.php?rest_route=%2Fwp%2Fv2%2Fmedia&parent=8817"}],"wp:term":[{"taxonomy":"product_brand","embeddable":true,"href":"https:\/\/locationdesducs.fr\/index.php?rest_route=%2Fwp%2Fv2%2Fproduct_brand&post=8817"},{"taxonomy":"product_cat","embeddable":true,"href":"https:\/\/locationdesducs.fr\/index.php?rest_route=%2Fwp%2Fv2%2Fproduct_cat&post=8817"},{"taxonomy":"product_tag","embeddable":true,"href":"https:\/\/locationdesducs.fr\/index.php?rest_route=%2Fwp%2Fv2%2Fproduct_tag&post=8817"}],"curies":[{"name":"wp","href":"https:\/\/api.w.org\/{rel}","templated":true}]}}