{"id":8806,"date":"2026-02-02T14:37:43","date_gmt":"2026-02-02T13:37:43","guid":{"rendered":"https:\/\/locationdesducs.fr\/?post_type=product&#038;p=8806"},"modified":"2026-02-19T12:05:01","modified_gmt":"2026-02-19T11:05:01","slug":"chaise-metalix-bleu-nuit","status":"publish","type":"product","link":"https:\/\/locationdesducs.fr\/?product=chaise-metalix-bleu-nuit","title":{"rendered":"Chaise M\u00e9talix Bleu Nuit"},"content":{"rendered":"<p><strong>Location des Ducs<\/strong> vous propose \u00e0 la location des\u00a0<strong>chaises m\u00e9talix bleu nuit<\/strong>,<\/p>\n<p>Parfaite pour ajouter une touche <strong>industrielle chic<\/strong> \u00e0 vos <strong>\u00e9v\u00e9nements<\/strong>, <strong>r\u00e9ceptions<\/strong> et <strong>espaces de restauration<\/strong>. Cette <strong>chaise embl\u00e9matique<\/strong>, reconnue pour son design robuste et son style intemporel, est fabriqu\u00e9e en <strong>acier de haute qualit\u00e9<\/strong> avec une finition noire \u00e9l\u00e9gante.<\/p>\n<p>Elle est non seulement <strong>esth\u00e9tique<\/strong>, mais aussi <strong>fonctionnelle<\/strong> et <strong>confortable<\/strong>, id\u00e9ale pour cr\u00e9er une ambiance moderne et sophistiqu\u00e9e.<\/p>\n","protected":false},"excerpt":{"rendered":"<p>Location des Ducs vous propose \u00e0 la location des\u00a0chaises m\u00e9talix bleu nuit, Parfaite pour ajouter une touche industrielle chic \u00e0 &hellip; <a href=\"https:\/\/locationdesducs.fr\/?product=chaise-metalix-bleu-nuit\" class=\"more-link\"><span class=\"more-button\">Voir plus &#8230;<span class=\"screen-reader-text\">Chaise M\u00e9talix Bleu Nuit<\/span><\/span><\/a><\/p>\n","protected":false},"featured_media":8808,"template":"","meta":[],"product_brand":[],"product_cat":[52,55],"product_tag":[80,81,75,79,78],"class_list":{"0":"post-8806","1":"product","2":"type-product","3":"status-publish","4":"has-post-thumbnail","6":"product_cat-assises","7":"product_cat-chaises","8":"product_tag-anniversaire","9":"product_tag-cocktail","10":"product_tag-location","11":"product_tag-mariage","12":"product_tag-seminaire","14":"first","15":"instock","16":"taxable","17":"shipping-taxable","18":"purchasable","19":"product-type-simple"},"jetpack_sharing_enabled":true,"_links":{"self":[{"href":"https:\/\/locationdesducs.fr\/index.php?rest_route=\/wp\/v2\/product\/8806","targetHints":{"allow":["GET"]}}],"collection":[{"href":"https:\/\/locationdesducs.fr\/index.php?rest_route=\/wp\/v2\/product"}],"about":[{"href":"https:\/\/locationdesducs.fr\/index.php?rest_route=\/wp\/v2\/types\/product"}],"wp:featuredmedia":[{"embeddable":true,"href":"https:\/\/locationdesducs.fr\/index.php?rest_route=\/wp\/v2\/media\/8808"}],"wp:attachment":[{"href":"https:\/\/locationdesducs.fr\/index.php?rest_route=%2Fwp%2Fv2%2Fmedia&parent=8806"}],"wp:term":[{"taxonomy":"product_brand","embeddable":true,"href":"https:\/\/locationdesducs.fr\/index.php?rest_route=%2Fwp%2Fv2%2Fproduct_brand&post=8806"},{"taxonomy":"product_cat","embeddable":true,"href":"https:\/\/locationdesducs.fr\/index.php?rest_route=%2Fwp%2Fv2%2Fproduct_cat&post=8806"},{"taxonomy":"product_tag","embeddable":true,"href":"https:\/\/locationdesducs.fr\/index.php?rest_route=%2Fwp%2Fv2%2Fproduct_tag&post=8806"}],"curies":[{"name":"wp","href":"https:\/\/api.w.org\/{rel}","templated":true}]}}