{"id":8781,"date":"2026-01-06T12:35:45","date_gmt":"2026-01-06T11:35:45","guid":{"rendered":"https:\/\/locationdesducs.fr\/?post_type=product&#038;p=8781"},"modified":"2026-03-11T14:10:59","modified_gmt":"2026-03-11T13:10:59","slug":"fauteuil-en-peau-de-mouton","status":"publish","type":"product","link":"https:\/\/locationdesducs.fr\/?product=fauteuil-en-peau-de-mouton","title":{"rendered":"Fauteuil Nicxon en peau de mouton"},"content":{"rendered":"<p><strong>Location des ducs<\/strong> vous propose \u00e0 la location des fauteuils <strong>Fauteuil en peau de mouton<\/strong><\/p>\n<p data-start=\"397\" data-end=\"682\">Apportez une touche <strong data-start=\"417\" data-end=\"459\">\u00e9l\u00e9gante, contemporaine et minimaliste<\/strong> \u00e0 vos \u00e9v\u00e9nements avec le <strong data-start=\"485\" data-end=\"514\">fauteuil Nicxon Shearling<\/strong>. Son design original et ses lignes avant-gardistes en font une pi\u00e8ce forte, id\u00e9ale pour sublimer un espace lounge, une zone d\u2019accueil ou un d\u00e9cor \u00e9v\u00e9nementiel premium.<\/p>\n<p data-start=\"684\" data-end=\"1140\">Sa structure en <strong data-start=\"700\" data-end=\"723\">contreplaqu\u00e9 de pin<\/strong>, associ\u00e9e \u00e0 un <strong data-start=\"739\" data-end=\"787\">rev\u00eatement en polyester effet peau de mouton<\/strong>, offre un rendu \u00e0 la fois chaleureux, moderne et raffin\u00e9. Le travail esth\u00e9tique des pieds, \u00e0 la forme singuli\u00e8re et enti\u00e8rement habill\u00e9s, renforce son caract\u00e8re design et attire naturellement le regard. Son assise confortable, gr\u00e2ce \u00e0 un rembourrage en mousse, permet une utilisation agr\u00e9able lors de r\u00e9ceptions, cocktails ou \u00e9v\u00e9nements professionnels.<\/p>\n<p data-start=\"1142\" data-end=\"1292\">Stable et s\u00e9curis\u00e9, le fauteuil est \u00e9quip\u00e9 de <strong data-start=\"1188\" data-end=\"1212\">patins antid\u00e9rapants<\/strong>, garantissant une parfaite tenue au sol lors des installations \u00e9v\u00e9nementielles.<\/p>\n<p data-start=\"1294\" data-end=\"1318\"><strong data-start=\"1294\" data-end=\"1316\">Caract\u00e9ristiques :<\/strong><\/p>\n<ul data-start=\"1319\" data-end=\"1598\">\n<li data-start=\"1319\" data-end=\"1363\">\n<p data-start=\"1321\" data-end=\"1363\">Fauteuil design avec accoudoirs int\u00e9gr\u00e9s<\/p>\n<\/li>\n<li data-start=\"1364\" data-end=\"1400\">\n<p data-start=\"1366\" data-end=\"1400\">Structure en contreplaqu\u00e9 de pin<\/p>\n<\/li>\n<li data-start=\"1401\" data-end=\"1441\">\n<p data-start=\"1403\" data-end=\"1441\">Rev\u00eatement polyester effet shearling<\/p>\n<\/li>\n<li data-start=\"1442\" data-end=\"1498\">\n<p data-start=\"1444\" data-end=\"1498\">Assise et dossier rembourr\u00e9s pour un confort optimal<\/p>\n<\/li>\n<li data-start=\"1499\" data-end=\"1552\">\n<p data-start=\"1501\" data-end=\"1552\">Patins antid\u00e9rapants pour une meilleure stabilit\u00e9<\/p>\n<\/li>\n<li data-start=\"1553\" data-end=\"1598\">\n<p data-start=\"1555\" data-end=\"1598\">Mobilier adapt\u00e9 aux \u00e9v\u00e9nements int\u00e9rieurs<\/p>\n<\/li>\n<\/ul>\n<p data-start=\"1600\" data-end=\"1736\"><strong data-start=\"1600\" data-end=\"1616\">Id\u00e9al pour :<\/strong><br data-start=\"1616\" data-end=\"1619\" \/>espace lounge, r\u00e9ception d\u2019entreprise, mariage, showroom, \u00e9v\u00e9nement corporate, cocktail, sc\u00e9nographie \u00e9v\u00e9nementielle.<\/p>\n","protected":false},"excerpt":{"rendered":"<p>Location des ducs vous propose \u00e0 la location des fauteuils Fauteuil en peau de mouton Apportez une touche \u00e9l\u00e9gante, contemporaine &hellip; <a href=\"https:\/\/locationdesducs.fr\/?product=fauteuil-en-peau-de-mouton\" class=\"more-link\"><span class=\"more-button\">Voir plus &#8230;<span class=\"screen-reader-text\">Fauteuil Nicxon en peau de mouton<\/span><\/span><\/a><\/p>\n","protected":false},"featured_media":8979,"template":"","meta":[],"product_brand":[],"product_cat":[52,57,55,84],"product_tag":[80,81,75,79,78],"class_list":{"0":"post-8781","1":"product","2":"type-product","3":"status-publish","4":"has-post-thumbnail","6":"product_cat-assises","7":"product_cat-canapes","8":"product_cat-chaises","9":"product_cat-pack-salon-exposition","10":"product_tag-anniversaire","11":"product_tag-cocktail","12":"product_tag-location","13":"product_tag-mariage","14":"product_tag-seminaire","16":"first","17":"instock","18":"taxable","19":"shipping-taxable","20":"purchasable","21":"product-type-simple"},"jetpack_sharing_enabled":true,"_links":{"self":[{"href":"https:\/\/locationdesducs.fr\/index.php?rest_route=\/wp\/v2\/product\/8781","targetHints":{"allow":["GET"]}}],"collection":[{"href":"https:\/\/locationdesducs.fr\/index.php?rest_route=\/wp\/v2\/product"}],"about":[{"href":"https:\/\/locationdesducs.fr\/index.php?rest_route=\/wp\/v2\/types\/product"}],"wp:featuredmedia":[{"embeddable":true,"href":"https:\/\/locationdesducs.fr\/index.php?rest_route=\/wp\/v2\/media\/8979"}],"wp:attachment":[{"href":"https:\/\/locationdesducs.fr\/index.php?rest_route=%2Fwp%2Fv2%2Fmedia&parent=8781"}],"wp:term":[{"taxonomy":"product_brand","embeddable":true,"href":"https:\/\/locationdesducs.fr\/index.php?rest_route=%2Fwp%2Fv2%2Fproduct_brand&post=8781"},{"taxonomy":"product_cat","embeddable":true,"href":"https:\/\/locationdesducs.fr\/index.php?rest_route=%2Fwp%2Fv2%2Fproduct_cat&post=8781"},{"taxonomy":"product_tag","embeddable":true,"href":"https:\/\/locationdesducs.fr\/index.php?rest_route=%2Fwp%2Fv2%2Fproduct_tag&post=8781"}],"curies":[{"name":"wp","href":"https:\/\/api.w.org\/{rel}","templated":true}]}}