{"id":8636,"date":"2025-10-29T15:25:25","date_gmt":"2025-10-29T14:25:25","guid":{"rendered":"https:\/\/locationdesducs.fr\/?post_type=product&#038;p=8636"},"modified":"2026-02-19T12:32:57","modified_gmt":"2026-02-19T11:32:57","slug":"chafing-dish-10-l-bain-marie-de-service-inox","status":"publish","type":"product","link":"https:\/\/locationdesducs.fr\/?product=chafing-dish-10-l-bain-marie-de-service-inox","title":{"rendered":"Chafing dish 10 L \u2013 Bain-marie de service inox"},"content":{"rendered":"<p data-start=\"146\" data-end=\"450\">Location des Ducs propose \u00e0 la location :<\/p>\n<p>Assurez un <strong data-start=\"157\" data-end=\"185\">service chaud et \u00e9l\u00e9gant<\/strong> avec notre <strong data-start=\"197\" data-end=\"223\">chafing dish 10 litres<\/strong>, l\u2019\u00e9quipement indispensable pour vos buffets, r\u00e9ceptions et \u00e9v\u00e9nements traiteurs.<br data-start=\"305\" data-end=\"308\" \/>Gr\u00e2ce \u00e0 son syst\u00e8me de <strong data-start=\"331\" data-end=\"356\">chauffe au bain-marie<\/strong>, il maintient vos plats \u00e0 la bonne temp\u00e9rature tout au long du service, sans les dess\u00e9cher.<\/p>\n<p data-start=\"452\" data-end=\"706\">Sa <strong data-start=\"455\" data-end=\"471\">cuve en inox<\/strong> assure une parfaite <strong data-start=\"492\" data-end=\"515\">hygi\u00e8ne alimentaire<\/strong> et une <strong data-start=\"523\" data-end=\"544\">grande r\u00e9sistance<\/strong>, tandis que son couvercle \u00e0 charni\u00e8re facilite le service des convives.<br data-start=\"616\" data-end=\"619\" \/>Id\u00e9al pour tous types de pr\u00e9parations : viandes, l\u00e9gumes, p\u00e2tes, plats en sauce, etc.<\/p>\n<p data-start=\"708\" data-end=\"963\"><strong data-start=\"711\" data-end=\"727\">Dimensions :<\/strong> L 600 x P 370 x H 320 mm<br data-start=\"752\" data-end=\"755\" \/><strong data-start=\"758\" data-end=\"772\">Capacit\u00e9 :<\/strong> 10 litres<br data-start=\"782\" data-end=\"785\" \/><strong data-start=\"788\" data-end=\"802\">Mat\u00e9riau :<\/strong> acier inoxydable<br data-start=\"819\" data-end=\"822\" \/><strong data-start=\"825\" data-end=\"838\" data-is-only-node=\"\">Chauffe :<\/strong> au gel combustible (fourniture en option)<br data-start=\"880\" data-end=\"883\" \/><strong data-start=\"886\" data-end=\"902\">Id\u00e9al pour :<\/strong> buffets, repas traiteur, mariages, \u00e9v\u00e9nements d\u2019entreprise<\/p>\n","protected":false},"excerpt":{"rendered":"<p>Location des Ducs propose \u00e0 la location : Assurez un service chaud et \u00e9l\u00e9gant avec notre chafing dish 10 litres, &hellip; <a href=\"https:\/\/locationdesducs.fr\/?product=chafing-dish-10-l-bain-marie-de-service-inox\" class=\"more-link\"><span class=\"more-button\">Voir plus &#8230;<span class=\"screen-reader-text\">Chafing dish 10 L \u2013 Bain-marie de service inox<\/span><\/span><\/a><\/p>\n","protected":false},"featured_media":8639,"template":"","meta":[],"product_brand":[],"product_cat":[67],"product_tag":[75],"class_list":{"0":"post-8636","1":"product","2":"type-product","3":"status-publish","4":"has-post-thumbnail","6":"product_cat-electromenager","7":"product_tag-location","9":"first","10":"instock","11":"taxable","12":"shipping-taxable","13":"purchasable","14":"product-type-simple"},"jetpack_sharing_enabled":true,"_links":{"self":[{"href":"https:\/\/locationdesducs.fr\/index.php?rest_route=\/wp\/v2\/product\/8636","targetHints":{"allow":["GET"]}}],"collection":[{"href":"https:\/\/locationdesducs.fr\/index.php?rest_route=\/wp\/v2\/product"}],"about":[{"href":"https:\/\/locationdesducs.fr\/index.php?rest_route=\/wp\/v2\/types\/product"}],"wp:featuredmedia":[{"embeddable":true,"href":"https:\/\/locationdesducs.fr\/index.php?rest_route=\/wp\/v2\/media\/8639"}],"wp:attachment":[{"href":"https:\/\/locationdesducs.fr\/index.php?rest_route=%2Fwp%2Fv2%2Fmedia&parent=8636"}],"wp:term":[{"taxonomy":"product_brand","embeddable":true,"href":"https:\/\/locationdesducs.fr\/index.php?rest_route=%2Fwp%2Fv2%2Fproduct_brand&post=8636"},{"taxonomy":"product_cat","embeddable":true,"href":"https:\/\/locationdesducs.fr\/index.php?rest_route=%2Fwp%2Fv2%2Fproduct_cat&post=8636"},{"taxonomy":"product_tag","embeddable":true,"href":"https:\/\/locationdesducs.fr\/index.php?rest_route=%2Fwp%2Fv2%2Fproduct_tag&post=8636"}],"curies":[{"name":"wp","href":"https:\/\/api.w.org\/{rel}","templated":true}]}}