{"id":8634,"date":"2025-10-29T15:19:52","date_gmt":"2025-10-29T14:19:52","guid":{"rendered":"https:\/\/locationdesducs.fr\/?post_type=product&#038;p=8634"},"modified":"2026-02-19T12:32:43","modified_gmt":"2026-02-19T11:32:43","slug":"crachoir-a-vin-accessoire-de-degustation","status":"publish","type":"product","link":"https:\/\/locationdesducs.fr\/?product=crachoir-a-vin-accessoire-de-degustation","title":{"rendered":"Crachoir \u00e0 vin \u2013 Accessoire de d\u00e9gustation"},"content":{"rendered":"<p data-start=\"172\" data-end=\"458\">Location des ducs propose \u00e0 la <strong>location<\/strong> :<\/p>\n<p>Indispensable lors des <strong data-start=\"195\" data-end=\"252\">d\u00e9gustations, salons \u0153nologiques ou \u00e9v\u00e9nements priv\u00e9s<\/strong>, le crachoir \u00e0 vin permet de go\u00fbter plusieurs crus sans alt\u00e9rer les papilles.<br data-start=\"330\" data-end=\"333\" \/>Pratique et hygi\u00e9nique, il est con\u00e7u pour une <strong data-start=\"379\" data-end=\"419\">utilisation individuelle ou partag\u00e9e<\/strong>, selon le format de votre \u00e9v\u00e9nement.<\/p>\n<p data-start=\"460\" data-end=\"692\">Fabriqu\u00e9 en <strong data-start=\"472\" data-end=\"500\">mati\u00e8re rigide et l\u00e9g\u00e8re<\/strong>, il offre une <strong data-start=\"515\" data-end=\"534\">bonne stabilit\u00e9<\/strong> et un entretien facile. Son design sobre s\u2019int\u00e8gre parfaitement \u00e0 tout type d\u2019ambiance, des d\u00e9gustations professionnelles aux ateliers d\u2019initiation au vin.<\/p>\n<p data-start=\"694\" data-end=\"950\">\ud83c\udf77 <strong data-start=\"697\" data-end=\"713\">Contenance :<\/strong> environ 1 \u00e0 2 litres<br data-start=\"734\" data-end=\"737\" \/>\u2699\ufe0f <strong data-start=\"740\" data-end=\"753\">Mati\u00e8re :<\/strong> plastique rigide ou inox (selon disponibilit\u00e9)<br data-start=\"800\" data-end=\"803\" \/>\ud83e\uddfd <strong data-start=\"806\" data-end=\"821\">Entretien :<\/strong> simple rin\u00e7age \u00e0 l\u2019eau claire<br data-start=\"851\" data-end=\"854\" \/>\ud83c\udf89 <strong data-start=\"857\" data-end=\"873\" data-is-only-node=\"\">Id\u00e9al pour :<\/strong> d\u00e9gustations, salons du vin, ateliers \u0153nologiques, \u00e9v\u00e9nements d\u2019entreprise<\/p>\n","protected":false},"excerpt":{"rendered":"<p>Location des ducs propose \u00e0 la location : Indispensable lors des d\u00e9gustations, salons \u0153nologiques ou \u00e9v\u00e9nements priv\u00e9s, le crachoir \u00e0 &hellip; <a href=\"https:\/\/locationdesducs.fr\/?product=crachoir-a-vin-accessoire-de-degustation\" class=\"more-link\"><span class=\"more-button\">Voir plus &#8230;<span class=\"screen-reader-text\">Crachoir \u00e0 vin \u2013 Accessoire de d\u00e9gustation<\/span><\/span><\/a><\/p>\n","protected":false},"featured_media":8635,"template":"","meta":[],"product_brand":[],"product_cat":[61],"product_tag":[81,75,77,76],"class_list":{"0":"post-8634","1":"product","2":"type-product","3":"status-publish","4":"has-post-thumbnail","6":"product_cat-decoration-accessoires","7":"product_tag-cocktail","8":"product_tag-location","9":"product_tag-reunion","10":"product_tag-salon-exposition","12":"first","13":"instock","14":"taxable","15":"shipping-taxable","16":"purchasable","17":"product-type-simple"},"jetpack_sharing_enabled":true,"_links":{"self":[{"href":"https:\/\/locationdesducs.fr\/index.php?rest_route=\/wp\/v2\/product\/8634","targetHints":{"allow":["GET"]}}],"collection":[{"href":"https:\/\/locationdesducs.fr\/index.php?rest_route=\/wp\/v2\/product"}],"about":[{"href":"https:\/\/locationdesducs.fr\/index.php?rest_route=\/wp\/v2\/types\/product"}],"wp:featuredmedia":[{"embeddable":true,"href":"https:\/\/locationdesducs.fr\/index.php?rest_route=\/wp\/v2\/media\/8635"}],"wp:attachment":[{"href":"https:\/\/locationdesducs.fr\/index.php?rest_route=%2Fwp%2Fv2%2Fmedia&parent=8634"}],"wp:term":[{"taxonomy":"product_brand","embeddable":true,"href":"https:\/\/locationdesducs.fr\/index.php?rest_route=%2Fwp%2Fv2%2Fproduct_brand&post=8634"},{"taxonomy":"product_cat","embeddable":true,"href":"https:\/\/locationdesducs.fr\/index.php?rest_route=%2Fwp%2Fv2%2Fproduct_cat&post=8634"},{"taxonomy":"product_tag","embeddable":true,"href":"https:\/\/locationdesducs.fr\/index.php?rest_route=%2Fwp%2Fv2%2Fproduct_tag&post=8634"}],"curies":[{"name":"wp","href":"https:\/\/api.w.org\/{rel}","templated":true}]}}