{"id":8630,"date":"2025-10-29T15:08:20","date_gmt":"2025-10-29T14:08:20","guid":{"rendered":"https:\/\/locationdesducs.fr\/?post_type=product&#038;p=8630"},"modified":"2026-02-19T12:32:20","modified_gmt":"2026-02-19T11:32:20","slug":"lot-de-rehausseurs-pour-table-pliante-20-cm","status":"publish","type":"product","link":"https:\/\/locationdesducs.fr\/?product=lot-de-rehausseurs-pour-table-pliante-20-cm","title":{"rendered":"Lot de r\u00e9hausseurs pour table pliante (+20 cm)"},"content":{"rendered":"<p data-start=\"145\" data-end=\"443\">Pratiques et robustes, nos <strong data-start=\"172\" data-end=\"208\">r\u00e9hausseurs pour tables pliantes<\/strong> permettent d\u2019ajuster facilement la hauteur de vos tables selon vos besoins.<br data-start=\"284\" data-end=\"287\" \/>Ils ajoutent <strong data-start=\"300\" data-end=\"325\">20 cm suppl\u00e9mentaires<\/strong>, portant ainsi la hauteur totale de la table \u00e0 <strong data-start=\"373\" data-end=\"382\">74 cm<\/strong>, id\u00e9ale pour un usage buffet, cocktail ou espace traiteur.<\/p>\n<p data-start=\"445\" data-end=\"711\">Con\u00e7us pour s\u2019adapter \u00e0 la plupart des mod\u00e8les de tables pliantes standards, ces r\u00e9hausseurs assurent une <strong data-start=\"551\" data-end=\"573\">stabilit\u00e9 optimale<\/strong> et une <strong data-start=\"581\" data-end=\"604\">installation rapide<\/strong> sans outils.<br data-start=\"617\" data-end=\"620\" \/>Un accessoire indispensable pour <strong data-start=\"653\" data-end=\"708\">adapter vos installations \u00e0 chaque type d\u2019\u00e9v\u00e9nement<\/strong>.<\/p>\n<p data-start=\"713\" data-end=\"953\"><strong data-start=\"716\" data-end=\"737\">Hauteur ajout\u00e9e :<\/strong> +20 cm (table \u00e0 74 cm au total)<br data-start=\"769\" data-end=\"772\" \/><strong data-start=\"775\" data-end=\"792\">Utilisation :<\/strong> compatible avec la majorit\u00e9 des tables pliantes<br data-start=\"840\" data-end=\"843\" \/><strong data-start=\"846\" data-end=\"864\">Installation :<\/strong> simple et rapide<br data-start=\"881\" data-end=\"884\" \/><strong data-start=\"887\" data-end=\"903\" data-is-only-node=\"\">Id\u00e9al pour :<\/strong> buffets, r\u00e9ceptions, traiteurs, march\u00e9s, foires<\/p>\n<p data-start=\"713\" data-end=\"953\">Location en lot<\/p>\n","protected":false},"excerpt":{"rendered":"<p>Pratiques et robustes, nos r\u00e9hausseurs pour tables pliantes permettent d\u2019ajuster facilement la hauteur de vos tables selon vos besoins.Ils ajoutent &hellip; <a href=\"https:\/\/locationdesducs.fr\/?product=lot-de-rehausseurs-pour-table-pliante-20-cm\" class=\"more-link\"><span class=\"more-button\">Voir plus &#8230;<span class=\"screen-reader-text\">Lot de r\u00e9hausseurs pour table pliante (+20 cm)<\/span><\/span><\/a><\/p>\n","protected":false},"featured_media":8632,"template":"","meta":[],"product_brand":[],"product_cat":[61,58],"product_tag":[75],"class_list":{"0":"post-8630","1":"product","2":"type-product","3":"status-publish","4":"has-post-thumbnail","6":"product_cat-decoration-accessoires","7":"product_cat-tables","8":"product_tag-location","10":"first","11":"instock","12":"taxable","13":"shipping-taxable","14":"purchasable","15":"product-type-simple"},"jetpack_sharing_enabled":true,"_links":{"self":[{"href":"https:\/\/locationdesducs.fr\/index.php?rest_route=\/wp\/v2\/product\/8630","targetHints":{"allow":["GET"]}}],"collection":[{"href":"https:\/\/locationdesducs.fr\/index.php?rest_route=\/wp\/v2\/product"}],"about":[{"href":"https:\/\/locationdesducs.fr\/index.php?rest_route=\/wp\/v2\/types\/product"}],"wp:featuredmedia":[{"embeddable":true,"href":"https:\/\/locationdesducs.fr\/index.php?rest_route=\/wp\/v2\/media\/8632"}],"wp:attachment":[{"href":"https:\/\/locationdesducs.fr\/index.php?rest_route=%2Fwp%2Fv2%2Fmedia&parent=8630"}],"wp:term":[{"taxonomy":"product_brand","embeddable":true,"href":"https:\/\/locationdesducs.fr\/index.php?rest_route=%2Fwp%2Fv2%2Fproduct_brand&post=8630"},{"taxonomy":"product_cat","embeddable":true,"href":"https:\/\/locationdesducs.fr\/index.php?rest_route=%2Fwp%2Fv2%2Fproduct_cat&post=8630"},{"taxonomy":"product_tag","embeddable":true,"href":"https:\/\/locationdesducs.fr\/index.php?rest_route=%2Fwp%2Fv2%2Fproduct_tag&post=8630"}],"curies":[{"name":"wp","href":"https:\/\/api.w.org\/{rel}","templated":true}]}}