{"id":8619,"date":"2025-10-23T15:59:26","date_gmt":"2025-10-23T13:59:26","guid":{"rendered":"https:\/\/locationdesducs.fr\/?post_type=product&#038;p=8619"},"modified":"2026-02-19T14:09:55","modified_gmt":"2026-02-19T13:09:55","slug":"mange-debout-bois-acier-lix","status":"publish","type":"product","link":"https:\/\/locationdesducs.fr\/?product=mange-debout-bois-acier-lix","title":{"rendered":"Mange-debout bois &#038; acier Lix"},"content":{"rendered":"<p>Location des ducs vous propose \u00e0 la location ses Mange-debout bois &amp; acier Lix<\/p>\n<p>Alliant \u00e9l\u00e9gance et robustesse, ce mange-debout est l\u2019\u00e9l\u00e9ment id\u00e9al pour vos r\u00e9ceptions, cocktails ou \u00e9v\u00e9nements professionnels.<br \/>\nAvec son plateau en bois naturel et sa structure en acier noir, il apporte une touche \u00e0 la fois moderne et chaleureuse \u00e0 tous les espaces.<br \/>\nCompact et pratique, il s\u2019adapte aussi bien aux \u00e9v\u00e9nements en int\u00e9rieur qu\u2019en ext\u00e9rieur (terrasse, jardin, barnum, salle de r\u00e9ception\u2026).<br \/>\nSa hauteur d\u2019un m\u00e8tre offre un confort optimal pour \u00e9changer autour d\u2019un verre ou d\u2019un buffet.<\/p>\n<p>Dimensions : 60 x 60 cm \u2013 Hauteur 100 cm<br \/>\nMat\u00e9riaux : bois et acier<br \/>\nUtilisation : int\u00e9rieure et ext\u00e9rieure<br \/>\nId\u00e9al pour : cocktails, vins d\u2019honneur, anniversaires, s\u00e9minaires, afterworks<\/p>\n<p>Disponible \u00e0 la location \u00e0 l\u2019unit\u00e9 ou en lot.<br \/>\nPossibilit\u00e9 d\u2019ajouter housse ou d\u00e9coration sur demande.<\/p>\n","protected":false},"excerpt":{"rendered":"<p>Location des ducs vous propose \u00e0 la location ses Mange-debout bois &amp; acier Lix Alliant \u00e9l\u00e9gance et robustesse, ce mange-debout &hellip; <a href=\"https:\/\/locationdesducs.fr\/?product=mange-debout-bois-acier-lix\" class=\"more-link\"><span class=\"more-button\">Voir plus &#8230;<span class=\"screen-reader-text\">Mange-debout bois &#038; acier Lix<\/span><\/span><\/a><\/p>\n","protected":false},"featured_media":8620,"template":"","meta":[],"product_brand":[],"product_cat":[59,53,84],"product_tag":[80,81,75,79,77,76,78],"class_list":{"0":"post-8619","1":"product","2":"type-product","3":"status-publish","4":"has-post-thumbnail","6":"product_cat-mange-debouts","7":"product_cat-mobilier","8":"product_cat-pack-salon-exposition","9":"product_tag-anniversaire","10":"product_tag-cocktail","11":"product_tag-location","12":"product_tag-mariage","13":"product_tag-reunion","14":"product_tag-salon-exposition","15":"product_tag-seminaire","17":"first","18":"instock","19":"taxable","20":"shipping-taxable","21":"purchasable","22":"product-type-simple"},"jetpack_sharing_enabled":true,"_links":{"self":[{"href":"https:\/\/locationdesducs.fr\/index.php?rest_route=\/wp\/v2\/product\/8619","targetHints":{"allow":["GET"]}}],"collection":[{"href":"https:\/\/locationdesducs.fr\/index.php?rest_route=\/wp\/v2\/product"}],"about":[{"href":"https:\/\/locationdesducs.fr\/index.php?rest_route=\/wp\/v2\/types\/product"}],"wp:featuredmedia":[{"embeddable":true,"href":"https:\/\/locationdesducs.fr\/index.php?rest_route=\/wp\/v2\/media\/8620"}],"wp:attachment":[{"href":"https:\/\/locationdesducs.fr\/index.php?rest_route=%2Fwp%2Fv2%2Fmedia&parent=8619"}],"wp:term":[{"taxonomy":"product_brand","embeddable":true,"href":"https:\/\/locationdesducs.fr\/index.php?rest_route=%2Fwp%2Fv2%2Fproduct_brand&post=8619"},{"taxonomy":"product_cat","embeddable":true,"href":"https:\/\/locationdesducs.fr\/index.php?rest_route=%2Fwp%2Fv2%2Fproduct_cat&post=8619"},{"taxonomy":"product_tag","embeddable":true,"href":"https:\/\/locationdesducs.fr\/index.php?rest_route=%2Fwp%2Fv2%2Fproduct_tag&post=8619"}],"curies":[{"name":"wp","href":"https:\/\/api.w.org\/{rel}","templated":true}]}}