{"id":8612,"date":"2025-10-23T14:32:51","date_gmt":"2025-10-23T12:32:51","guid":{"rendered":"https:\/\/locationdesducs.fr\/?post_type=product&#038;p=8612"},"modified":"2026-02-19T14:07:46","modified_gmt":"2026-02-19T13:07:46","slug":"happy-birthday-neon-copy","status":"publish","type":"product","link":"https:\/\/locationdesducs.fr\/?product=happy-birthday-neon-copy","title":{"rendered":"Kit Arche de Ballons et d\u00e9cor lumineux"},"content":{"rendered":"<p>Kit Arche de Ballons et d\u00e9cor lumineux<\/p>\n<p>Cr\u00e9e une ambiance unique pour votre anniversaire avec notre kit complet de d\u00e9coration pr\u00eat \u00e0 installer !<br \/>\nCe kit comprend tout le n\u00e9cessaire pour sublimer votre espace et offrir un d\u00e9cor digne des plus beaux \u00e9v\u00e9nements :<br \/>\n&#8211; Une structure d\u2019arche de ballons facile \u00e0 monter, id\u00e9ale pour encadrer un buffet, un espace photo ou une entr\u00e9e.<br \/>\n&#8211; Des ballons aux couleurs personnalisables, pour s\u2019accorder parfaitement \u00e0 votre th\u00e8me ou \u00e0 vos envies (pastel, dor\u00e9, argent\u00e9, color\u00e9\u2026).<br \/>\n&#8211; Des chiffres lumineux personnalisables, pour afficher fi\u00e8rement l\u2019\u00e2ge c\u00e9l\u00e9br\u00e9 et illuminer votre d\u00e9cor d\u2019une touche chic et moderne.<br \/>\n&#8211; Un n\u00e9on \u201cHappy Birthday\u201d, pour une ambiance tendance et festive, parfaite pour vos photos et vid\u00e9os.<br \/>\n&#8211; Un gonfleur de ballons<\/p>\n<p>Ce kit est simple \u00e0 installer, modulable selon votre espace, et s\u2019adapte aussi bien aux f\u00eates d\u2019enfants qu\u2019aux anniversaires d\u2019adultes.<\/p>\n<p>Disponible \u00e0 la location \u00e0 Dijon et en Bourgogne. Installation possible sur devis.<\/p>\n","protected":false},"excerpt":{"rendered":"<p>Kit Arche de Ballons et d\u00e9cor lumineux Cr\u00e9e une ambiance unique pour votre anniversaire avec notre kit complet de d\u00e9coration &hellip; <a href=\"https:\/\/locationdesducs.fr\/?product=happy-birthday-neon-copy\" class=\"more-link\"><span class=\"more-button\">Voir plus &#8230;<span class=\"screen-reader-text\">Kit Arche de Ballons et d\u00e9cor lumineux<\/span><\/span><\/a><\/p>\n","protected":false},"featured_media":8614,"template":"","meta":[],"product_brand":[],"product_cat":[61,71,88],"product_tag":[80,75],"class_list":{"0":"post-8612","1":"product","2":"type-product","3":"status-publish","4":"has-post-thumbnail","6":"product_cat-decoration-accessoires","7":"product_cat-lumiere","8":"product_cat-pack-anniversaire","9":"product_tag-anniversaire","10":"product_tag-location","12":"first","13":"instock","14":"taxable","15":"shipping-taxable","16":"purchasable","17":"product-type-simple"},"jetpack_sharing_enabled":true,"_links":{"self":[{"href":"https:\/\/locationdesducs.fr\/index.php?rest_route=\/wp\/v2\/product\/8612","targetHints":{"allow":["GET"]}}],"collection":[{"href":"https:\/\/locationdesducs.fr\/index.php?rest_route=\/wp\/v2\/product"}],"about":[{"href":"https:\/\/locationdesducs.fr\/index.php?rest_route=\/wp\/v2\/types\/product"}],"wp:featuredmedia":[{"embeddable":true,"href":"https:\/\/locationdesducs.fr\/index.php?rest_route=\/wp\/v2\/media\/8614"}],"wp:attachment":[{"href":"https:\/\/locationdesducs.fr\/index.php?rest_route=%2Fwp%2Fv2%2Fmedia&parent=8612"}],"wp:term":[{"taxonomy":"product_brand","embeddable":true,"href":"https:\/\/locationdesducs.fr\/index.php?rest_route=%2Fwp%2Fv2%2Fproduct_brand&post=8612"},{"taxonomy":"product_cat","embeddable":true,"href":"https:\/\/locationdesducs.fr\/index.php?rest_route=%2Fwp%2Fv2%2Fproduct_cat&post=8612"},{"taxonomy":"product_tag","embeddable":true,"href":"https:\/\/locationdesducs.fr\/index.php?rest_route=%2Fwp%2Fv2%2Fproduct_tag&post=8612"}],"curies":[{"name":"wp","href":"https:\/\/api.w.org\/{rel}","templated":true}]}}