{"id":8558,"date":"2025-09-24T10:29:58","date_gmt":"2025-09-24T08:29:58","guid":{"rendered":"https:\/\/locationdesducs.fr\/?post_type=product&#038;p=8558"},"modified":"2026-02-19T14:07:59","modified_gmt":"2026-02-19T13:07:59","slug":"happy-birthday-neon","status":"publish","type":"product","link":"https:\/\/locationdesducs.fr\/?product=happy-birthday-neon","title":{"rendered":"Happy Birthday Neon"},"content":{"rendered":"<p>Nous vous proposons l\u2019enseigne n\u00e9on <b>Happy Birthday<\/b>, un accessoire unique au design exclusif. Ce mod\u00e8le am\u00e9lior\u00e9 offre une excellente transmission de la lumi\u00e8re, un \u00e9clairage blanc chaud cr\u00e9ant une ambiance chaleureuse et confortable, tout en restant doux pour les yeux.<\/p>\n<p>Fabriqu\u00e9e en silicone LED flexible et dot\u00e9e d\u2019un tube n\u00e9on incassable, cette enseigne combine robustesse et \u00e9conomie d\u2019\u00e9nergie. Elle dispose \u00e9galement d\u2019un syst\u00e8me de luminosit\u00e9 r\u00e9glable : d\u2019une simple pression prolong\u00e9e sur le bouton, vous ajustez l\u2019intensit\u00e9 de la lumi\u00e8re sur 10 niveaux, du plus \u00e9clatant au plus tamis\u00e9, selon vos envies et vos besoins.<\/p>\n<p>Polyvalente, l\u2019enseigne n\u00e9on <b>Happy Birthday<\/b> s\u2019adapte \u00e0 toutes vos d\u00e9corations : f\u00eate d\u2019anniversaire, d\u00eener, bar, club, cuisine, salle de jeux, restaurant, caf\u00e9, vitrine ou mur de magasin. Un simple n\u00e9on suffit \u00e0 cr\u00e9er une ambiance festive et conviviale.<\/p>\n<p>Avec sa couleur blanc chaud, elle apporte une atmosph\u00e8re douce et agr\u00e9able \u00e0 votre int\u00e9rieur, id\u00e9ale pour partager des moments heureux en famille. Elle constitue \u00e9galement une jolie d\u00e9coration pour les enfants lors d\u2019un anniversaire et un cadeau original pour marquer cette occasion sp\u00e9ciale.<\/p>\n<p>Pratique \u00e0 installer, l\u2019enseigne est \u00e9quip\u00e9e de deux trous \u00e0 l\u2019arri\u00e8re du panneau en acrylique, permettant de la suspendre facilement au mur, \u00e0 une porte ou de la poser sur une table. Ses dimensions de <b>42 \u00d7 30 cm<\/b> en font un format parfait pour attirer les regards et embellir votre espace.<\/p>\n","protected":false},"excerpt":{"rendered":"<p>Nous vous proposons l\u2019enseigne n\u00e9on Happy Birthday, un accessoire unique au design exclusif. Ce mod\u00e8le am\u00e9lior\u00e9 offre une excellente transmission &hellip; <a href=\"https:\/\/locationdesducs.fr\/?product=happy-birthday-neon\" class=\"more-link\"><span class=\"more-button\">Voir plus &#8230;<span class=\"screen-reader-text\">Happy Birthday Neon<\/span><\/span><\/a><\/p>\n","protected":false},"featured_media":8559,"template":"","meta":[],"product_brand":[],"product_cat":[61,88],"product_tag":[80,75],"class_list":{"0":"post-8558","1":"product","2":"type-product","3":"status-publish","4":"has-post-thumbnail","6":"product_cat-decoration-accessoires","7":"product_cat-pack-anniversaire","8":"product_tag-anniversaire","9":"product_tag-location","11":"first","12":"instock","13":"taxable","14":"shipping-taxable","15":"purchasable","16":"product-type-simple"},"jetpack_sharing_enabled":true,"_links":{"self":[{"href":"https:\/\/locationdesducs.fr\/index.php?rest_route=\/wp\/v2\/product\/8558","targetHints":{"allow":["GET"]}}],"collection":[{"href":"https:\/\/locationdesducs.fr\/index.php?rest_route=\/wp\/v2\/product"}],"about":[{"href":"https:\/\/locationdesducs.fr\/index.php?rest_route=\/wp\/v2\/types\/product"}],"wp:featuredmedia":[{"embeddable":true,"href":"https:\/\/locationdesducs.fr\/index.php?rest_route=\/wp\/v2\/media\/8559"}],"wp:attachment":[{"href":"https:\/\/locationdesducs.fr\/index.php?rest_route=%2Fwp%2Fv2%2Fmedia&parent=8558"}],"wp:term":[{"taxonomy":"product_brand","embeddable":true,"href":"https:\/\/locationdesducs.fr\/index.php?rest_route=%2Fwp%2Fv2%2Fproduct_brand&post=8558"},{"taxonomy":"product_cat","embeddable":true,"href":"https:\/\/locationdesducs.fr\/index.php?rest_route=%2Fwp%2Fv2%2Fproduct_cat&post=8558"},{"taxonomy":"product_tag","embeddable":true,"href":"https:\/\/locationdesducs.fr\/index.php?rest_route=%2Fwp%2Fv2%2Fproduct_tag&post=8558"}],"curies":[{"name":"wp","href":"https:\/\/api.w.org\/{rel}","templated":true}]}}