{"id":8554,"date":"2025-09-24T10:21:52","date_gmt":"2025-09-24T08:21:52","guid":{"rendered":"https:\/\/locationdesducs.fr\/?post_type=product&#038;p=8554"},"modified":"2026-02-19T14:12:34","modified_gmt":"2026-02-19T13:12:34","slug":"candy-bar","status":"publish","type":"product","link":"https:\/\/locationdesducs.fr\/?product=candy-bar","title":{"rendered":"Candy bar"},"content":{"rendered":"<p>Nous vous proposons un <b>chariot de pr\u00e9sentation au design rustique<\/b>, id\u00e9al pour mettre en valeur vos produits tout en apportant une touche d\u00e9corative \u00e0 votre espace. Mesurant <b>107 \u00d7 46 cm<\/b> et d\u2019une hauteur de <b>143 cm<\/b>, il offre un large espace pour l\u2019exposition et le rangement.<\/p>\n<p>Con\u00e7u en bois et fini en blanc, ce chariot allie praticit\u00e9 et esth\u00e9tique. Son style authentique s\u2019adapte parfaitement aux march\u00e9s, boutiques, \u00e9v\u00e9nements, mariages ou d\u00e9corations int\u00e9rieures.<\/p>\n<p>Avec ses proportions \u00e9quilibr\u00e9es (<b>107 \u00d7 46 \u00d7 143h cm<\/b>), il constitue une solution \u00e9l\u00e9gante et fonctionnelle pour attirer l\u2019attention et sublimer vos pr\u00e9sentations.<\/p>\n","protected":false},"excerpt":{"rendered":"<p>Nous vous proposons un chariot de pr\u00e9sentation au design rustique, id\u00e9al pour mettre en valeur vos produits tout en apportant &hellip; <a href=\"https:\/\/locationdesducs.fr\/?product=candy-bar\" class=\"more-link\"><span class=\"more-button\">Voir plus &#8230;<span class=\"screen-reader-text\">Candy bar<\/span><\/span><\/a><\/p>\n","protected":false},"featured_media":8555,"template":"","meta":[],"product_brand":[],"product_cat":[64,87],"product_tag":[80,81,75,79],"class_list":{"0":"post-8554","1":"product","2":"type-product","3":"status-publish","4":"has-post-thumbnail","6":"product_cat-autres-mobiliers","7":"product_cat-pack-mariage","8":"product_tag-anniversaire","9":"product_tag-cocktail","10":"product_tag-location","11":"product_tag-mariage","13":"first","14":"instock","15":"taxable","16":"shipping-taxable","17":"purchasable","18":"product-type-simple"},"jetpack_sharing_enabled":true,"_links":{"self":[{"href":"https:\/\/locationdesducs.fr\/index.php?rest_route=\/wp\/v2\/product\/8554","targetHints":{"allow":["GET"]}}],"collection":[{"href":"https:\/\/locationdesducs.fr\/index.php?rest_route=\/wp\/v2\/product"}],"about":[{"href":"https:\/\/locationdesducs.fr\/index.php?rest_route=\/wp\/v2\/types\/product"}],"wp:featuredmedia":[{"embeddable":true,"href":"https:\/\/locationdesducs.fr\/index.php?rest_route=\/wp\/v2\/media\/8555"}],"wp:attachment":[{"href":"https:\/\/locationdesducs.fr\/index.php?rest_route=%2Fwp%2Fv2%2Fmedia&parent=8554"}],"wp:term":[{"taxonomy":"product_brand","embeddable":true,"href":"https:\/\/locationdesducs.fr\/index.php?rest_route=%2Fwp%2Fv2%2Fproduct_brand&post=8554"},{"taxonomy":"product_cat","embeddable":true,"href":"https:\/\/locationdesducs.fr\/index.php?rest_route=%2Fwp%2Fv2%2Fproduct_cat&post=8554"},{"taxonomy":"product_tag","embeddable":true,"href":"https:\/\/locationdesducs.fr\/index.php?rest_route=%2Fwp%2Fv2%2Fproduct_tag&post=8554"}],"curies":[{"name":"wp","href":"https:\/\/api.w.org\/{rel}","templated":true}]}}