{"id":8548,"date":"2025-09-24T09:45:10","date_gmt":"2025-09-24T07:45:10","guid":{"rendered":"https:\/\/locationdesducs.fr\/?post_type=product&#038;p=8548"},"modified":"2026-02-19T14:13:05","modified_gmt":"2026-02-19T13:13:05","slug":"machine-a-hot-dog","status":"publish","type":"product","link":"https:\/\/locationdesducs.fr\/?product=machine-a-hot-dog","title":{"rendered":"Machine \u00c0 Hot-Dog"},"content":{"rendered":"<p data-start=\"221\" data-end=\"629\">Cette machine \u00e0 hot dog permet de chauffer simultan\u00e9ment jusqu\u2019\u00e0 200 saucisses et 50 pains tout en les maintenant parfaitement au chaud. Gr\u00e2ce \u00e0 sa grande capacit\u00e9, elle est id\u00e9ale pour les restaurants, snacks, h\u00f4tels, caf\u00e9t\u00e9rias et autres services de restauration. Son design color\u00e9 attire l\u2019attention, tandis que ses deux portes vitr\u00e9es mettent en valeur les hot dogs pour \u00e9veiller l\u2019app\u00e9tit des clients.<\/p>\n<p data-start=\"631\" data-end=\"972\">Avec une puissance de 2000 W, cette machine \u00e0 hot dog monte rapidement en temp\u00e9rature, r\u00e9glable entre 30 et 110 \u00b0C \u00e0 l\u2019aide d\u2019une molette pr\u00e9cise. Le syst\u00e8me \u00e0 vapeur assure une cuisson douce, et un t\u00e9moin lumineux vous alerte si le niveau d\u2019eau est insuffisant. L\u2019exc\u00e9dent d\u2019eau s\u2019\u00e9vacue facilement gr\u00e2ce \u00e0 un robinet de vidange pratique.<\/p>\n<p data-start=\"974\" data-end=\"1196\">Con\u00e7ue en acier inoxydable, elle est robuste, hygi\u00e9nique et r\u00e9sistante \u00e0 la corrosion. Ses portes coulissantes et son \u00e9tag\u00e8re amovible permettent un nettoyage simple et rapide, pour une utilisation optimale au quotidien.<\/p>\n","protected":false},"excerpt":{"rendered":"<p>Cette machine \u00e0 hot dog permet de chauffer simultan\u00e9ment jusqu\u2019\u00e0 200 saucisses et 50 pains tout en les maintenant parfaitement &hellip; <a href=\"https:\/\/locationdesducs.fr\/?product=machine-a-hot-dog\" class=\"more-link\"><span class=\"more-button\">Voir plus &#8230;<span class=\"screen-reader-text\">Machine \u00c0 Hot-Dog<\/span><\/span><\/a><\/p>\n","protected":false},"featured_media":8549,"template":"","meta":[],"product_brand":[],"product_cat":[67,87],"product_tag":[80,81,75,79],"class_list":{"0":"post-8548","1":"product","2":"type-product","3":"status-publish","4":"has-post-thumbnail","6":"product_cat-electromenager","7":"product_cat-pack-mariage","8":"product_tag-anniversaire","9":"product_tag-cocktail","10":"product_tag-location","11":"product_tag-mariage","13":"first","14":"instock","15":"sold-individually","16":"taxable","17":"shipping-taxable","18":"purchasable","19":"product-type-simple"},"jetpack_sharing_enabled":true,"_links":{"self":[{"href":"https:\/\/locationdesducs.fr\/index.php?rest_route=\/wp\/v2\/product\/8548","targetHints":{"allow":["GET"]}}],"collection":[{"href":"https:\/\/locationdesducs.fr\/index.php?rest_route=\/wp\/v2\/product"}],"about":[{"href":"https:\/\/locationdesducs.fr\/index.php?rest_route=\/wp\/v2\/types\/product"}],"wp:featuredmedia":[{"embeddable":true,"href":"https:\/\/locationdesducs.fr\/index.php?rest_route=\/wp\/v2\/media\/8549"}],"wp:attachment":[{"href":"https:\/\/locationdesducs.fr\/index.php?rest_route=%2Fwp%2Fv2%2Fmedia&parent=8548"}],"wp:term":[{"taxonomy":"product_brand","embeddable":true,"href":"https:\/\/locationdesducs.fr\/index.php?rest_route=%2Fwp%2Fv2%2Fproduct_brand&post=8548"},{"taxonomy":"product_cat","embeddable":true,"href":"https:\/\/locationdesducs.fr\/index.php?rest_route=%2Fwp%2Fv2%2Fproduct_cat&post=8548"},{"taxonomy":"product_tag","embeddable":true,"href":"https:\/\/locationdesducs.fr\/index.php?rest_route=%2Fwp%2Fv2%2Fproduct_tag&post=8548"}],"curies":[{"name":"wp","href":"https:\/\/api.w.org\/{rel}","templated":true}]}}