{"id":8509,"date":"2025-08-28T18:24:32","date_gmt":"2025-08-28T16:24:32","guid":{"rendered":"https:\/\/locationdesducs.fr\/?post_type=product&#038;p=8509"},"modified":"2026-02-19T12:37:03","modified_gmt":"2026-02-19T11:37:03","slug":"etuve-cuisine-10-niveaux","status":"publish","type":"product","link":"https:\/\/locationdesducs.fr\/?product=etuve-cuisine-10-niveaux","title":{"rendered":"\u00c9tuve cuisine 10 niveaux"},"content":{"rendered":"<p data-start=\"77\" data-end=\"183\"><strong data-start=\"77\" data-end=\"181\">Location des Ducs vous propose \u00e0 la location une \u00c9tuve traiteur Junior \u2013 10 niveaux <\/strong><\/p>\n<p data-start=\"77\" data-end=\"183\">Optimis\u00e9e pour le maintien au chaud de vos pr\u00e9parations, cette \u00e9tuve professionnelle permet de conserver vos plats \u00e0 une temp\u00e9rature ma\u00eetris\u00e9e \u2014 jusqu\u2019\u00e0 140 \u00b0C \u2014 id\u00e9ale pour vos r\u00e9ceptions, buffets ou services prolong\u00e9s. Fabriqu\u00e9e en France, dans la r\u00e9gion de la Loire, elle allie robustesse et qualit\u00e9 de conception.<\/p>\n<p data-start=\"542\" data-end=\"767\">Elle offre une capacit\u00e9 modulable avec ses <strong data-start=\"585\" data-end=\"612\">10 niveaux convertibles<\/strong>, compatibles GN 1\/1 et 600\u00d7400 mm, sans recours \u00e0 un outil \u2014 vous adaptez facilement l\u2019agencement selon vos besoins.<\/p>\n","protected":false},"excerpt":{"rendered":"<p>Location des Ducs vous propose \u00e0 la location une \u00c9tuve traiteur Junior \u2013 10 niveaux Optimis\u00e9e pour le maintien au &hellip; <a href=\"https:\/\/locationdesducs.fr\/?product=etuve-cuisine-10-niveaux\" class=\"more-link\"><span class=\"more-button\">Voir plus &#8230;<span class=\"screen-reader-text\">\u00c9tuve cuisine 10 niveaux<\/span><\/span><\/a><\/p>\n","protected":false},"featured_media":8547,"template":"","meta":[],"product_brand":[],"product_cat":[67],"product_tag":[75],"class_list":{"0":"post-8509","1":"product","2":"type-product","3":"status-publish","4":"has-post-thumbnail","6":"product_cat-electromenager","7":"product_tag-location","9":"first","10":"instock","11":"taxable","12":"shipping-taxable","13":"purchasable","14":"product-type-simple"},"jetpack_sharing_enabled":true,"_links":{"self":[{"href":"https:\/\/locationdesducs.fr\/index.php?rest_route=\/wp\/v2\/product\/8509","targetHints":{"allow":["GET"]}}],"collection":[{"href":"https:\/\/locationdesducs.fr\/index.php?rest_route=\/wp\/v2\/product"}],"about":[{"href":"https:\/\/locationdesducs.fr\/index.php?rest_route=\/wp\/v2\/types\/product"}],"wp:featuredmedia":[{"embeddable":true,"href":"https:\/\/locationdesducs.fr\/index.php?rest_route=\/wp\/v2\/media\/8547"}],"wp:attachment":[{"href":"https:\/\/locationdesducs.fr\/index.php?rest_route=%2Fwp%2Fv2%2Fmedia&parent=8509"}],"wp:term":[{"taxonomy":"product_brand","embeddable":true,"href":"https:\/\/locationdesducs.fr\/index.php?rest_route=%2Fwp%2Fv2%2Fproduct_brand&post=8509"},{"taxonomy":"product_cat","embeddable":true,"href":"https:\/\/locationdesducs.fr\/index.php?rest_route=%2Fwp%2Fv2%2Fproduct_cat&post=8509"},{"taxonomy":"product_tag","embeddable":true,"href":"https:\/\/locationdesducs.fr\/index.php?rest_route=%2Fwp%2Fv2%2Fproduct_tag&post=8509"}],"curies":[{"name":"wp","href":"https:\/\/api.w.org\/{rel}","templated":true}]}}