{"id":7665,"date":"2024-07-24T11:24:49","date_gmt":"2024-07-24T09:24:49","guid":{"rendered":"https:\/\/locationdesducs.fr\/?post_type=product&#038;p=7665"},"modified":"2026-02-19T14:14:38","modified_gmt":"2026-02-19T13:14:38","slug":"trancheuse-berkel","status":"publish","type":"product","link":"https:\/\/locationdesducs.fr\/?product=trancheuse-berkel","title":{"rendered":"Trancheuse Berkel"},"content":{"rendered":"<p>Location des Ducs vous propose \u00e0 la location <b>une trancheuse \u00e0 charcuterie berkel.<\/b><\/p>\n<p>L&rsquo;outil indispensable pour des <strong>tranches\u00a0<\/strong>fines et r\u00e9guli\u00e8res. Id\u00e9ale pour les <strong>\u00e9v\u00e9nements<\/strong>, <strong>r\u00e9ceptions<\/strong> ou <strong>buffets<\/strong>, cette trancheuse allie <strong>pr\u00e9cision<\/strong> et <strong>\u00e9l\u00e9gance<\/strong> gr\u00e2ce \u00e0 sa conception italienne de haute qualit\u00e9.<\/p>\n<p>Parfaite pour les professionnels comme les particuliers, elle garantit une pr\u00e9sentation raffin\u00e9e de vos charcuteries.<\/p>\n","protected":false},"excerpt":{"rendered":"<p>Location des Ducs vous propose \u00e0 la location une trancheuse \u00e0 charcuterie berkel. L&rsquo;outil indispensable pour des tranches\u00a0fines et r\u00e9guli\u00e8res. &hellip; <a href=\"https:\/\/locationdesducs.fr\/?product=trancheuse-berkel\" class=\"more-link\"><span class=\"more-button\">Voir plus &#8230;<span class=\"screen-reader-text\">Trancheuse Berkel<\/span><\/span><\/a><\/p>\n","protected":false},"featured_media":7666,"template":"","meta":[],"product_brand":[],"product_cat":[61,65,87,84],"product_tag":[80,81,75,79,76],"class_list":{"0":"post-7665","1":"product","2":"type-product","3":"status-publish","4":"has-post-thumbnail","6":"product_cat-decoration-accessoires","7":"product_cat-materiel-professionnel","8":"product_cat-pack-mariage","9":"product_cat-pack-salon-exposition","10":"product_tag-anniversaire","11":"product_tag-cocktail","12":"product_tag-location","13":"product_tag-mariage","14":"product_tag-salon-exposition","16":"first","17":"instock","18":"taxable","19":"shipping-taxable","20":"purchasable","21":"product-type-simple"},"jetpack_sharing_enabled":true,"_links":{"self":[{"href":"https:\/\/locationdesducs.fr\/index.php?rest_route=\/wp\/v2\/product\/7665","targetHints":{"allow":["GET"]}}],"collection":[{"href":"https:\/\/locationdesducs.fr\/index.php?rest_route=\/wp\/v2\/product"}],"about":[{"href":"https:\/\/locationdesducs.fr\/index.php?rest_route=\/wp\/v2\/types\/product"}],"wp:featuredmedia":[{"embeddable":true,"href":"https:\/\/locationdesducs.fr\/index.php?rest_route=\/wp\/v2\/media\/7666"}],"wp:attachment":[{"href":"https:\/\/locationdesducs.fr\/index.php?rest_route=%2Fwp%2Fv2%2Fmedia&parent=7665"}],"wp:term":[{"taxonomy":"product_brand","embeddable":true,"href":"https:\/\/locationdesducs.fr\/index.php?rest_route=%2Fwp%2Fv2%2Fproduct_brand&post=7665"},{"taxonomy":"product_cat","embeddable":true,"href":"https:\/\/locationdesducs.fr\/index.php?rest_route=%2Fwp%2Fv2%2Fproduct_cat&post=7665"},{"taxonomy":"product_tag","embeddable":true,"href":"https:\/\/locationdesducs.fr\/index.php?rest_route=%2Fwp%2Fv2%2Fproduct_tag&post=7665"}],"curies":[{"name":"wp","href":"https:\/\/api.w.org\/{rel}","templated":true}]}}