{"id":7662,"date":"2024-07-24T11:13:05","date_gmt":"2024-07-24T09:13:05","guid":{"rendered":"https:\/\/locationdesducs.fr\/?post_type=product&#038;p=7662"},"modified":"2026-02-19T12:38:35","modified_gmt":"2026-02-19T11:38:35","slug":"mini-golf","status":"publish","type":"product","link":"https:\/\/locationdesducs.fr\/?product=mini-golf","title":{"rendered":"Mini-golf"},"content":{"rendered":"<p><strong>Location des Ducs<\/strong> vous propose \u00e0 la location un <strong>jeu de mini-golf de 5 m\u00e8tres<\/strong>, id\u00e9al pour animer vos <strong>\u00e9v\u00e9nements<\/strong>, <strong>f\u00eates\u00a0<\/strong>et <strong>s\u00e9minaires<\/strong>.<\/p>\n<p data-start=\"227\" data-end=\"541\">Apportez une animation originale et accessible \u00e0 tous avec notre <strong data-start=\"292\" data-end=\"325\">jeu de mini-golf \u00e9v\u00e9nementiel<\/strong>. Simple \u00e0 installer et \u00e0 prendre en main, ce jeu est id\u00e9al pour cr\u00e9er un moment ludique et f\u00e9d\u00e9rateur lors de vos \u00e9v\u00e9nements professionnels ou priv\u00e9s.<\/p>\n<p data-start=\"543\" data-end=\"843\">Le mini-golf permet aux participants de s\u2019affronter de mani\u00e8re conviviale, sans pr\u00e9requis, et s\u2019int\u00e8gre parfaitement dans une animation de <strong data-start=\"682\" data-end=\"699\">team building<\/strong>, un espace d\u00e9tente ou un parcours de jeux. Son format compact le rend adaptable \u00e0 tous types d\u2019espaces, en int\u00e9rieur comme en ext\u00e9rieur abrit\u00e9.<\/p>\n<p data-start=\"845\" data-end=\"869\"><strong data-start=\"845\" data-end=\"867\">Caract\u00e9ristiques :<\/strong><\/p>\n<ul data-start=\"870\" data-end=\"1049\">\n<li data-start=\"870\" data-end=\"915\">\n<p data-start=\"872\" data-end=\"915\">Jeu de mini-golf compact et transportable<\/p>\n<\/li>\n<li data-start=\"916\" data-end=\"952\">\n<p data-start=\"918\" data-end=\"952\">Tapis de jeu avec cible int\u00e9gr\u00e9e<\/p>\n<\/li>\n<li data-start=\"953\" data-end=\"968\">\n<p data-start=\"955\" data-end=\"968\">Club inclus<\/p>\n<\/li>\n<li data-start=\"969\" data-end=\"1017\">\n<p data-start=\"971\" data-end=\"1017\">Installation rapide et utilisation intuitive<\/p>\n<\/li>\n<li data-start=\"1018\" data-end=\"1049\">\n<p data-start=\"1020\" data-end=\"1049\">Convient \u00e0 tous les publics<\/p>\n<\/li>\n<\/ul>\n<p data-start=\"1051\" data-end=\"1203\"><strong data-start=\"1051\" data-end=\"1067\">Id\u00e9al pour :<\/strong><br data-start=\"1067\" data-end=\"1070\" \/>soir\u00e9e d\u2019entreprise, team building, animation \u00e9v\u00e9nementielle, afterwork, anniversaire, mariage, bar \u00e9ph\u00e9m\u00e8re, \u00e9v\u00e9nement grand public.<\/p>\n","protected":false},"excerpt":{"rendered":"<p>Location des Ducs vous propose \u00e0 la location un jeu de mini-golf de 5 m\u00e8tres, id\u00e9al pour animer vos \u00e9v\u00e9nements, &hellip; <a href=\"https:\/\/locationdesducs.fr\/?product=mini-golf\" class=\"more-link\"><span class=\"more-button\">Voir plus &#8230;<span class=\"screen-reader-text\">Mini-golf<\/span><\/span><\/a><\/p>\n","protected":false},"featured_media":8770,"template":"","meta":[],"product_brand":[],"product_cat":[66],"product_tag":[80,81,75,79,76],"class_list":{"0":"post-7662","1":"product","2":"type-product","3":"status-publish","4":"has-post-thumbnail","6":"product_cat-jeux","7":"product_tag-anniversaire","8":"product_tag-cocktail","9":"product_tag-location","10":"product_tag-mariage","11":"product_tag-salon-exposition","13":"first","14":"instock","15":"taxable","16":"shipping-taxable","17":"purchasable","18":"product-type-simple"},"jetpack_sharing_enabled":true,"_links":{"self":[{"href":"https:\/\/locationdesducs.fr\/index.php?rest_route=\/wp\/v2\/product\/7662","targetHints":{"allow":["GET"]}}],"collection":[{"href":"https:\/\/locationdesducs.fr\/index.php?rest_route=\/wp\/v2\/product"}],"about":[{"href":"https:\/\/locationdesducs.fr\/index.php?rest_route=\/wp\/v2\/types\/product"}],"wp:featuredmedia":[{"embeddable":true,"href":"https:\/\/locationdesducs.fr\/index.php?rest_route=\/wp\/v2\/media\/8770"}],"wp:attachment":[{"href":"https:\/\/locationdesducs.fr\/index.php?rest_route=%2Fwp%2Fv2%2Fmedia&parent=7662"}],"wp:term":[{"taxonomy":"product_brand","embeddable":true,"href":"https:\/\/locationdesducs.fr\/index.php?rest_route=%2Fwp%2Fv2%2Fproduct_brand&post=7662"},{"taxonomy":"product_cat","embeddable":true,"href":"https:\/\/locationdesducs.fr\/index.php?rest_route=%2Fwp%2Fv2%2Fproduct_cat&post=7662"},{"taxonomy":"product_tag","embeddable":true,"href":"https:\/\/locationdesducs.fr\/index.php?rest_route=%2Fwp%2Fv2%2Fproduct_tag&post=7662"}],"curies":[{"name":"wp","href":"https:\/\/api.w.org\/{rel}","templated":true}]}}