{"id":7601,"date":"2024-07-23T17:05:15","date_gmt":"2024-07-23T15:05:15","guid":{"rendered":"https:\/\/locationdesducs.fr\/?post_type=product&#038;p=7601"},"modified":"2026-02-19T12:35:08","modified_gmt":"2026-02-19T11:35:08","slug":"lyre-led-boomtone-dj","status":"publish","type":"product","link":"https:\/\/locationdesducs.fr\/?product=lyre-led-boomtone-dj","title":{"rendered":"Lyre LED BoomTone DJ"},"content":{"rendered":"<p><strong>Location des Ducs<\/strong> vous propose \u00e0 la location des <strong>Lyres LED BoomTone DJ.<\/strong><\/p>\n<p>&nbsp;<\/p>\n<p>Id\u00e9ales pour sublimer vos <strong>\u00e9v\u00e9nements<\/strong>, <strong>concerts<\/strong> et <strong>soir\u00e9es<\/strong>. Ces projecteurs \u00e0 LED offrent une <strong>luminosit\u00e9 intense<\/strong> et une <strong>palette de couleurs vari\u00e9e<\/strong>, permettant de cr\u00e9er des effets lumineux spectaculaires. Faciles \u00e0 installer et \u00e0 contr\u00f4ler, les <strong>Lyres LED<\/strong> sont parfaites pour dynamiser vos sc\u00e8nes et pistes de danse.<\/p>\n<p>La lyre LED BoomTone DJ Maxi Spot 60 est \u00e9quip\u00e9e d&rsquo;une LED haute luminosit\u00e9 de 60 W, d&rsquo;une roue de 7 couleurs et d&rsquo;une roue de 7 Gobos.<\/p>\n","protected":false},"excerpt":{"rendered":"<p>Location des Ducs vous propose \u00e0 la location des Lyres LED BoomTone DJ. &nbsp; Id\u00e9ales pour sublimer vos \u00e9v\u00e9nements, concerts &hellip; <a href=\"https:\/\/locationdesducs.fr\/?product=lyre-led-boomtone-dj\" class=\"more-link\"><span class=\"more-button\">Voir plus &#8230;<span class=\"screen-reader-text\">Lyre LED BoomTone DJ<\/span><\/span><\/a><\/p>\n","protected":false},"featured_media":7602,"template":"","meta":[],"product_brand":[],"product_cat":[71],"product_tag":[80,81,82,75,79],"class_list":{"0":"post-7601","1":"product","2":"type-product","3":"status-publish","4":"has-post-thumbnail","6":"product_cat-lumiere","7":"product_tag-anniversaire","8":"product_tag-cocktail","9":"product_tag-dj","10":"product_tag-location","11":"product_tag-mariage","13":"first","14":"instock","15":"taxable","16":"shipping-taxable","17":"purchasable","18":"product-type-simple"},"jetpack_sharing_enabled":true,"_links":{"self":[{"href":"https:\/\/locationdesducs.fr\/index.php?rest_route=\/wp\/v2\/product\/7601","targetHints":{"allow":["GET"]}}],"collection":[{"href":"https:\/\/locationdesducs.fr\/index.php?rest_route=\/wp\/v2\/product"}],"about":[{"href":"https:\/\/locationdesducs.fr\/index.php?rest_route=\/wp\/v2\/types\/product"}],"wp:featuredmedia":[{"embeddable":true,"href":"https:\/\/locationdesducs.fr\/index.php?rest_route=\/wp\/v2\/media\/7602"}],"wp:attachment":[{"href":"https:\/\/locationdesducs.fr\/index.php?rest_route=%2Fwp%2Fv2%2Fmedia&parent=7601"}],"wp:term":[{"taxonomy":"product_brand","embeddable":true,"href":"https:\/\/locationdesducs.fr\/index.php?rest_route=%2Fwp%2Fv2%2Fproduct_brand&post=7601"},{"taxonomy":"product_cat","embeddable":true,"href":"https:\/\/locationdesducs.fr\/index.php?rest_route=%2Fwp%2Fv2%2Fproduct_cat&post=7601"},{"taxonomy":"product_tag","embeddable":true,"href":"https:\/\/locationdesducs.fr\/index.php?rest_route=%2Fwp%2Fv2%2Fproduct_tag&post=7601"}],"curies":[{"name":"wp","href":"https:\/\/api.w.org\/{rel}","templated":true}]}}