{"id":7596,"date":"2024-07-23T16:41:48","date_gmt":"2024-07-23T14:41:48","guid":{"rendered":"https:\/\/locationdesducs.fr\/?post_type=product&#038;p=7596"},"modified":"2026-02-19T14:12:03","modified_gmt":"2026-02-19T13:12:03","slug":"boule-a-facettes-de-50-cm","status":"publish","type":"product","link":"https:\/\/locationdesducs.fr\/?product=boule-a-facettes-de-50-cm","title":{"rendered":"Boule \u00e0 facettes de 50 cm"},"content":{"rendered":"<p><strong>Location des Ducs<\/strong> vous propose \u00e0 la location une <strong>boule \u00e0 facettes de 50 cm<\/strong><\/p>\n<p>L&rsquo;accessoire incontournable pour cr\u00e9er une ambiance festive et r\u00e9tro lors de vos <strong>soir\u00e9es<\/strong>, <strong>mariages<\/strong> et <strong>\u00e9v\u00e9nements sp\u00e9ciaux<\/strong>. Avec ses <strong>miroirs r\u00e9fl\u00e9chissants<\/strong>, cette grande boule \u00e0 facettes diffuse une lumi\u00e8re scintillante, transformant instantan\u00e9ment votre espace en une piste de danse dynamique.<\/p>\n<p>Id\u00e9ale pour ajouter une touche d&rsquo;\u00e9l\u00e9gance et de fun, la <strong>boule \u00e0 facettes<\/strong> est facile \u00e0 installer et compatible avec tous les syst\u00e8mes d&rsquo;\u00e9clairage.<\/p>\n","protected":false},"excerpt":{"rendered":"<p>Location des Ducs vous propose \u00e0 la location une boule \u00e0 facettes de 50 cm L&rsquo;accessoire incontournable pour cr\u00e9er une &hellip; <a href=\"https:\/\/locationdesducs.fr\/?product=boule-a-facettes-de-50-cm\" class=\"more-link\"><span class=\"more-button\">Voir plus &#8230;<span class=\"screen-reader-text\">Boule \u00e0 facettes de 50 cm<\/span><\/span><\/a><\/p>\n","protected":false},"featured_media":7597,"template":"","meta":[],"product_brand":[],"product_cat":[61,71,85,87],"product_tag":[80,81,82,75,79],"class_list":{"0":"post-7596","1":"product","2":"type-product","3":"status-publish","4":"has-post-thumbnail","6":"product_cat-decoration-accessoires","7":"product_cat-lumiere","8":"product_cat-pack-dj-sonorisation","9":"product_cat-pack-mariage","10":"product_tag-anniversaire","11":"product_tag-cocktail","12":"product_tag-dj","13":"product_tag-location","14":"product_tag-mariage","16":"first","17":"instock","18":"taxable","19":"shipping-taxable","20":"purchasable","21":"product-type-simple"},"jetpack_sharing_enabled":true,"_links":{"self":[{"href":"https:\/\/locationdesducs.fr\/index.php?rest_route=\/wp\/v2\/product\/7596","targetHints":{"allow":["GET"]}}],"collection":[{"href":"https:\/\/locationdesducs.fr\/index.php?rest_route=\/wp\/v2\/product"}],"about":[{"href":"https:\/\/locationdesducs.fr\/index.php?rest_route=\/wp\/v2\/types\/product"}],"wp:featuredmedia":[{"embeddable":true,"href":"https:\/\/locationdesducs.fr\/index.php?rest_route=\/wp\/v2\/media\/7597"}],"wp:attachment":[{"href":"https:\/\/locationdesducs.fr\/index.php?rest_route=%2Fwp%2Fv2%2Fmedia&parent=7596"}],"wp:term":[{"taxonomy":"product_brand","embeddable":true,"href":"https:\/\/locationdesducs.fr\/index.php?rest_route=%2Fwp%2Fv2%2Fproduct_brand&post=7596"},{"taxonomy":"product_cat","embeddable":true,"href":"https:\/\/locationdesducs.fr\/index.php?rest_route=%2Fwp%2Fv2%2Fproduct_cat&post=7596"},{"taxonomy":"product_tag","embeddable":true,"href":"https:\/\/locationdesducs.fr\/index.php?rest_route=%2Fwp%2Fv2%2Fproduct_tag&post=7596"}],"curies":[{"name":"wp","href":"https:\/\/api.w.org\/{rel}","templated":true}]}}