{"id":7592,"date":"2024-07-23T16:37:21","date_gmt":"2024-07-23T14:37:21","guid":{"rendered":"https:\/\/locationdesducs.fr\/?post_type=product&#038;p=7592"},"modified":"2026-02-19T12:35:22","modified_gmt":"2026-02-19T11:35:22","slug":"led-disco-ball","status":"publish","type":"product","link":"https:\/\/locationdesducs.fr\/?product=led-disco-ball","title":{"rendered":"Led disco ball"},"content":{"rendered":"<p>Location des Ducs vous propose \u00e0 la location <b>Led disco ball.<\/b><\/p>\n<p>Ces projecteurs offrent une <strong>luminosit\u00e9 puissante<\/strong> et une <strong>consommation \u00e9nerg\u00e9tique r\u00e9duite<\/strong>, tout en produisant une lumi\u00e8re de haute qualit\u00e9. Les <strong>projecteurs LED<\/strong> sont parfaits pour cr\u00e9er des ambiances lumineuses vari\u00e9es gr\u00e2ce \u00e0 leurs options de <strong>couleur et d&rsquo;intensit\u00e9 r\u00e9glables<\/strong>. Robustes et faciles \u00e0 installer, ils conviennent aussi bien pour des utilisations int\u00e9rieures qu&rsquo;ext\u00e9rieures.<\/p>\n<p>Compacte et portable : avec un poids de seulement 0,6 kg et des dimensions de 10 x 5,5 x 11 cm, ce projecteur est facile \u00e0 transporter et \u00e0 installer pour n&rsquo;importe quel \u00e9v\u00e9nement.<\/p>\n","protected":false},"excerpt":{"rendered":"<p>Location des Ducs vous propose \u00e0 la location Led disco ball. Ces projecteurs offrent une luminosit\u00e9 puissante et une consommation &hellip; <a href=\"https:\/\/locationdesducs.fr\/?product=led-disco-ball\" class=\"more-link\"><span class=\"more-button\">Voir plus &#8230;<span class=\"screen-reader-text\">Led disco ball<\/span><\/span><\/a><\/p>\n","protected":false},"featured_media":7594,"template":"","meta":[],"product_brand":[],"product_cat":[71],"product_tag":[80,81,82,75,79],"class_list":{"0":"post-7592","1":"product","2":"type-product","3":"status-publish","4":"has-post-thumbnail","6":"product_cat-lumiere","7":"product_tag-anniversaire","8":"product_tag-cocktail","9":"product_tag-dj","10":"product_tag-location","11":"product_tag-mariage","13":"first","14":"instock","15":"taxable","16":"shipping-taxable","17":"purchasable","18":"product-type-simple"},"jetpack_sharing_enabled":true,"_links":{"self":[{"href":"https:\/\/locationdesducs.fr\/index.php?rest_route=\/wp\/v2\/product\/7592","targetHints":{"allow":["GET"]}}],"collection":[{"href":"https:\/\/locationdesducs.fr\/index.php?rest_route=\/wp\/v2\/product"}],"about":[{"href":"https:\/\/locationdesducs.fr\/index.php?rest_route=\/wp\/v2\/types\/product"}],"wp:featuredmedia":[{"embeddable":true,"href":"https:\/\/locationdesducs.fr\/index.php?rest_route=\/wp\/v2\/media\/7594"}],"wp:attachment":[{"href":"https:\/\/locationdesducs.fr\/index.php?rest_route=%2Fwp%2Fv2%2Fmedia&parent=7592"}],"wp:term":[{"taxonomy":"product_brand","embeddable":true,"href":"https:\/\/locationdesducs.fr\/index.php?rest_route=%2Fwp%2Fv2%2Fproduct_brand&post=7592"},{"taxonomy":"product_cat","embeddable":true,"href":"https:\/\/locationdesducs.fr\/index.php?rest_route=%2Fwp%2Fv2%2Fproduct_cat&post=7592"},{"taxonomy":"product_tag","embeddable":true,"href":"https:\/\/locationdesducs.fr\/index.php?rest_route=%2Fwp%2Fv2%2Fproduct_tag&post=7592"}],"curies":[{"name":"wp","href":"https:\/\/api.w.org\/{rel}","templated":true}]}}