{"id":7569,"date":"2024-07-23T14:24:17","date_gmt":"2024-07-23T12:24:17","guid":{"rendered":"https:\/\/locationdesducs.fr\/?post_type=product&#038;p=7569"},"modified":"2026-02-19T14:04:21","modified_gmt":"2026-02-19T13:04:21","slug":"ld-systems-maui-44-g2","status":"publish","type":"product","link":"https:\/\/locationdesducs.fr\/?product=ld-systems-maui-44-g2","title":{"rendered":"Enceinte colonne LD Systems MAUI 44 G2"},"content":{"rendered":"<p>Location des Ducs vous propose \u00e0 la location <b>l&rsquo;enceinte colonne LD Systems MAUI 44 G2.<\/b><\/p>\n<p>Le <strong>LD Systems Maui 44 G2<\/strong> est un <strong>syst\u00e8me de sonorisation en colonne actif<\/strong> offrant une <strong>puissance impressionnante de 1500 W<\/strong> et une <strong>r\u00e9ponse en fr\u00e9quence \u00e9tendue<\/strong> de <strong>37 Hz \u00e0 20 kHz<\/strong>. \u00c9quip\u00e9 d&rsquo;un <strong>subwoofer avec un boomer de 15 pouces<\/strong> et d&rsquo;une <strong>enceinte m\u00e9dium\/aigu<\/strong> comprenant <strong>douze haut-parleurs de 3,5 pouces<\/strong> et <strong>quatre tweeters de 0,5 pouce<\/strong>, ce syst\u00e8me assure une <strong>qualit\u00e9 sonore exceptionnelle<\/strong>.<\/p>\n<p>Parmi ses fonctionnalit\u00e9s avanc\u00e9es, on trouve un <strong>amplificateur de classe D<\/strong>, la <strong>connectivit\u00e9 Bluetooth<\/strong> pour le <strong>streaming audio<\/strong>, et un <strong>processeur DSP<\/strong> pour garantir une <strong>performance sonore optimale<\/strong>. D\u00e9couvrez le LD Systems Maui 44 G2 pour un son clair et puissant \u00e0 chaque \u00e9v\u00e9nement.<\/p>\n","protected":false},"excerpt":{"rendered":"<p>Location des Ducs vous propose \u00e0 la location l&rsquo;enceinte colonne LD Systems MAUI 44 G2. Le LD Systems Maui 44 &hellip; <a href=\"https:\/\/locationdesducs.fr\/?product=ld-systems-maui-44-g2\" class=\"more-link\"><span class=\"more-button\">Voir plus &#8230;<span class=\"screen-reader-text\">Enceinte colonne LD Systems MAUI 44 G2<\/span><\/span><\/a><\/p>\n","protected":false},"featured_media":7570,"template":"","meta":[],"product_brand":[],"product_cat":[68,85,69],"product_tag":[80,81,82,75,79],"class_list":{"0":"post-7569","1":"product","2":"type-product","3":"status-publish","4":"has-post-thumbnail","6":"product_cat-materiel-audiovisuel","7":"product_cat-pack-dj-sonorisation","8":"product_cat-son","9":"product_tag-anniversaire","10":"product_tag-cocktail","11":"product_tag-dj","12":"product_tag-location","13":"product_tag-mariage","15":"first","16":"instock","17":"taxable","18":"shipping-taxable","19":"purchasable","20":"product-type-simple"},"jetpack_sharing_enabled":true,"_links":{"self":[{"href":"https:\/\/locationdesducs.fr\/index.php?rest_route=\/wp\/v2\/product\/7569","targetHints":{"allow":["GET"]}}],"collection":[{"href":"https:\/\/locationdesducs.fr\/index.php?rest_route=\/wp\/v2\/product"}],"about":[{"href":"https:\/\/locationdesducs.fr\/index.php?rest_route=\/wp\/v2\/types\/product"}],"wp:featuredmedia":[{"embeddable":true,"href":"https:\/\/locationdesducs.fr\/index.php?rest_route=\/wp\/v2\/media\/7570"}],"wp:attachment":[{"href":"https:\/\/locationdesducs.fr\/index.php?rest_route=%2Fwp%2Fv2%2Fmedia&parent=7569"}],"wp:term":[{"taxonomy":"product_brand","embeddable":true,"href":"https:\/\/locationdesducs.fr\/index.php?rest_route=%2Fwp%2Fv2%2Fproduct_brand&post=7569"},{"taxonomy":"product_cat","embeddable":true,"href":"https:\/\/locationdesducs.fr\/index.php?rest_route=%2Fwp%2Fv2%2Fproduct_cat&post=7569"},{"taxonomy":"product_tag","embeddable":true,"href":"https:\/\/locationdesducs.fr\/index.php?rest_route=%2Fwp%2Fv2%2Fproduct_tag&post=7569"}],"curies":[{"name":"wp","href":"https:\/\/api.w.org\/{rel}","templated":true}]}}