{"id":7487,"date":"2024-07-22T11:53:00","date_gmt":"2024-07-22T09:53:00","guid":{"rendered":"https:\/\/locationdesducs.fr\/?post_type=product&#038;p=7487"},"modified":"2026-02-19T12:35:32","modified_gmt":"2026-02-19T11:35:32","slug":"pioneer-dj-xdj-rr","status":"publish","type":"product","link":"https:\/\/locationdesducs.fr\/?product=pioneer-dj-xdj-rr","title":{"rendered":"Contr\u00f4leur PIONEER DJ XDJ-RR"},"content":{"rendered":"<p>Location des Ducs vous propose \u00e0 la location <b>le contr\u00f4leur Pioneer DJ XDJ-RR.<\/b><\/p>\n<p>Le <strong>Pioneer XDJ-RR<\/strong> est un <strong>contr\u00f4leur USB autonome<\/strong> con\u00e7u pour les DJ, qu&rsquo;ils soient <strong>professionnels<\/strong> ou <strong>amateurs<\/strong>. Avec son interface <strong>tr\u00e8s intuitive<\/strong>, le <strong>XDJ-RR<\/strong> est parfait pour \u00e9lever votre <strong>performance de mixage<\/strong>. Que vous utilisiez un <strong>ordinateur<\/strong> ou non, et avec ou sans <strong>Rekordbox<\/strong>, ce contr\u00f4leur permet de cr\u00e9er des mixes de haute qualit\u00e9 avec facilit\u00e9.<\/p>\n<p>Id\u00e9al pour les sets live ou les r\u00e9p\u00e9titions, le <strong>Pioneer XDJ-RR<\/strong> vous offre la flexibilit\u00e9 et la performance dont vous avez besoin pour vos prestations DJ.<\/p>\n","protected":false},"excerpt":{"rendered":"<p>Location des Ducs vous propose \u00e0 la location le contr\u00f4leur Pioneer DJ XDJ-RR. Le Pioneer XDJ-RR est un contr\u00f4leur USB &hellip; <a href=\"https:\/\/locationdesducs.fr\/?product=pioneer-dj-xdj-rr\" class=\"more-link\"><span class=\"more-button\">Voir plus &#8230;<span class=\"screen-reader-text\">Contr\u00f4leur PIONEER DJ XDJ-RR<\/span><\/span><\/a><\/p>\n","protected":false},"featured_media":7488,"template":"","meta":[],"product_brand":[],"product_cat":[69],"product_tag":[80,81,82,75,79],"class_list":{"0":"post-7487","1":"product","2":"type-product","3":"status-publish","4":"has-post-thumbnail","6":"product_cat-son","7":"product_tag-anniversaire","8":"product_tag-cocktail","9":"product_tag-dj","10":"product_tag-location","11":"product_tag-mariage","13":"first","14":"instock","15":"taxable","16":"shipping-taxable","17":"purchasable","18":"product-type-simple"},"jetpack_sharing_enabled":true,"_links":{"self":[{"href":"https:\/\/locationdesducs.fr\/index.php?rest_route=\/wp\/v2\/product\/7487","targetHints":{"allow":["GET"]}}],"collection":[{"href":"https:\/\/locationdesducs.fr\/index.php?rest_route=\/wp\/v2\/product"}],"about":[{"href":"https:\/\/locationdesducs.fr\/index.php?rest_route=\/wp\/v2\/types\/product"}],"wp:featuredmedia":[{"embeddable":true,"href":"https:\/\/locationdesducs.fr\/index.php?rest_route=\/wp\/v2\/media\/7488"}],"wp:attachment":[{"href":"https:\/\/locationdesducs.fr\/index.php?rest_route=%2Fwp%2Fv2%2Fmedia&parent=7487"}],"wp:term":[{"taxonomy":"product_brand","embeddable":true,"href":"https:\/\/locationdesducs.fr\/index.php?rest_route=%2Fwp%2Fv2%2Fproduct_brand&post=7487"},{"taxonomy":"product_cat","embeddable":true,"href":"https:\/\/locationdesducs.fr\/index.php?rest_route=%2Fwp%2Fv2%2Fproduct_cat&post=7487"},{"taxonomy":"product_tag","embeddable":true,"href":"https:\/\/locationdesducs.fr\/index.php?rest_route=%2Fwp%2Fv2%2Fproduct_tag&post=7487"}],"curies":[{"name":"wp","href":"https:\/\/api.w.org\/{rel}","templated":true}]}}