{"id":7332,"date":"2024-07-17T15:49:08","date_gmt":"2024-07-17T13:49:08","guid":{"rendered":"https:\/\/locationdesducs.fr\/?post_type=product&#038;p=7332"},"modified":"2026-02-19T14:04:07","modified_gmt":"2026-02-19T13:04:07","slug":"trepied-pour-enceinte","status":"publish","type":"product","link":"https:\/\/locationdesducs.fr\/?product=trepied-pour-enceinte","title":{"rendered":"Pieds d&rsquo;enceinte"},"content":{"rendered":"<p>Location des Ducs vous propose \u00e0 la location un<b> Pied d&rsquo;enceinte.<\/b><\/p>\n<p>Pieds d&rsquo;enceintes en m\u00e9tal noir, diam\u00e8tre 35 mm, Hauteur r\u00e9glable de 100 \u00e0 160 cm, Charge maximale 30kg par pied. Livr\u00e9s en housse.<\/p>\n","protected":false},"excerpt":{"rendered":"<p>Location des Ducs vous propose \u00e0 la location un Pied d&rsquo;enceinte. Pieds d&rsquo;enceintes en m\u00e9tal noir, diam\u00e8tre 35 mm, Hauteur &hellip; <a href=\"https:\/\/locationdesducs.fr\/?product=trepied-pour-enceinte\" class=\"more-link\"><span class=\"more-button\">Voir plus &#8230;<span class=\"screen-reader-text\">Pieds d&rsquo;enceinte<\/span><\/span><\/a><\/p>\n","protected":false},"featured_media":7323,"template":"","meta":[],"product_brand":[],"product_cat":[85,69],"product_tag":[80,81,82,75,79],"class_list":{"0":"post-7332","1":"product","2":"type-product","3":"status-publish","4":"has-post-thumbnail","6":"product_cat-pack-dj-sonorisation","7":"product_cat-son","8":"product_tag-anniversaire","9":"product_tag-cocktail","10":"product_tag-dj","11":"product_tag-location","12":"product_tag-mariage","14":"first","15":"instock","16":"taxable","17":"shipping-taxable","18":"purchasable","19":"product-type-simple"},"jetpack_sharing_enabled":true,"_links":{"self":[{"href":"https:\/\/locationdesducs.fr\/index.php?rest_route=\/wp\/v2\/product\/7332","targetHints":{"allow":["GET"]}}],"collection":[{"href":"https:\/\/locationdesducs.fr\/index.php?rest_route=\/wp\/v2\/product"}],"about":[{"href":"https:\/\/locationdesducs.fr\/index.php?rest_route=\/wp\/v2\/types\/product"}],"wp:featuredmedia":[{"embeddable":true,"href":"https:\/\/locationdesducs.fr\/index.php?rest_route=\/wp\/v2\/media\/7323"}],"wp:attachment":[{"href":"https:\/\/locationdesducs.fr\/index.php?rest_route=%2Fwp%2Fv2%2Fmedia&parent=7332"}],"wp:term":[{"taxonomy":"product_brand","embeddable":true,"href":"https:\/\/locationdesducs.fr\/index.php?rest_route=%2Fwp%2Fv2%2Fproduct_brand&post=7332"},{"taxonomy":"product_cat","embeddable":true,"href":"https:\/\/locationdesducs.fr\/index.php?rest_route=%2Fwp%2Fv2%2Fproduct_cat&post=7332"},{"taxonomy":"product_tag","embeddable":true,"href":"https:\/\/locationdesducs.fr\/index.php?rest_route=%2Fwp%2Fv2%2Fproduct_tag&post=7332"}],"curies":[{"name":"wp","href":"https:\/\/api.w.org\/{rel}","templated":true}]}}