{"id":7331,"date":"2024-07-17T15:47:35","date_gmt":"2024-07-17T13:47:35","guid":{"rendered":"https:\/\/locationdesducs.fr\/?post_type=product&#038;p=7331"},"modified":"2026-02-19T12:38:42","modified_gmt":"2026-02-19T11:38:42","slug":"puissance-4-geant","status":"publish","type":"product","link":"https:\/\/locationdesducs.fr\/?product=puissance-4-geant","title":{"rendered":"Puissance 4 G\u00e9ant"},"content":{"rendered":"<p><strong>Location des Ducs<\/strong> vous propose \u00e0 la location un <strong>jeu Puissance 4 g\u00e9ant<\/strong>, parfait pour animer vos <strong>f\u00eates<\/strong>, <strong>\u00e9v\u00e9nements<\/strong> et <strong>r\u00e9ceptions en plein air<\/strong>.<\/p>\n<p>Ce jeu classique en version surdimensionn\u00e9e offre une <strong>activit\u00e9 ludique<\/strong> et <strong>interactive<\/strong> qui ravira petits et grands. Avec ses <strong>grandes pi\u00e8ces color\u00e9es<\/strong> et sa structure robuste, le <strong>jeu Puissance 4 g\u00e9ant<\/strong> est id\u00e9al pour cr\u00e9er une ambiance conviviale et comp\u00e9titive.<\/p>\n<p>Facile \u00e0 installer et \u00e0 transporter, il est parfait pour tous les types de rassemblements.<\/p>\n","protected":false},"excerpt":{"rendered":"<p>Location des Ducs vous propose \u00e0 la location un jeu Puissance 4 g\u00e9ant, parfait pour animer vos f\u00eates, \u00e9v\u00e9nements et &hellip; <a href=\"https:\/\/locationdesducs.fr\/?product=puissance-4-geant\" class=\"more-link\"><span class=\"more-button\">Voir plus &#8230;<span class=\"screen-reader-text\">Puissance 4 G\u00e9ant<\/span><\/span><\/a><\/p>\n","protected":false},"featured_media":8737,"template":"","meta":[],"product_brand":[],"product_cat":[66],"product_tag":[80,81,75,79,76],"class_list":{"0":"post-7331","1":"product","2":"type-product","3":"status-publish","4":"has-post-thumbnail","6":"product_cat-jeux","7":"product_tag-anniversaire","8":"product_tag-cocktail","9":"product_tag-location","10":"product_tag-mariage","11":"product_tag-salon-exposition","13":"first","14":"instock","15":"taxable","16":"shipping-taxable","17":"purchasable","18":"product-type-simple"},"jetpack_sharing_enabled":true,"_links":{"self":[{"href":"https:\/\/locationdesducs.fr\/index.php?rest_route=\/wp\/v2\/product\/7331","targetHints":{"allow":["GET"]}}],"collection":[{"href":"https:\/\/locationdesducs.fr\/index.php?rest_route=\/wp\/v2\/product"}],"about":[{"href":"https:\/\/locationdesducs.fr\/index.php?rest_route=\/wp\/v2\/types\/product"}],"wp:featuredmedia":[{"embeddable":true,"href":"https:\/\/locationdesducs.fr\/index.php?rest_route=\/wp\/v2\/media\/8737"}],"wp:attachment":[{"href":"https:\/\/locationdesducs.fr\/index.php?rest_route=%2Fwp%2Fv2%2Fmedia&parent=7331"}],"wp:term":[{"taxonomy":"product_brand","embeddable":true,"href":"https:\/\/locationdesducs.fr\/index.php?rest_route=%2Fwp%2Fv2%2Fproduct_brand&post=7331"},{"taxonomy":"product_cat","embeddable":true,"href":"https:\/\/locationdesducs.fr\/index.php?rest_route=%2Fwp%2Fv2%2Fproduct_cat&post=7331"},{"taxonomy":"product_tag","embeddable":true,"href":"https:\/\/locationdesducs.fr\/index.php?rest_route=%2Fwp%2Fv2%2Fproduct_tag&post=7331"}],"curies":[{"name":"wp","href":"https:\/\/api.w.org\/{rel}","templated":true}]}}