{"id":7330,"date":"2024-07-17T15:45:18","date_gmt":"2024-07-17T13:45:18","guid":{"rendered":"https:\/\/locationdesducs.fr\/?post_type=product&#038;p=7330"},"modified":"2026-02-19T12:38:48","modified_gmt":"2026-02-19T11:38:48","slug":"petanque-indoor","status":"publish","type":"product","link":"https:\/\/locationdesducs.fr\/?product=petanque-indoor","title":{"rendered":"P\u00e9tanque Indoor"},"content":{"rendered":"<p>Location des Ducs vous propose \u00e0 la location <b>un jeu de boules de p\u00e9tanque tout terrain int\u00e9rieur et ext\u00e9rieur.<\/b><\/p>\n<p>Con\u00e7u pour \u00eatre jou\u00e9 dans des espaces ferm\u00e9s, ce jeu de p\u00e9tanque en version adapt\u00e9e vous permet de profiter de la <strong>plaisir de la p\u00e9tanque<\/strong> tout au long de l&rsquo;ann\u00e9e, quelles que soient les conditions m\u00e9t\u00e9orologiques.<\/p>\n<p>Avec ses <strong>boules sp\u00e9cialement con\u00e7ues<\/strong> pour les surfaces int\u00e9rieures et son <strong>b\u00e2ti r\u00e9sistant<\/strong>, le <strong>jeu de p\u00e9tanque indoor<\/strong> assure une exp\u00e9rience de jeu authentique et divertissante.<\/p>\n<p>D\u00e9livr\u00e9e avec tapis en gazon synth\u00e9tique<\/p>\n","protected":false},"excerpt":{"rendered":"<p>Location des Ducs vous propose \u00e0 la location un jeu de boules de p\u00e9tanque tout terrain int\u00e9rieur et ext\u00e9rieur. Con\u00e7u &hellip; <a href=\"https:\/\/locationdesducs.fr\/?product=petanque-indoor\" class=\"more-link\"><span class=\"more-button\">Voir plus &#8230;<span class=\"screen-reader-text\">P\u00e9tanque Indoor<\/span><\/span><\/a><\/p>\n","protected":false},"featured_media":7320,"template":"","meta":[],"product_brand":[],"product_cat":[66],"product_tag":[80,81,75,79,76],"class_list":{"0":"post-7330","1":"product","2":"type-product","3":"status-publish","4":"has-post-thumbnail","6":"product_cat-jeux","7":"product_tag-anniversaire","8":"product_tag-cocktail","9":"product_tag-location","10":"product_tag-mariage","11":"product_tag-salon-exposition","13":"first","14":"instock","15":"taxable","16":"shipping-taxable","17":"purchasable","18":"product-type-simple"},"jetpack_sharing_enabled":true,"_links":{"self":[{"href":"https:\/\/locationdesducs.fr\/index.php?rest_route=\/wp\/v2\/product\/7330","targetHints":{"allow":["GET"]}}],"collection":[{"href":"https:\/\/locationdesducs.fr\/index.php?rest_route=\/wp\/v2\/product"}],"about":[{"href":"https:\/\/locationdesducs.fr\/index.php?rest_route=\/wp\/v2\/types\/product"}],"wp:featuredmedia":[{"embeddable":true,"href":"https:\/\/locationdesducs.fr\/index.php?rest_route=\/wp\/v2\/media\/7320"}],"wp:attachment":[{"href":"https:\/\/locationdesducs.fr\/index.php?rest_route=%2Fwp%2Fv2%2Fmedia&parent=7330"}],"wp:term":[{"taxonomy":"product_brand","embeddable":true,"href":"https:\/\/locationdesducs.fr\/index.php?rest_route=%2Fwp%2Fv2%2Fproduct_brand&post=7330"},{"taxonomy":"product_cat","embeddable":true,"href":"https:\/\/locationdesducs.fr\/index.php?rest_route=%2Fwp%2Fv2%2Fproduct_cat&post=7330"},{"taxonomy":"product_tag","embeddable":true,"href":"https:\/\/locationdesducs.fr\/index.php?rest_route=%2Fwp%2Fv2%2Fproduct_tag&post=7330"}],"curies":[{"name":"wp","href":"https:\/\/api.w.org\/{rel}","templated":true}]}}