{"id":7329,"date":"2024-07-17T15:43:35","date_gmt":"2024-07-17T13:43:35","guid":{"rendered":"https:\/\/locationdesducs.fr\/?post_type=product&#038;p=7329"},"modified":"2026-02-19T12:35:40","modified_gmt":"2026-02-19T11:35:40","slug":"par-led","status":"publish","type":"product","link":"https:\/\/locationdesducs.fr\/?product=par-led","title":{"rendered":"Par led"},"content":{"rendered":"<p><strong>Location des Ducs<\/strong> vous propose \u00e0 la location des <strong>PAR LED sur secteur ou sur batterie.<\/strong><\/p>\n<p>Parfaits pour illuminer vos <strong>\u00e9v\u00e9nements<\/strong>, <strong>concerts<\/strong> et <strong>r\u00e9ceptions<\/strong>. Ces <strong>projecteurs LED<\/strong> offrent une <strong>luminosit\u00e9 exceptionnelle<\/strong> avec une <strong>consommation \u00e9nerg\u00e9tique r\u00e9duite<\/strong>, vous permettant de cr\u00e9er des <strong>effets lumineux<\/strong> dynamiques et color\u00e9s.<\/p>\n<p>Gr\u00e2ce \u00e0 leurs <strong>r\u00e9glages de couleur<\/strong> et <strong>intensit\u00e9<\/strong>, les <strong>PAR LED<\/strong> sont id\u00e9aux pour personnaliser l&rsquo;\u00e9clairage de vos espaces, qu&rsquo;ils soient int\u00e9rieurs ou ext\u00e9rieurs.<\/p>\n","protected":false},"excerpt":{"rendered":"<p>Location des Ducs vous propose \u00e0 la location des PAR LED sur secteur ou sur batterie. Parfaits pour illuminer vos &hellip; <a href=\"https:\/\/locationdesducs.fr\/?product=par-led\" class=\"more-link\"><span class=\"more-button\">Voir plus &#8230;<span class=\"screen-reader-text\">Par led<\/span><\/span><\/a><\/p>\n","protected":false},"featured_media":7319,"template":"","meta":[],"product_brand":[],"product_cat":[71],"product_tag":[80,81,82,75,79],"class_list":{"0":"post-7329","1":"product","2":"type-product","3":"status-publish","4":"has-post-thumbnail","6":"product_cat-lumiere","7":"product_tag-anniversaire","8":"product_tag-cocktail","9":"product_tag-dj","10":"product_tag-location","11":"product_tag-mariage","13":"first","14":"instock","15":"taxable","16":"shipping-taxable","17":"purchasable","18":"product-type-simple"},"jetpack_sharing_enabled":true,"_links":{"self":[{"href":"https:\/\/locationdesducs.fr\/index.php?rest_route=\/wp\/v2\/product\/7329","targetHints":{"allow":["GET"]}}],"collection":[{"href":"https:\/\/locationdesducs.fr\/index.php?rest_route=\/wp\/v2\/product"}],"about":[{"href":"https:\/\/locationdesducs.fr\/index.php?rest_route=\/wp\/v2\/types\/product"}],"wp:featuredmedia":[{"embeddable":true,"href":"https:\/\/locationdesducs.fr\/index.php?rest_route=\/wp\/v2\/media\/7319"}],"wp:attachment":[{"href":"https:\/\/locationdesducs.fr\/index.php?rest_route=%2Fwp%2Fv2%2Fmedia&parent=7329"}],"wp:term":[{"taxonomy":"product_brand","embeddable":true,"href":"https:\/\/locationdesducs.fr\/index.php?rest_route=%2Fwp%2Fv2%2Fproduct_brand&post=7329"},{"taxonomy":"product_cat","embeddable":true,"href":"https:\/\/locationdesducs.fr\/index.php?rest_route=%2Fwp%2Fv2%2Fproduct_cat&post=7329"},{"taxonomy":"product_tag","embeddable":true,"href":"https:\/\/locationdesducs.fr\/index.php?rest_route=%2Fwp%2Fv2%2Fproduct_tag&post=7329"}],"curies":[{"name":"wp","href":"https:\/\/api.w.org\/{rel}","templated":true}]}}