{"id":7328,"date":"2024-07-17T15:41:07","date_gmt":"2024-07-17T13:41:07","guid":{"rendered":"https:\/\/locationdesducs.fr\/?post_type=product&#038;p=7328"},"modified":"2026-02-19T12:38:55","modified_gmt":"2026-02-19T11:38:55","slug":"jenga-geant","status":"publish","type":"product","link":"https:\/\/locationdesducs.fr\/?product=jenga-geant","title":{"rendered":"Jenga G\u00e9ant"},"content":{"rendered":"<p><strong>Location des Ducs<\/strong> vous propose \u00e0 la location un <strong>jeu de Jenga g\u00e9ant<\/strong><\/p>\n<p data-start=\"182\" data-end=\"499\">Le <strong data-start=\"185\" data-end=\"200\">Jenga g\u00e9ant<\/strong> est un jeu incontournable pour cr\u00e9er une animation ludique, conviviale et interg\u00e9n\u00e9rationnelle lors de vos \u00e9v\u00e9nements. Ce jeu d\u2019adresse et de r\u00e9flexion consiste \u00e0 retirer puis repositionner des blocs en bois sans faire tomber la tour, offrant des moments de suspense, de rires et de d\u00e9fis partag\u00e9s.<\/p>\n<p data-start=\"501\" data-end=\"793\">Gr\u00e2ce \u00e0 son <strong data-start=\"513\" data-end=\"529\">format g\u00e9ant<\/strong>, le Jenga attire imm\u00e9diatement l\u2019attention et devient un v\u00e9ritable p\u00f4le d\u2019animation. Facile \u00e0 comprendre et \u00e0 installer, il convient \u00e0 tous les publics et s\u2019int\u00e8gre parfaitement dans des \u00e9v\u00e9nements professionnels ou priv\u00e9s, en int\u00e9rieur comme en ext\u00e9rieur abrit\u00e9.<\/p>\n<p data-start=\"795\" data-end=\"819\"><strong data-start=\"795\" data-end=\"817\">Caract\u00e9ristiques :<\/strong><\/p>\n<ul data-start=\"820\" data-end=\"1000\">\n<li data-start=\"820\" data-end=\"850\">\n<p data-start=\"822\" data-end=\"850\">Jenga en bois format g\u00e9ant<\/p>\n<\/li>\n<li data-start=\"851\" data-end=\"884\">\n<p data-start=\"853\" data-end=\"884\">Jeu d\u2019adresse et de strat\u00e9gie<\/p>\n<\/li>\n<li data-start=\"885\" data-end=\"925\">\n<p data-start=\"887\" data-end=\"925\">R\u00e8gles simples et accessibles \u00e0 tous<\/p>\n<\/li>\n<li data-start=\"926\" data-end=\"949\">\n<p data-start=\"928\" data-end=\"949\">Installation rapide<\/p>\n<\/li>\n<li data-start=\"950\" data-end=\"1000\">\n<p data-start=\"952\" data-end=\"1000\">Utilisation int\u00e9rieure et ext\u00e9rieure sous abri<\/p>\n<\/li>\n<\/ul>\n<p data-start=\"1002\" data-end=\"1146\"><strong data-start=\"1002\" data-end=\"1018\">Id\u00e9al pour :<\/strong><br data-start=\"1018\" data-end=\"1021\" \/>team building, animation d\u2019entreprise, soir\u00e9e priv\u00e9e, mariage, anniversaire, afterwork, \u00e9v\u00e9nement grand public, bar \u00e9ph\u00e9m\u00e8re.<\/p>\n","protected":false},"excerpt":{"rendered":"<p>Location des Ducs vous propose \u00e0 la location un jeu de Jenga g\u00e9ant Le Jenga g\u00e9ant est un jeu incontournable &hellip; <a href=\"https:\/\/locationdesducs.fr\/?product=jenga-geant\" class=\"more-link\"><span class=\"more-button\">Voir plus &#8230;<span class=\"screen-reader-text\">Jenga G\u00e9ant<\/span><\/span><\/a><\/p>\n","protected":false},"featured_media":8745,"template":"","meta":[],"product_brand":[],"product_cat":[66],"product_tag":[80,81,75,79,76],"class_list":{"0":"post-7328","1":"product","2":"type-product","3":"status-publish","4":"has-post-thumbnail","6":"product_cat-jeux","7":"product_tag-anniversaire","8":"product_tag-cocktail","9":"product_tag-location","10":"product_tag-mariage","11":"product_tag-salon-exposition","13":"first","14":"instock","15":"taxable","16":"shipping-taxable","17":"purchasable","18":"product-type-simple"},"jetpack_sharing_enabled":true,"_links":{"self":[{"href":"https:\/\/locationdesducs.fr\/index.php?rest_route=\/wp\/v2\/product\/7328","targetHints":{"allow":["GET"]}}],"collection":[{"href":"https:\/\/locationdesducs.fr\/index.php?rest_route=\/wp\/v2\/product"}],"about":[{"href":"https:\/\/locationdesducs.fr\/index.php?rest_route=\/wp\/v2\/types\/product"}],"wp:featuredmedia":[{"embeddable":true,"href":"https:\/\/locationdesducs.fr\/index.php?rest_route=\/wp\/v2\/media\/8745"}],"wp:attachment":[{"href":"https:\/\/locationdesducs.fr\/index.php?rest_route=%2Fwp%2Fv2%2Fmedia&parent=7328"}],"wp:term":[{"taxonomy":"product_brand","embeddable":true,"href":"https:\/\/locationdesducs.fr\/index.php?rest_route=%2Fwp%2Fv2%2Fproduct_brand&post=7328"},{"taxonomy":"product_cat","embeddable":true,"href":"https:\/\/locationdesducs.fr\/index.php?rest_route=%2Fwp%2Fv2%2Fproduct_cat&post=7328"},{"taxonomy":"product_tag","embeddable":true,"href":"https:\/\/locationdesducs.fr\/index.php?rest_route=%2Fwp%2Fv2%2Fproduct_tag&post=7328"}],"curies":[{"name":"wp","href":"https:\/\/api.w.org\/{rel}","templated":true}]}}