{"id":7326,"date":"2024-07-17T15:38:14","date_gmt":"2024-07-17T13:38:14","guid":{"rendered":"https:\/\/locationdesducs.fr\/?post_type=product&#038;p=7326"},"modified":"2026-02-19T12:34:19","modified_gmt":"2026-02-19T11:34:19","slug":"chemin-de-table-en-toile-de-jute","status":"publish","type":"product","link":"https:\/\/locationdesducs.fr\/?product=chemin-de-table-en-toile-de-jute","title":{"rendered":"Chemin de table en toile de jute"},"content":{"rendered":"<p><strong>Location des Ducs<\/strong> vous propose \u00e0 la location un <strong>chemin de table en toile de jute<\/strong><\/p>\n<p>Parfait pour ajouter une touche <strong>rustique<\/strong> et <strong>\u00e9l\u00e9gante<\/strong> \u00e0 vos <strong>r\u00e9ceptions<\/strong>, <strong>mariages<\/strong> et <strong>\u00e9v\u00e9nements sp\u00e9ciaux<\/strong>. Ce chemin de table en <strong>toile de jute<\/strong> offre une texture naturelle et <strong>chic<\/strong> qui s&rsquo;harmonise avec divers styles de d\u00e9coration.<\/p>\n<p>R\u00e9sistant, il est id\u00e9al pour prot\u00e9ger vos tables tout en apportant une ambiance chaleureuse et accueillante.<\/p>\n","protected":false},"excerpt":{"rendered":"<p>Location des Ducs vous propose \u00e0 la location un chemin de table en toile de jute Parfait pour ajouter une &hellip; <a href=\"https:\/\/locationdesducs.fr\/?product=chemin-de-table-en-toile-de-jute\" class=\"more-link\"><span class=\"more-button\">Voir plus &#8230;<span class=\"screen-reader-text\">Chemin de table en toile de jute<\/span><\/span><\/a><\/p>\n","protected":false},"featured_media":7316,"template":"","meta":[],"product_brand":[],"product_cat":[61],"product_tag":[80,81,75,79],"class_list":{"0":"post-7326","1":"product","2":"type-product","3":"status-publish","4":"has-post-thumbnail","6":"product_cat-decoration-accessoires","7":"product_tag-anniversaire","8":"product_tag-cocktail","9":"product_tag-location","10":"product_tag-mariage","12":"first","13":"instock","14":"taxable","15":"shipping-taxable","16":"purchasable","17":"product-type-simple"},"jetpack_sharing_enabled":true,"_links":{"self":[{"href":"https:\/\/locationdesducs.fr\/index.php?rest_route=\/wp\/v2\/product\/7326","targetHints":{"allow":["GET"]}}],"collection":[{"href":"https:\/\/locationdesducs.fr\/index.php?rest_route=\/wp\/v2\/product"}],"about":[{"href":"https:\/\/locationdesducs.fr\/index.php?rest_route=\/wp\/v2\/types\/product"}],"wp:featuredmedia":[{"embeddable":true,"href":"https:\/\/locationdesducs.fr\/index.php?rest_route=\/wp\/v2\/media\/7316"}],"wp:attachment":[{"href":"https:\/\/locationdesducs.fr\/index.php?rest_route=%2Fwp%2Fv2%2Fmedia&parent=7326"}],"wp:term":[{"taxonomy":"product_brand","embeddable":true,"href":"https:\/\/locationdesducs.fr\/index.php?rest_route=%2Fwp%2Fv2%2Fproduct_brand&post=7326"},{"taxonomy":"product_cat","embeddable":true,"href":"https:\/\/locationdesducs.fr\/index.php?rest_route=%2Fwp%2Fv2%2Fproduct_cat&post=7326"},{"taxonomy":"product_tag","embeddable":true,"href":"https:\/\/locationdesducs.fr\/index.php?rest_route=%2Fwp%2Fv2%2Fproduct_tag&post=7326"}],"curies":[{"name":"wp","href":"https:\/\/api.w.org\/{rel}","templated":true}]}}