{"id":7325,"date":"2024-07-17T15:37:07","date_gmt":"2024-07-17T13:37:07","guid":{"rendered":"https:\/\/locationdesducs.fr\/?post_type=product&#038;p=7325"},"modified":"2026-02-19T12:42:17","modified_gmt":"2026-02-19T11:42:17","slug":"bonbonniere","status":"publish","type":"product","link":"https:\/\/locationdesducs.fr\/?product=bonbonniere","title":{"rendered":"Bonbonni\u00e8re"},"content":{"rendered":"<p><strong>Location des Ducs<\/strong> vous propose \u00e0 la location une <strong>bonbonni\u00e8re<\/strong> \u00e9l\u00e9gante<\/p>\n<p>Id\u00e9ale pour vos <strong>r\u00e9ceptions<\/strong>, <strong>mariages<\/strong> et <strong>\u00e9v\u00e9nements sp\u00e9ciaux<\/strong>. Cette <strong>bonbonni\u00e8re<\/strong> en <strong>verre<\/strong> est parfaite pour pr\u00e9senter vos <strong>confiseries<\/strong>, <strong>bonbons<\/strong> ou <strong>petits cadeaux<\/strong> avec une touche de <strong>raffinement<\/strong>.<\/p>\n<p>Gr\u00e2ce \u00e0 son design sophistiqu\u00e9 et sa capacit\u00e9 g\u00e9n\u00e9reuse, elle ajoute une note de <strong>chic<\/strong> \u00e0 votre d\u00e9coration tout en facilitant l&rsquo;acc\u00e8s aux douceurs pour vos invit\u00e9s.<\/p>\n","protected":false},"excerpt":{"rendered":"<p>Location des Ducs vous propose \u00e0 la location une bonbonni\u00e8re \u00e9l\u00e9gante Id\u00e9ale pour vos r\u00e9ceptions, mariages et \u00e9v\u00e9nements sp\u00e9ciaux. Cette &hellip; <a href=\"https:\/\/locationdesducs.fr\/?product=bonbonniere\" class=\"more-link\"><span class=\"more-button\">Voir plus &#8230;<span class=\"screen-reader-text\">Bonbonni\u00e8re<\/span><\/span><\/a><\/p>\n","protected":false},"featured_media":7315,"template":"","meta":[],"product_brand":[],"product_cat":[61],"product_tag":[80,81,75,79],"class_list":{"0":"post-7325","1":"product","2":"type-product","3":"status-publish","4":"has-post-thumbnail","6":"product_cat-decoration-accessoires","7":"product_tag-anniversaire","8":"product_tag-cocktail","9":"product_tag-location","10":"product_tag-mariage","12":"first","13":"instock","14":"taxable","15":"shipping-taxable","16":"purchasable","17":"product-type-simple"},"jetpack_sharing_enabled":true,"_links":{"self":[{"href":"https:\/\/locationdesducs.fr\/index.php?rest_route=\/wp\/v2\/product\/7325","targetHints":{"allow":["GET"]}}],"collection":[{"href":"https:\/\/locationdesducs.fr\/index.php?rest_route=\/wp\/v2\/product"}],"about":[{"href":"https:\/\/locationdesducs.fr\/index.php?rest_route=\/wp\/v2\/types\/product"}],"wp:featuredmedia":[{"embeddable":true,"href":"https:\/\/locationdesducs.fr\/index.php?rest_route=\/wp\/v2\/media\/7315"}],"wp:attachment":[{"href":"https:\/\/locationdesducs.fr\/index.php?rest_route=%2Fwp%2Fv2%2Fmedia&parent=7325"}],"wp:term":[{"taxonomy":"product_brand","embeddable":true,"href":"https:\/\/locationdesducs.fr\/index.php?rest_route=%2Fwp%2Fv2%2Fproduct_brand&post=7325"},{"taxonomy":"product_cat","embeddable":true,"href":"https:\/\/locationdesducs.fr\/index.php?rest_route=%2Fwp%2Fv2%2Fproduct_cat&post=7325"},{"taxonomy":"product_tag","embeddable":true,"href":"https:\/\/locationdesducs.fr\/index.php?rest_route=%2Fwp%2Fv2%2Fproduct_tag&post=7325"}],"curies":[{"name":"wp","href":"https:\/\/api.w.org\/{rel}","templated":true}]}}