{"id":7301,"date":"2024-07-17T11:54:07","date_gmt":"2024-07-17T09:54:07","guid":{"rendered":"https:\/\/locationdesducs.fr\/?post_type=product&#038;p=7301"},"modified":"2026-02-19T14:14:18","modified_gmt":"2026-02-19T13:14:18","slug":"tables-rondes-de-8-personnes","status":"publish","type":"product","link":"https:\/\/locationdesducs.fr\/?product=tables-rondes-de-8-personnes","title":{"rendered":"Tables rondes de 8 personnes"},"content":{"rendered":"<p><strong>Location des Ducs<\/strong> vous propose \u00e0 la location des <strong>tables rondes de 8 personnes<\/strong><\/p>\n<p>Parfaites pour vos <strong>r\u00e9ceptions<\/strong>, <strong>mariages<\/strong> et <strong>\u00e9v\u00e9nements sp\u00e9ciaux<\/strong>. Ces <strong>tables rondes<\/strong> offrent un <strong>espace g\u00e9n\u00e9reux<\/strong> pour accueillir confortablement vos invit\u00e9s, favorisant une <strong>ambiance conviviale<\/strong> et <strong>intimiste<\/strong>.<\/p>\n<p>Con\u00e7ues pour \u00eatre \u00e0 la fois <strong>\u00e9l\u00e9gantes<\/strong> et <strong>fonctionnelles<\/strong>, elles s&rsquo;adaptent \u00e0 tous les styles de d\u00e9coration et sont faciles \u00e0 assembler et \u00e0 transporter.<\/p>\n","protected":false},"excerpt":{"rendered":"<p>Location des Ducs vous propose \u00e0 la location des tables rondes de 8 personnes Parfaites pour vos r\u00e9ceptions, mariages et &hellip; <a href=\"https:\/\/locationdesducs.fr\/?product=tables-rondes-de-8-personnes\" class=\"more-link\"><span class=\"more-button\">Voir plus &#8230;<span class=\"screen-reader-text\">Tables rondes de 8 personnes<\/span><\/span><\/a><\/p>\n","protected":false},"featured_media":7302,"template":"","meta":[],"product_brand":[],"product_cat":[87,58],"product_tag":[80,81,75,79,77,78],"class_list":{"0":"post-7301","1":"product","2":"type-product","3":"status-publish","4":"has-post-thumbnail","6":"product_cat-pack-mariage","7":"product_cat-tables","8":"product_tag-anniversaire","9":"product_tag-cocktail","10":"product_tag-location","11":"product_tag-mariage","12":"product_tag-reunion","13":"product_tag-seminaire","15":"first","16":"instock","17":"taxable","18":"shipping-taxable","19":"purchasable","20":"product-type-simple"},"jetpack_sharing_enabled":true,"_links":{"self":[{"href":"https:\/\/locationdesducs.fr\/index.php?rest_route=\/wp\/v2\/product\/7301","targetHints":{"allow":["GET"]}}],"collection":[{"href":"https:\/\/locationdesducs.fr\/index.php?rest_route=\/wp\/v2\/product"}],"about":[{"href":"https:\/\/locationdesducs.fr\/index.php?rest_route=\/wp\/v2\/types\/product"}],"wp:featuredmedia":[{"embeddable":true,"href":"https:\/\/locationdesducs.fr\/index.php?rest_route=\/wp\/v2\/media\/7302"}],"wp:attachment":[{"href":"https:\/\/locationdesducs.fr\/index.php?rest_route=%2Fwp%2Fv2%2Fmedia&parent=7301"}],"wp:term":[{"taxonomy":"product_brand","embeddable":true,"href":"https:\/\/locationdesducs.fr\/index.php?rest_route=%2Fwp%2Fv2%2Fproduct_brand&post=7301"},{"taxonomy":"product_cat","embeddable":true,"href":"https:\/\/locationdesducs.fr\/index.php?rest_route=%2Fwp%2Fv2%2Fproduct_cat&post=7301"},{"taxonomy":"product_tag","embeddable":true,"href":"https:\/\/locationdesducs.fr\/index.php?rest_route=%2Fwp%2Fv2%2Fproduct_tag&post=7301"}],"curies":[{"name":"wp","href":"https:\/\/api.w.org\/{rel}","templated":true}]}}