{"id":7299,"date":"2024-07-17T11:45:57","date_gmt":"2024-07-17T09:45:57","guid":{"rendered":"https:\/\/locationdesducs.fr\/?post_type=product&#038;p=7299"},"modified":"2026-02-19T12:39:28","modified_gmt":"2026-02-19T11:39:28","slug":"table-de-beer-pong","status":"publish","type":"product","link":"https:\/\/locationdesducs.fr\/?product=table-de-beer-pong","title":{"rendered":"Table de beer pong"},"content":{"rendered":"<p><strong>Location des Ducs<\/strong> vous propose \u00e0 la location <b>une table de Bi\u00e8re Pong<\/b><\/p>\n<p><strong>Table de Beer Pong<\/strong> homologu\u00e9e aux World Series of Beer Pong. <strong>Pliable<\/strong> en 4 et facilement transportable avec sa poign\u00e9e int\u00e9gr\u00e9e.<\/p>\n<p>Chaque \u00e9quipe (1 ou 2 joueurs) joue chacun son tour et doit viser les gobelets adverses. Quand le tir est r\u00e9ussi, le gobelet doit \u00eatre bu et retir\u00e9. L&rsquo;\u00e9quipe qui n&rsquo;a plus de gobelets a perdu la partie.<\/p>\n<p>D\u00e9pli\u00e9e la table fait 240 x 60 x 70 cm (longueur x largeur x hauteur). Pli\u00e9e elle fait 60 x 60 x 15cm. Poids : 9 kg.<span class=\"Apple-converted-space\">\u00a0<\/span><\/p>\n","protected":false},"excerpt":{"rendered":"<p>Location des Ducs vous propose \u00e0 la location une table de Bi\u00e8re Pong Table de Beer Pong homologu\u00e9e aux World &hellip; <a href=\"https:\/\/locationdesducs.fr\/?product=table-de-beer-pong\" class=\"more-link\"><span class=\"more-button\">Voir plus &#8230;<span class=\"screen-reader-text\">Table de beer pong<\/span><\/span><\/a><\/p>\n","protected":false},"featured_media":7300,"template":"","meta":[],"product_brand":[],"product_cat":[66],"product_tag":[80,81,75,79,76],"class_list":{"0":"post-7299","1":"product","2":"type-product","3":"status-publish","4":"has-post-thumbnail","6":"product_cat-jeux","7":"product_tag-anniversaire","8":"product_tag-cocktail","9":"product_tag-location","10":"product_tag-mariage","11":"product_tag-salon-exposition","13":"first","14":"instock","15":"taxable","16":"shipping-taxable","17":"purchasable","18":"product-type-simple"},"jetpack_sharing_enabled":true,"_links":{"self":[{"href":"https:\/\/locationdesducs.fr\/index.php?rest_route=\/wp\/v2\/product\/7299","targetHints":{"allow":["GET"]}}],"collection":[{"href":"https:\/\/locationdesducs.fr\/index.php?rest_route=\/wp\/v2\/product"}],"about":[{"href":"https:\/\/locationdesducs.fr\/index.php?rest_route=\/wp\/v2\/types\/product"}],"wp:featuredmedia":[{"embeddable":true,"href":"https:\/\/locationdesducs.fr\/index.php?rest_route=\/wp\/v2\/media\/7300"}],"wp:attachment":[{"href":"https:\/\/locationdesducs.fr\/index.php?rest_route=%2Fwp%2Fv2%2Fmedia&parent=7299"}],"wp:term":[{"taxonomy":"product_brand","embeddable":true,"href":"https:\/\/locationdesducs.fr\/index.php?rest_route=%2Fwp%2Fv2%2Fproduct_brand&post=7299"},{"taxonomy":"product_cat","embeddable":true,"href":"https:\/\/locationdesducs.fr\/index.php?rest_route=%2Fwp%2Fv2%2Fproduct_cat&post=7299"},{"taxonomy":"product_tag","embeddable":true,"href":"https:\/\/locationdesducs.fr\/index.php?rest_route=%2Fwp%2Fv2%2Fproduct_tag&post=7299"}],"curies":[{"name":"wp","href":"https:\/\/api.w.org\/{rel}","templated":true}]}}