{"id":7294,"date":"2024-07-17T11:39:03","date_gmt":"2024-07-17T09:39:03","guid":{"rendered":"https:\/\/locationdesducs.fr\/?post_type=product&#038;p=7294"},"modified":"2026-02-19T12:45:40","modified_gmt":"2026-02-19T11:45:40","slug":"table-pliante-rectangle","status":"publish","type":"product","link":"https:\/\/locationdesducs.fr\/?product=table-pliante-rectangle","title":{"rendered":"Table pliante rectangle"},"content":{"rendered":"<p><strong>Location des Ducs<\/strong> vous propose \u00e0 la location des <strong>tables pliantes rectangles 80 x 180 cm\u00a0<\/strong><\/p>\n<p>Id\u00e9ales pour vos <strong>r\u00e9ceptions<\/strong>, <strong>f\u00eates<\/strong> et <strong>\u00e9v\u00e9nements<\/strong>. Con\u00e7ues pour offrir une <strong>flexibilit\u00e9 maximale<\/strong>, ces tables sont <strong>faciles \u00e0 plier<\/strong> et \u00e0 <strong>ranger<\/strong>, ce qui les rend parfaites pour les espaces de petite taille ou les \u00e9v\u00e9nements n\u00e9cessitant un montage rapide. Leur <strong>design rectangulaire\u00a0<\/strong>offre un <strong>espace g\u00e9n\u00e9reux<\/strong> pour accueillir vos invit\u00e9s ou pr\u00e9senter vos plats.<\/p>\n","protected":false},"excerpt":{"rendered":"<p>Location des Ducs vous propose \u00e0 la location des tables pliantes rectangles 80 x 180 cm\u00a0 Id\u00e9ales pour vos r\u00e9ceptions, &hellip; <a href=\"https:\/\/locationdesducs.fr\/?product=table-pliante-rectangle\" class=\"more-link\"><span class=\"more-button\">Voir plus &#8230;<span class=\"screen-reader-text\">Table pliante rectangle<\/span><\/span><\/a><\/p>\n","protected":false},"featured_media":7296,"template":"","meta":[],"product_brand":[],"product_cat":[53,58],"product_tag":[80,81,75,79,77,78],"class_list":{"0":"post-7294","1":"product","2":"type-product","3":"status-publish","4":"has-post-thumbnail","6":"product_cat-mobilier","7":"product_cat-tables","8":"product_tag-anniversaire","9":"product_tag-cocktail","10":"product_tag-location","11":"product_tag-mariage","12":"product_tag-reunion","13":"product_tag-seminaire","15":"first","16":"instock","17":"taxable","18":"shipping-taxable","19":"purchasable","20":"product-type-simple"},"jetpack_sharing_enabled":true,"_links":{"self":[{"href":"https:\/\/locationdesducs.fr\/index.php?rest_route=\/wp\/v2\/product\/7294","targetHints":{"allow":["GET"]}}],"collection":[{"href":"https:\/\/locationdesducs.fr\/index.php?rest_route=\/wp\/v2\/product"}],"about":[{"href":"https:\/\/locationdesducs.fr\/index.php?rest_route=\/wp\/v2\/types\/product"}],"wp:featuredmedia":[{"embeddable":true,"href":"https:\/\/locationdesducs.fr\/index.php?rest_route=\/wp\/v2\/media\/7296"}],"wp:attachment":[{"href":"https:\/\/locationdesducs.fr\/index.php?rest_route=%2Fwp%2Fv2%2Fmedia&parent=7294"}],"wp:term":[{"taxonomy":"product_brand","embeddable":true,"href":"https:\/\/locationdesducs.fr\/index.php?rest_route=%2Fwp%2Fv2%2Fproduct_brand&post=7294"},{"taxonomy":"product_cat","embeddable":true,"href":"https:\/\/locationdesducs.fr\/index.php?rest_route=%2Fwp%2Fv2%2Fproduct_cat&post=7294"},{"taxonomy":"product_tag","embeddable":true,"href":"https:\/\/locationdesducs.fr\/index.php?rest_route=%2Fwp%2Fv2%2Fproduct_tag&post=7294"}],"curies":[{"name":"wp","href":"https:\/\/api.w.org\/{rel}","templated":true}]}}