{"id":7290,"date":"2024-07-17T11:27:44","date_gmt":"2024-07-17T09:27:44","guid":{"rendered":"https:\/\/locationdesducs.fr\/?post_type=product&#038;p=7290"},"modified":"2026-02-19T12:42:49","modified_gmt":"2026-02-19T11:42:49","slug":"chevalet-en-bois","status":"publish","type":"product","link":"https:\/\/locationdesducs.fr\/?product=chevalet-en-bois","title":{"rendered":"Chevalet en bois 1m50"},"content":{"rendered":"<p><strong>Location des Ducs<\/strong> vous propose \u00e0 la location un <strong>chevalet en bois<\/strong> de <strong>1m50<\/strong><\/p>\n<p>Id\u00e9al pour vos <strong>\u00e9v\u00e9nements<\/strong>, <strong>r\u00e9ceptions<\/strong> et <strong>pr\u00e9sentations<\/strong>. Ce <strong>chevalet robuste<\/strong> est parfait pour afficher des <strong>affiches<\/strong>, des <strong>menus<\/strong> ou des <strong>\u0153uvres d&rsquo;art<\/strong> avec style.<\/p>\n<p>Fabriqu\u00e9 en <strong>bois de haute qualit\u00e9<\/strong>, il allie <strong>\u00e9l\u00e9gance<\/strong> et <strong>fonctionnalit\u00e9<\/strong>, apportant une touche de <strong>chic naturel<\/strong> \u00e0 votre d\u00e9coration. Facile \u00e0 assembler et \u00e0 transporter, ce chevalet est un choix pratique et esth\u00e9tique pour tous vos besoins de pr\u00e9sentation.<\/p>\n","protected":false},"excerpt":{"rendered":"<p>Location des Ducs vous propose \u00e0 la location un chevalet en bois de 1m50 Id\u00e9al pour vos \u00e9v\u00e9nements, r\u00e9ceptions et &hellip; <a href=\"https:\/\/locationdesducs.fr\/?product=chevalet-en-bois\" class=\"more-link\"><span class=\"more-button\">Voir plus &#8230;<span class=\"screen-reader-text\">Chevalet en bois 1m50<\/span><\/span><\/a><\/p>\n","protected":false},"featured_media":7291,"template":"","meta":[],"product_brand":[],"product_cat":[61],"product_tag":[80,81,75,79],"class_list":{"0":"post-7290","1":"product","2":"type-product","3":"status-publish","4":"has-post-thumbnail","6":"product_cat-decoration-accessoires","7":"product_tag-anniversaire","8":"product_tag-cocktail","9":"product_tag-location","10":"product_tag-mariage","12":"first","13":"instock","14":"taxable","15":"shipping-taxable","16":"purchasable","17":"product-type-simple"},"jetpack_sharing_enabled":true,"_links":{"self":[{"href":"https:\/\/locationdesducs.fr\/index.php?rest_route=\/wp\/v2\/product\/7290","targetHints":{"allow":["GET"]}}],"collection":[{"href":"https:\/\/locationdesducs.fr\/index.php?rest_route=\/wp\/v2\/product"}],"about":[{"href":"https:\/\/locationdesducs.fr\/index.php?rest_route=\/wp\/v2\/types\/product"}],"wp:featuredmedia":[{"embeddable":true,"href":"https:\/\/locationdesducs.fr\/index.php?rest_route=\/wp\/v2\/media\/7291"}],"wp:attachment":[{"href":"https:\/\/locationdesducs.fr\/index.php?rest_route=%2Fwp%2Fv2%2Fmedia&parent=7290"}],"wp:term":[{"taxonomy":"product_brand","embeddable":true,"href":"https:\/\/locationdesducs.fr\/index.php?rest_route=%2Fwp%2Fv2%2Fproduct_brand&post=7290"},{"taxonomy":"product_cat","embeddable":true,"href":"https:\/\/locationdesducs.fr\/index.php?rest_route=%2Fwp%2Fv2%2Fproduct_cat&post=7290"},{"taxonomy":"product_tag","embeddable":true,"href":"https:\/\/locationdesducs.fr\/index.php?rest_route=%2Fwp%2Fv2%2Fproduct_tag&post=7290"}],"curies":[{"name":"wp","href":"https:\/\/api.w.org\/{rel}","templated":true}]}}