{"id":7279,"date":"2024-07-16T16:23:46","date_gmt":"2024-07-16T14:23:46","guid":{"rendered":"https:\/\/locationdesducs.fr\/?post_type=product&#038;p=7279"},"modified":"2026-02-19T14:04:47","modified_gmt":"2026-02-19T13:04:47","slug":"borne-photo-instantanee","status":"publish","type":"product","link":"https:\/\/locationdesducs.fr\/?product=borne-photo-instantanee","title":{"rendered":"Photobooth"},"content":{"rendered":"<p>Location des Ducs vous propose \u00e0 la location <strong>des<\/strong><b> photobooth.<\/b><\/p>\n<p>Que ce soit pour un mariage, un \u00e9v\u00e9nement d\u2019entreprise ou tout autre \u00e9v\u00e9nement, elles ajouteront une touche de fun.<span class=\"Apple-converted-space\">\u00a0<\/span><\/p>\n<ul>\n<li>\u00a0400 tirages instantan\u00e9es<span class=\"Apple-converted-space\">\u00a0<\/span><\/li>\n<li>Cadre personnalisable<span class=\"Apple-converted-space\">\u00a0<\/span><\/li>\n<li>T\u00e9l\u00e9chargez gratuitement en illimit\u00e9 vos photos via un QR code sur place<\/li>\n<\/ul>\n<p>Pour 390\u20ac TTC tout est compris, de la livraison dans Dijon, \u00a0son installation et \u00e0 la personnalisation de la maquette \u00e0 l\u2019image de votre \u00e9v\u00e8nement.<span class=\"Apple-converted-space\">\u00a0<\/span><\/p>\n","protected":false},"excerpt":{"rendered":"<p>Location des Ducs vous propose \u00e0 la location des photobooth. Que ce soit pour un mariage, un \u00e9v\u00e9nement d\u2019entreprise ou &hellip; <a href=\"https:\/\/locationdesducs.fr\/?product=borne-photo-instantanee\" class=\"more-link\"><span class=\"more-button\">Voir plus &#8230;<span class=\"screen-reader-text\">Photobooth<\/span><\/span><\/a><\/p>\n","protected":false},"featured_media":8824,"template":"","meta":[],"product_brand":[],"product_cat":[64,61,67,66,68,88,85,86,87,84,73,74,70],"product_tag":[80,81,82,75,79,77,76,78],"class_list":{"0":"post-7279","1":"product","2":"type-product","3":"status-publish","4":"has-post-thumbnail","6":"product_cat-autres-mobiliers","7":"product_cat-decoration-accessoires","8":"product_cat-electromenager","9":"product_cat-jeux","10":"product_cat-materiel-audiovisuel","11":"product_cat-pack-anniversaire","12":"product_cat-pack-dj-sonorisation","13":"product_cat-pack-evenements-professionnels","14":"product_cat-pack-mariage","15":"product_cat-pack-salon-exposition","16":"product_cat-photobooth","17":"product_cat-popular","18":"product_cat-video","19":"product_tag-anniversaire","20":"product_tag-cocktail","21":"product_tag-dj","22":"product_tag-location","23":"product_tag-mariage","24":"product_tag-reunion","25":"product_tag-salon-exposition","26":"product_tag-seminaire","28":"first","29":"instock","30":"taxable","31":"shipping-taxable","32":"purchasable","33":"product-type-simple"},"jetpack_sharing_enabled":true,"_links":{"self":[{"href":"https:\/\/locationdesducs.fr\/index.php?rest_route=\/wp\/v2\/product\/7279","targetHints":{"allow":["GET"]}}],"collection":[{"href":"https:\/\/locationdesducs.fr\/index.php?rest_route=\/wp\/v2\/product"}],"about":[{"href":"https:\/\/locationdesducs.fr\/index.php?rest_route=\/wp\/v2\/types\/product"}],"wp:featuredmedia":[{"embeddable":true,"href":"https:\/\/locationdesducs.fr\/index.php?rest_route=\/wp\/v2\/media\/8824"}],"wp:attachment":[{"href":"https:\/\/locationdesducs.fr\/index.php?rest_route=%2Fwp%2Fv2%2Fmedia&parent=7279"}],"wp:term":[{"taxonomy":"product_brand","embeddable":true,"href":"https:\/\/locationdesducs.fr\/index.php?rest_route=%2Fwp%2Fv2%2Fproduct_brand&post=7279"},{"taxonomy":"product_cat","embeddable":true,"href":"https:\/\/locationdesducs.fr\/index.php?rest_route=%2Fwp%2Fv2%2Fproduct_cat&post=7279"},{"taxonomy":"product_tag","embeddable":true,"href":"https:\/\/locationdesducs.fr\/index.php?rest_route=%2Fwp%2Fv2%2Fproduct_tag&post=7279"}],"curies":[{"name":"wp","href":"https:\/\/api.w.org\/{rel}","templated":true}]}}