{"id":7278,"date":"2024-07-16T16:22:07","date_gmt":"2024-07-16T14:22:07","guid":{"rendered":"https:\/\/locationdesducs.fr\/?post_type=product&#038;p=7278"},"modified":"2026-02-19T14:09:01","modified_gmt":"2026-02-19T13:09:01","slug":"canape-3-places","status":"publish","type":"product","link":"https:\/\/locationdesducs.fr\/?product=canape-3-places","title":{"rendered":"Canap\u00e9 3 places"},"content":{"rendered":"<p><strong>Location des Ducs<\/strong> vous propose \u00e0 la location un <strong>canap\u00e9 3 places gris<\/strong><\/p>\n<p>Parfait pour apporter confort et <strong>\u00e9l\u00e9gance<\/strong> \u00e0 vos <strong>r\u00e9ceptions<\/strong>, <strong>\u00e9v\u00e9nements<\/strong> et <strong>espaces de vie<\/strong>.<\/p>\n<p>Ce <strong>canap\u00e9 spacieux<\/strong> offre un <strong>design moderne<\/strong> et <strong>chic<\/strong>, avec son rev\u00eatement en <strong>tissu gris<\/strong> qui s\u2019int\u00e8gre harmonieusement dans tout type de d\u00e9coration int\u00e9rieure. Ses <strong>coussins rembourr\u00e9s<\/strong> garantissent un <strong>confort optimal<\/strong> pour vos invit\u00e9s.<\/p>\n","protected":false},"excerpt":{"rendered":"<p>Location des Ducs vous propose \u00e0 la location un canap\u00e9 3 places gris Parfait pour apporter confort et \u00e9l\u00e9gance \u00e0 &hellip; <a href=\"https:\/\/locationdesducs.fr\/?product=canape-3-places\" class=\"more-link\"><span class=\"more-button\">Voir plus &#8230;<span class=\"screen-reader-text\">Canap\u00e9 3 places<\/span><\/span><\/a><\/p>\n","protected":false},"featured_media":7277,"template":"","meta":[],"product_brand":[],"product_cat":[57,84],"product_tag":[80,81,75,79,77,76,78],"class_list":{"0":"post-7278","1":"product","2":"type-product","3":"status-publish","4":"has-post-thumbnail","6":"product_cat-canapes","7":"product_cat-pack-salon-exposition","8":"product_tag-anniversaire","9":"product_tag-cocktail","10":"product_tag-location","11":"product_tag-mariage","12":"product_tag-reunion","13":"product_tag-salon-exposition","14":"product_tag-seminaire","16":"first","17":"instock","18":"taxable","19":"shipping-taxable","20":"purchasable","21":"product-type-simple"},"jetpack_sharing_enabled":true,"_links":{"self":[{"href":"https:\/\/locationdesducs.fr\/index.php?rest_route=\/wp\/v2\/product\/7278","targetHints":{"allow":["GET"]}}],"collection":[{"href":"https:\/\/locationdesducs.fr\/index.php?rest_route=\/wp\/v2\/product"}],"about":[{"href":"https:\/\/locationdesducs.fr\/index.php?rest_route=\/wp\/v2\/types\/product"}],"wp:featuredmedia":[{"embeddable":true,"href":"https:\/\/locationdesducs.fr\/index.php?rest_route=\/wp\/v2\/media\/7277"}],"wp:attachment":[{"href":"https:\/\/locationdesducs.fr\/index.php?rest_route=%2Fwp%2Fv2%2Fmedia&parent=7278"}],"wp:term":[{"taxonomy":"product_brand","embeddable":true,"href":"https:\/\/locationdesducs.fr\/index.php?rest_route=%2Fwp%2Fv2%2Fproduct_brand&post=7278"},{"taxonomy":"product_cat","embeddable":true,"href":"https:\/\/locationdesducs.fr\/index.php?rest_route=%2Fwp%2Fv2%2Fproduct_cat&post=7278"},{"taxonomy":"product_tag","embeddable":true,"href":"https:\/\/locationdesducs.fr\/index.php?rest_route=%2Fwp%2Fv2%2Fproduct_tag&post=7278"}],"curies":[{"name":"wp","href":"https:\/\/api.w.org\/{rel}","templated":true}]}}