{"id":7271,"date":"2024-07-16T16:20:58","date_gmt":"2024-07-16T14:20:58","guid":{"rendered":"https:\/\/locationdesducs.fr\/?post_type=product&#038;p=7271"},"modified":"2026-02-19T14:07:14","modified_gmt":"2026-02-19T13:07:14","slug":"borne-darcade","status":"publish","type":"product","link":"https:\/\/locationdesducs.fr\/?product=borne-darcade","title":{"rendered":"Borne d&rsquo;arcade"},"content":{"rendered":"<p>Location des Ducs vous propose \u00e0 la location\u00a0<strong>borne d&rsquo;arcade<\/strong> XXL classic Atari. Plus large et plus grande qu&rsquo;une borne d&rsquo;arcade traditionnelle avec un \u00e9cran 32 pouces.<\/p>\n<p>D\u00e9corez votre borne d&rsquo;arcade avec un style sobre motif bois qui peut d&rsquo;adapter \u00e0 tout type d&rsquo;int\u00e9rieur.<\/p>\n<p>Dans un style r\u00e9tro des bornes d&rsquo;arcade de notre enfance mais avec les technologies\u00a0<strong>multi jeux<\/strong> modernes, cette machine d&rsquo;arcade contient 5142 jeux d&rsquo;arcade.<\/p>\n","protected":false},"excerpt":{"rendered":"<p>Location des Ducs vous propose \u00e0 la location\u00a0borne d&rsquo;arcade XXL classic Atari. Plus large et plus grande qu&rsquo;une borne d&rsquo;arcade &hellip; <a href=\"https:\/\/locationdesducs.fr\/?product=borne-darcade\" class=\"more-link\"><span class=\"more-button\">Voir plus &#8230;<span class=\"screen-reader-text\">Borne d&rsquo;arcade<\/span><\/span><\/a><\/p>\n","protected":false},"featured_media":8813,"template":"","meta":[],"product_brand":[],"product_cat":[66,88],"product_tag":[80,81,75,79,76],"class_list":{"0":"post-7271","1":"product","2":"type-product","3":"status-publish","4":"has-post-thumbnail","6":"product_cat-jeux","7":"product_cat-pack-anniversaire","8":"product_tag-anniversaire","9":"product_tag-cocktail","10":"product_tag-location","11":"product_tag-mariage","12":"product_tag-salon-exposition","14":"first","15":"instock","16":"taxable","17":"shipping-taxable","18":"purchasable","19":"product-type-simple"},"jetpack_sharing_enabled":true,"_links":{"self":[{"href":"https:\/\/locationdesducs.fr\/index.php?rest_route=\/wp\/v2\/product\/7271","targetHints":{"allow":["GET"]}}],"collection":[{"href":"https:\/\/locationdesducs.fr\/index.php?rest_route=\/wp\/v2\/product"}],"about":[{"href":"https:\/\/locationdesducs.fr\/index.php?rest_route=\/wp\/v2\/types\/product"}],"wp:featuredmedia":[{"embeddable":true,"href":"https:\/\/locationdesducs.fr\/index.php?rest_route=\/wp\/v2\/media\/8813"}],"wp:attachment":[{"href":"https:\/\/locationdesducs.fr\/index.php?rest_route=%2Fwp%2Fv2%2Fmedia&parent=7271"}],"wp:term":[{"taxonomy":"product_brand","embeddable":true,"href":"https:\/\/locationdesducs.fr\/index.php?rest_route=%2Fwp%2Fv2%2Fproduct_brand&post=7271"},{"taxonomy":"product_cat","embeddable":true,"href":"https:\/\/locationdesducs.fr\/index.php?rest_route=%2Fwp%2Fv2%2Fproduct_cat&post=7271"},{"taxonomy":"product_tag","embeddable":true,"href":"https:\/\/locationdesducs.fr\/index.php?rest_route=%2Fwp%2Fv2%2Fproduct_tag&post=7271"}],"curies":[{"name":"wp","href":"https:\/\/api.w.org\/{rel}","templated":true}]}}