{"id":7270,"date":"2024-07-16T16:09:54","date_gmt":"2024-07-16T14:09:54","guid":{"rendered":"https:\/\/locationdesducs.fr\/?post_type=product&#038;p=7270"},"modified":"2026-02-19T12:44:15","modified_gmt":"2026-02-19T11:44:15","slug":"tireuse-a-biere-1-bec","status":"publish","type":"product","link":"https:\/\/locationdesducs.fr\/?product=tireuse-a-biere-1-bec","title":{"rendered":"Tireuse \u00e0 bi\u00e8re (1 bec)"},"content":{"rendered":"<p>Location des Ducs vous propose \u00e0 la location <strong>une tireuse \u00e0 bi\u00e8re &#8211; PYGMY 25 LE, 1 ligne, refroidisseur sec, 30 litres\/heure<\/strong><\/p>\n<p>Ce <strong>syst\u00e8me avanc\u00e9 de distribution de bi\u00e8re<\/strong> garantit un service facile avec la <strong>quantit\u00e9 de mousse id\u00e9ale<\/strong> tout en maintenant une <strong>temp\u00e9rature constante<\/strong>. Le <strong>refroidisseur \u00e0 flux sec<\/strong> et la <strong>bo\u00eete \u00e0 bi\u00e8re PYGMY 25 LE<\/strong> offrent une efficacit\u00e9 remarquable, avec une technologie de refroidissement <strong>45 % plus efficace<\/strong> que les syst\u00e8mes traditionnels. Ce syst\u00e8me monoligne permet de servir rapidement et efficacement un grand nombre de clients \u00e0 tout moment, assurant une exp\u00e9rience de d\u00e9gustation optimale.<\/p>\n","protected":false},"excerpt":{"rendered":"<p>Location des Ducs vous propose \u00e0 la location une tireuse \u00e0 bi\u00e8re &#8211; PYGMY 25 LE, 1 ligne, refroidisseur sec, &hellip; <a href=\"https:\/\/locationdesducs.fr\/?product=tireuse-a-biere-1-bec\" class=\"more-link\"><span class=\"more-button\">Voir plus &#8230;<span class=\"screen-reader-text\">Tireuse \u00e0 bi\u00e8re (1 bec)<\/span><\/span><\/a><\/p>\n","protected":false},"featured_media":7269,"template":"","meta":[],"product_brand":[],"product_cat":[67],"product_tag":[80,81,75,79,77,76,78],"class_list":{"0":"post-7270","1":"product","2":"type-product","3":"status-publish","4":"has-post-thumbnail","6":"product_cat-electromenager","7":"product_tag-anniversaire","8":"product_tag-cocktail","9":"product_tag-location","10":"product_tag-mariage","11":"product_tag-reunion","12":"product_tag-salon-exposition","13":"product_tag-seminaire","15":"first","16":"instock","17":"taxable","18":"shipping-taxable","19":"purchasable","20":"product-type-simple"},"jetpack_sharing_enabled":true,"_links":{"self":[{"href":"https:\/\/locationdesducs.fr\/index.php?rest_route=\/wp\/v2\/product\/7270","targetHints":{"allow":["GET"]}}],"collection":[{"href":"https:\/\/locationdesducs.fr\/index.php?rest_route=\/wp\/v2\/product"}],"about":[{"href":"https:\/\/locationdesducs.fr\/index.php?rest_route=\/wp\/v2\/types\/product"}],"wp:featuredmedia":[{"embeddable":true,"href":"https:\/\/locationdesducs.fr\/index.php?rest_route=\/wp\/v2\/media\/7269"}],"wp:attachment":[{"href":"https:\/\/locationdesducs.fr\/index.php?rest_route=%2Fwp%2Fv2%2Fmedia&parent=7270"}],"wp:term":[{"taxonomy":"product_brand","embeddable":true,"href":"https:\/\/locationdesducs.fr\/index.php?rest_route=%2Fwp%2Fv2%2Fproduct_brand&post=7270"},{"taxonomy":"product_cat","embeddable":true,"href":"https:\/\/locationdesducs.fr\/index.php?rest_route=%2Fwp%2Fv2%2Fproduct_cat&post=7270"},{"taxonomy":"product_tag","embeddable":true,"href":"https:\/\/locationdesducs.fr\/index.php?rest_route=%2Fwp%2Fv2%2Fproduct_tag&post=7270"}],"curies":[{"name":"wp","href":"https:\/\/api.w.org\/{rel}","templated":true}]}}