{"id":7252,"date":"2024-07-16T15:52:29","date_gmt":"2024-07-16T13:52:29","guid":{"rendered":"https:\/\/locationdesducs.fr\/?post_type=product&#038;p=7252"},"modified":"2026-02-19T12:40:54","modified_gmt":"2026-02-19T11:40:54","slug":"congelateur-198l","status":"publish","type":"product","link":"https:\/\/locationdesducs.fr\/?product=congelateur-198l","title":{"rendered":"Cong\u00e9lateur 198L"},"content":{"rendered":"<p>Location des Ducs vous propose \u00e0 la location <b>un Cong\u00e9lateur coffre de 198L<\/b><\/p>\n<p>Permet de stocker une grande quantit\u00e9 de produits alimentaires lors de vos <strong>\u00e9v\u00e9nements<\/strong>, <strong>r\u00e9ceptions<\/strong> et <strong>f\u00eates<\/strong>. Ce <strong>cong\u00e9lateur spacieux<\/strong> offre une capacit\u00e9 de 198 litres, parfait pour garder vos aliments et boissons \u00e0 une <strong>temp\u00e9rature optimale<\/strong>. \u00c9quip\u00e9 d&rsquo;un <strong>syst\u00e8me de refroidissement puissant<\/strong> et d&rsquo;une <strong>isolation efficace<\/strong>, il assure une conservation longue dur\u00e9e et une <strong>\u00e9conomie d&rsquo;\u00e9nergie<\/strong>.<\/p>\n<p>Un panier permettant de moduler le rangement de son cong\u00e9lateur. Dimensions produit de H 85 cm x L 81,6 cm x P 55 cm avec un poids brut 87 kg.<\/p>\n","protected":false},"excerpt":{"rendered":"<p>Location des Ducs vous propose \u00e0 la location un Cong\u00e9lateur coffre de 198L Permet de stocker une grande quantit\u00e9 de &hellip; <a href=\"https:\/\/locationdesducs.fr\/?product=congelateur-198l\" class=\"more-link\"><span class=\"more-button\">Voir plus &#8230;<span class=\"screen-reader-text\">Cong\u00e9lateur 198L<\/span><\/span><\/a><\/p>\n","protected":false},"featured_media":7253,"template":"","meta":[],"product_brand":[],"product_cat":[67],"product_tag":[75],"class_list":{"0":"post-7252","1":"product","2":"type-product","3":"status-publish","4":"has-post-thumbnail","6":"product_cat-electromenager","7":"product_tag-location","9":"first","10":"instock","11":"taxable","12":"shipping-taxable","13":"purchasable","14":"product-type-simple"},"jetpack_sharing_enabled":true,"_links":{"self":[{"href":"https:\/\/locationdesducs.fr\/index.php?rest_route=\/wp\/v2\/product\/7252","targetHints":{"allow":["GET"]}}],"collection":[{"href":"https:\/\/locationdesducs.fr\/index.php?rest_route=\/wp\/v2\/product"}],"about":[{"href":"https:\/\/locationdesducs.fr\/index.php?rest_route=\/wp\/v2\/types\/product"}],"wp:featuredmedia":[{"embeddable":true,"href":"https:\/\/locationdesducs.fr\/index.php?rest_route=\/wp\/v2\/media\/7253"}],"wp:attachment":[{"href":"https:\/\/locationdesducs.fr\/index.php?rest_route=%2Fwp%2Fv2%2Fmedia&parent=7252"}],"wp:term":[{"taxonomy":"product_brand","embeddable":true,"href":"https:\/\/locationdesducs.fr\/index.php?rest_route=%2Fwp%2Fv2%2Fproduct_brand&post=7252"},{"taxonomy":"product_cat","embeddable":true,"href":"https:\/\/locationdesducs.fr\/index.php?rest_route=%2Fwp%2Fv2%2Fproduct_cat&post=7252"},{"taxonomy":"product_tag","embeddable":true,"href":"https:\/\/locationdesducs.fr\/index.php?rest_route=%2Fwp%2Fv2%2Fproduct_tag&post=7252"}],"curies":[{"name":"wp","href":"https:\/\/api.w.org\/{rel}","templated":true}]}}