{"id":7245,"date":"2024-07-16T15:38:57","date_gmt":"2024-07-16T13:38:57","guid":{"rendered":"https:\/\/locationdesducs.fr\/?post_type=product&#038;p=7245"},"modified":"2026-02-19T14:14:53","modified_gmt":"2026-02-19T13:14:53","slug":"tonelle-3x3","status":"publish","type":"product","link":"https:\/\/locationdesducs.fr\/?product=tonelle-3x3","title":{"rendered":"Tonelle 3&#215;3"},"content":{"rendered":"<div class=\"flex-shrink-0 flex flex-col relative items-end\">\n<div>\n<div class=\"pt-0\">\n<div class=\"gizmo-bot-avatar flex h-8 w-8 items-center justify-center overflow-hidden rounded-full\"><\/div>\n<\/div>\n<\/div>\n<\/div>\n<div class=\"group\/conversation-turn relative flex w-full min-w-0 flex-col agent-turn\">\n<div class=\"flex-col gap-1 md:gap-3\">\n<div class=\"flex flex-grow flex-col max-w-full\">\n<div class=\"min-h-[20px] text-message flex w-full flex-col items-end gap-2 whitespace-pre-wrap break-words [.text-message+&amp;]:mt-5 overflow-x-auto\" dir=\"auto\" data-message-author-role=\"assistant\" data-message-id=\"f4e755ba-70d4-4e58-aa19-66cf5e739458\">\n<div class=\"flex w-full flex-col gap-1 empty:hidden first:pt-[3px]\">\n<div class=\"markdown prose w-full break-words dark:prose-invert light\">\n<p><strong>Location des Ducs<\/strong> vous propose \u00e0 la location une <strong>tonnelle de 3x3m noire<\/strong><\/p>\n<p>Id\u00e9ale pour vos <strong>\u00e9v\u00e9nements en ext\u00e9rieur<\/strong>, <strong>r\u00e9ceptions<\/strong> et <strong>foires<\/strong>. Cette <strong>tonnelle \u00e9l\u00e9gante<\/strong> offre une couverture spacieuse de 3&#215;3 m\u00e8tres, parfaite pour cr\u00e9er un espace abrit\u00e9 pour vos invit\u00e9s.<\/p>\n<p>Fabriqu\u00e9e avec des mat\u00e9riaux de haute qualit\u00e9, elle est \u00e0 la fois <strong>robuste<\/strong> et <strong>r\u00e9sistante aux intemp\u00e9ries<\/strong>, garantissant une protection efficace contre le soleil et la pluie.<\/p>\n<\/div>\n<\/div>\n<\/div>\n<\/div>\n<\/div>\n<\/div>\n","protected":false},"excerpt":{"rendered":"<p>Location des Ducs vous propose \u00e0 la location une tonnelle de 3x3m noire Id\u00e9ale pour vos \u00e9v\u00e9nements en ext\u00e9rieur, r\u00e9ceptions &hellip; <a href=\"https:\/\/locationdesducs.fr\/?product=tonelle-3x3\" class=\"more-link\"><span class=\"more-button\">Voir plus &#8230;<span class=\"screen-reader-text\">Tonelle 3&#215;3<\/span><\/span><\/a><\/p>\n","protected":false},"featured_media":7242,"template":"","meta":[],"product_brand":[],"product_cat":[64,87],"product_tag":[80,81,75,79],"class_list":{"0":"post-7245","1":"product","2":"type-product","3":"status-publish","4":"has-post-thumbnail","6":"product_cat-autres-mobiliers","7":"product_cat-pack-mariage","8":"product_tag-anniversaire","9":"product_tag-cocktail","10":"product_tag-location","11":"product_tag-mariage","13":"first","14":"instock","15":"taxable","16":"shipping-taxable","17":"purchasable","18":"product-type-simple"},"jetpack_sharing_enabled":true,"_links":{"self":[{"href":"https:\/\/locationdesducs.fr\/index.php?rest_route=\/wp\/v2\/product\/7245","targetHints":{"allow":["GET"]}}],"collection":[{"href":"https:\/\/locationdesducs.fr\/index.php?rest_route=\/wp\/v2\/product"}],"about":[{"href":"https:\/\/locationdesducs.fr\/index.php?rest_route=\/wp\/v2\/types\/product"}],"wp:featuredmedia":[{"embeddable":true,"href":"https:\/\/locationdesducs.fr\/index.php?rest_route=\/wp\/v2\/media\/7242"}],"wp:attachment":[{"href":"https:\/\/locationdesducs.fr\/index.php?rest_route=%2Fwp%2Fv2%2Fmedia&parent=7245"}],"wp:term":[{"taxonomy":"product_brand","embeddable":true,"href":"https:\/\/locationdesducs.fr\/index.php?rest_route=%2Fwp%2Fv2%2Fproduct_brand&post=7245"},{"taxonomy":"product_cat","embeddable":true,"href":"https:\/\/locationdesducs.fr\/index.php?rest_route=%2Fwp%2Fv2%2Fproduct_cat&post=7245"},{"taxonomy":"product_tag","embeddable":true,"href":"https:\/\/locationdesducs.fr\/index.php?rest_route=%2Fwp%2Fv2%2Fproduct_tag&post=7245"}],"curies":[{"name":"wp","href":"https:\/\/api.w.org\/{rel}","templated":true}]}}