{"id":7234,"date":"2024-07-16T15:35:35","date_gmt":"2024-07-16T13:35:35","guid":{"rendered":"https:\/\/locationdesducs.fr\/?post_type=product&#038;p=7234"},"modified":"2026-03-11T16:59:19","modified_gmt":"2026-03-11T15:59:19","slug":"television-samsung-85","status":"publish","type":"product","link":"https:\/\/locationdesducs.fr\/?product=television-samsung-85","title":{"rendered":"T\u00e9l\u00e9vision SAMSUNG 85&Prime;"},"content":{"rendered":"<p>Location des Ducs vous propose \u00e0 la location <b>une TV UHD 4K 85&Prime; SAMSUNG SMART TV.<\/b><\/p>\n<p>D\u00e9couvrez une <strong>d\u00e9finition d\u2019image exceptionnelle<\/strong> avec une r\u00e9solution <strong>4 fois sup\u00e9rieure<\/strong> \u00e0 celle des t\u00e9l\u00e9viseurs <strong>Full HD 1080p<\/strong>. Gr\u00e2ce aux <strong>3 ports HDMI<\/strong>, vous pouvez <strong>connecter divers appareils<\/strong> \u00e0 votre TV pour transmettre des <strong>images et des sons en haute d\u00e9finition<\/strong>.<\/p>\n<p>De plus, les <strong>smart TV<\/strong> permettent une <strong>connexion \u00e0 internet<\/strong>, vous donnant acc\u00e8s \u00e0 tous vos <strong>contenus pr\u00e9f\u00e9r\u00e9s<\/strong> en ligne. Profitez d\u2019une <strong>qualit\u00e9 visuelle in\u00e9gal\u00e9e<\/strong> et d\u2019une <strong>exp\u00e9rience multim\u00e9dia enrichissante<\/strong>.<\/p>\n<p>Dimensions du produit : <strong>H 118,7 cm x L 189,6 cm x P 39,2 cm<\/strong>.<\/p>\n","protected":false},"excerpt":{"rendered":"<p>Location des Ducs vous propose \u00e0 la location une TV UHD 4K 85&Prime; SAMSUNG SMART TV. D\u00e9couvrez une d\u00e9finition d\u2019image &hellip; <a href=\"https:\/\/locationdesducs.fr\/?product=television-samsung-85\" class=\"more-link\"><span class=\"more-button\">Voir plus &#8230;<span class=\"screen-reader-text\">T\u00e9l\u00e9vision SAMSUNG 85&Prime;<\/span><\/span><\/a><\/p>\n","protected":false},"featured_media":8982,"template":"","meta":[],"product_brand":[],"product_cat":[84,70],"product_tag":[80,81,82,75,79,77,76,78],"class_list":{"0":"post-7234","1":"product","2":"type-product","3":"status-publish","4":"has-post-thumbnail","6":"product_cat-pack-salon-exposition","7":"product_cat-video","8":"product_tag-anniversaire","9":"product_tag-cocktail","10":"product_tag-dj","11":"product_tag-location","12":"product_tag-mariage","13":"product_tag-reunion","14":"product_tag-salon-exposition","15":"product_tag-seminaire","17":"first","18":"instock","19":"taxable","20":"shipping-taxable","21":"purchasable","22":"product-type-simple"},"jetpack_sharing_enabled":true,"_links":{"self":[{"href":"https:\/\/locationdesducs.fr\/index.php?rest_route=\/wp\/v2\/product\/7234","targetHints":{"allow":["GET"]}}],"collection":[{"href":"https:\/\/locationdesducs.fr\/index.php?rest_route=\/wp\/v2\/product"}],"about":[{"href":"https:\/\/locationdesducs.fr\/index.php?rest_route=\/wp\/v2\/types\/product"}],"wp:featuredmedia":[{"embeddable":true,"href":"https:\/\/locationdesducs.fr\/index.php?rest_route=\/wp\/v2\/media\/8982"}],"wp:attachment":[{"href":"https:\/\/locationdesducs.fr\/index.php?rest_route=%2Fwp%2Fv2%2Fmedia&parent=7234"}],"wp:term":[{"taxonomy":"product_brand","embeddable":true,"href":"https:\/\/locationdesducs.fr\/index.php?rest_route=%2Fwp%2Fv2%2Fproduct_brand&post=7234"},{"taxonomy":"product_cat","embeddable":true,"href":"https:\/\/locationdesducs.fr\/index.php?rest_route=%2Fwp%2Fv2%2Fproduct_cat&post=7234"},{"taxonomy":"product_tag","embeddable":true,"href":"https:\/\/locationdesducs.fr\/index.php?rest_route=%2Fwp%2Fv2%2Fproduct_tag&post=7234"}],"curies":[{"name":"wp","href":"https:\/\/api.w.org\/{rel}","templated":true}]}}