{"id":7233,"date":"2024-07-16T15:25:22","date_gmt":"2024-07-16T13:25:22","guid":{"rendered":"https:\/\/locationdesducs.fr\/?post_type=product&#038;p=7233"},"modified":"2026-02-19T12:47:58","modified_gmt":"2026-02-19T11:47:58","slug":"refrigerateur-242l","status":"publish","type":"product","link":"https:\/\/locationdesducs.fr\/?product=refrigerateur-242l","title":{"rendered":"R\u00e9frig\u00e9rateur 242L"},"content":{"rendered":"<p><strong>Location des Ducs<\/strong> vous propose \u00e0 la location un <strong>r\u00e9frig\u00e9rateur de 242L<\/strong><\/p>\n<p>Id\u00e9al pour vos <strong>\u00e9v\u00e9nements<\/strong>, <strong>r\u00e9ceptions<\/strong> et <strong>r\u00e9unions<\/strong>. Ce <strong>r\u00e9frig\u00e9rateur spacieux<\/strong> offre une capacit\u00e9 g\u00e9n\u00e9reuse de 242 litres, parfait pour conserver une grande quantit\u00e9 d&rsquo;<strong>aliments<\/strong> et de <strong>boissons<\/strong> \u00e0 une <strong>temp\u00e9rature optimale<\/strong>.<\/p>\n<p>Dot\u00e9 d&rsquo;une <strong>technologie de refroidissement avanc\u00e9e<\/strong>, ce r\u00e9frig\u00e9rateur assure une <strong>conservation longue dur\u00e9e<\/strong> tout en \u00e9tant \u00e9conome en \u00e9nergie.<\/p>\n<p>Ce r\u00e9frig\u00e9rateur \u00e0 froid statique permet de r\u00e9partir le froid de fa\u00e7on naturelle. Dimensions produit de H 142,6 cm x L 54,4 cm x P 55,6 cm avec un poids brut de 42 kg.<\/p>\n","protected":false},"excerpt":{"rendered":"<p>Location des Ducs vous propose \u00e0 la location un r\u00e9frig\u00e9rateur de 242L Id\u00e9al pour vos \u00e9v\u00e9nements, r\u00e9ceptions et r\u00e9unions. Ce &hellip; <a href=\"https:\/\/locationdesducs.fr\/?product=refrigerateur-242l\" class=\"more-link\"><span class=\"more-button\">Voir plus &#8230;<span class=\"screen-reader-text\">R\u00e9frig\u00e9rateur 242L<\/span><\/span><\/a><\/p>\n","protected":false},"featured_media":7230,"template":"","meta":[],"product_brand":[],"product_cat":[67],"product_tag":[75],"class_list":{"0":"post-7233","1":"product","2":"type-product","3":"status-publish","4":"has-post-thumbnail","6":"product_cat-electromenager","7":"product_tag-location","9":"first","10":"instock","11":"taxable","12":"shipping-taxable","13":"purchasable","14":"product-type-simple"},"jetpack_sharing_enabled":true,"_links":{"self":[{"href":"https:\/\/locationdesducs.fr\/index.php?rest_route=\/wp\/v2\/product\/7233","targetHints":{"allow":["GET"]}}],"collection":[{"href":"https:\/\/locationdesducs.fr\/index.php?rest_route=\/wp\/v2\/product"}],"about":[{"href":"https:\/\/locationdesducs.fr\/index.php?rest_route=\/wp\/v2\/types\/product"}],"wp:featuredmedia":[{"embeddable":true,"href":"https:\/\/locationdesducs.fr\/index.php?rest_route=\/wp\/v2\/media\/7230"}],"wp:attachment":[{"href":"https:\/\/locationdesducs.fr\/index.php?rest_route=%2Fwp%2Fv2%2Fmedia&parent=7233"}],"wp:term":[{"taxonomy":"product_brand","embeddable":true,"href":"https:\/\/locationdesducs.fr\/index.php?rest_route=%2Fwp%2Fv2%2Fproduct_brand&post=7233"},{"taxonomy":"product_cat","embeddable":true,"href":"https:\/\/locationdesducs.fr\/index.php?rest_route=%2Fwp%2Fv2%2Fproduct_cat&post=7233"},{"taxonomy":"product_tag","embeddable":true,"href":"https:\/\/locationdesducs.fr\/index.php?rest_route=%2Fwp%2Fv2%2Fproduct_tag&post=7233"}],"curies":[{"name":"wp","href":"https:\/\/api.w.org\/{rel}","templated":true}]}}