{"id":7226,"date":"2024-07-16T15:10:45","date_gmt":"2024-07-16T13:10:45","guid":{"rendered":"https:\/\/locationdesducs.fr\/?post_type=product&#038;p=7226"},"modified":"2026-02-19T14:11:22","modified_gmt":"2026-02-19T13:11:22","slug":"tapis-2m-x-3m","status":"publish","type":"product","link":"https:\/\/locationdesducs.fr\/?product=tapis-2m-x-3m","title":{"rendered":"Tapis 2m x 3m"},"content":{"rendered":"<p>Location des Ducs vous propose \u00e0 la location <b>des tapis\u00a0Berb\u00e8re.<\/b><\/p>\n<p><strong>Location des Ducs<\/strong> vous propose \u00e0 la location un <strong>tapis Berb\u00e8re<\/strong>, id\u00e9al pour ajouter une touche d&rsquo;<strong>authenticit\u00e9<\/strong> et de <strong>chaleur<\/strong> \u00e0 vos <strong>\u00e9v\u00e9nements<\/strong>, <strong>r\u00e9ceptions<\/strong> et <strong>d\u00e9corations d&rsquo;int\u00e9rieur<\/strong>.<\/p>\n<p>Ce <strong>tapis artisanal<\/strong> se distingue par\u00a0ses couleurs <strong>naturelles<\/strong>, typiques du style <strong>Berb\u00e8re traditionnel<\/strong>. Ces <strong>tapis<\/strong> ont des capacit\u00e9s isolantes thermiques et sonores.<span class=\"Apple-converted-space\">\u00a0<\/span><\/p>\n","protected":false},"excerpt":{"rendered":"<p>Location des Ducs vous propose \u00e0 la location des tapis\u00a0Berb\u00e8re. Location des Ducs vous propose \u00e0 la location un tapis &hellip; <a href=\"https:\/\/locationdesducs.fr\/?product=tapis-2m-x-3m\" class=\"more-link\"><span class=\"more-button\">Voir plus &#8230;<span class=\"screen-reader-text\">Tapis 2m x 3m<\/span><\/span><\/a><\/p>\n","protected":false},"featured_media":7225,"template":"","meta":[],"product_brand":[],"product_cat":[64,84],"product_tag":[80,81,75,79,76],"class_list":{"0":"post-7226","1":"product","2":"type-product","3":"status-publish","4":"has-post-thumbnail","6":"product_cat-autres-mobiliers","7":"product_cat-pack-salon-exposition","8":"product_tag-anniversaire","9":"product_tag-cocktail","10":"product_tag-location","11":"product_tag-mariage","12":"product_tag-salon-exposition","14":"first","15":"instock","16":"taxable","17":"shipping-taxable","18":"purchasable","19":"product-type-simple"},"jetpack_sharing_enabled":true,"_links":{"self":[{"href":"https:\/\/locationdesducs.fr\/index.php?rest_route=\/wp\/v2\/product\/7226","targetHints":{"allow":["GET"]}}],"collection":[{"href":"https:\/\/locationdesducs.fr\/index.php?rest_route=\/wp\/v2\/product"}],"about":[{"href":"https:\/\/locationdesducs.fr\/index.php?rest_route=\/wp\/v2\/types\/product"}],"wp:featuredmedia":[{"embeddable":true,"href":"https:\/\/locationdesducs.fr\/index.php?rest_route=\/wp\/v2\/media\/7225"}],"wp:attachment":[{"href":"https:\/\/locationdesducs.fr\/index.php?rest_route=%2Fwp%2Fv2%2Fmedia&parent=7226"}],"wp:term":[{"taxonomy":"product_brand","embeddable":true,"href":"https:\/\/locationdesducs.fr\/index.php?rest_route=%2Fwp%2Fv2%2Fproduct_brand&post=7226"},{"taxonomy":"product_cat","embeddable":true,"href":"https:\/\/locationdesducs.fr\/index.php?rest_route=%2Fwp%2Fv2%2Fproduct_cat&post=7226"},{"taxonomy":"product_tag","embeddable":true,"href":"https:\/\/locationdesducs.fr\/index.php?rest_route=%2Fwp%2Fv2%2Fproduct_tag&post=7226"}],"curies":[{"name":"wp","href":"https:\/\/api.w.org\/{rel}","templated":true}]}}