{"id":7223,"date":"2024-07-16T15:09:26","date_gmt":"2024-07-16T13:09:26","guid":{"rendered":"https:\/\/locationdesducs.fr\/?post_type=product&#038;p=7223"},"modified":"2026-02-19T12:48:10","modified_gmt":"2026-02-19T11:48:10","slug":"portant","status":"publish","type":"product","link":"https:\/\/locationdesducs.fr\/?product=portant","title":{"rendered":"Portant"},"content":{"rendered":"<p><strong>Location des Ducs<\/strong> vous propose \u00e0 la location un <strong>portant<\/strong> pratique et polyvalent, id\u00e9al pour vos <strong>\u00e9v\u00e9nements<\/strong>, <strong>r\u00e9ceptions<\/strong>et <strong>espaces de rangement<\/strong>.<\/p>\n<p>Ce <strong>portant robuste<\/strong> est con\u00e7u pour offrir une <strong>solution de stockage efficace<\/strong> pour vos <strong>v\u00eatements<\/strong>, <strong>accessoires<\/strong> ou <strong>articles promotionnels<\/strong>. Avec sa <strong>structure en m\u00e9tal durable<\/strong> et ses <strong>barres ajustables<\/strong>, il s\u2019adapte facilement \u00e0 vos besoins, offrant une <strong>capacit\u00e9 de charge \u00e9lev\u00e9e<\/strong> et une <strong>organisation optimale<\/strong><\/p>\n","protected":false},"excerpt":{"rendered":"<p>Location des Ducs vous propose \u00e0 la location un portant pratique et polyvalent, id\u00e9al pour vos \u00e9v\u00e9nements, r\u00e9ceptionset espaces de &hellip; <a href=\"https:\/\/locationdesducs.fr\/?product=portant\" class=\"more-link\"><span class=\"more-button\">Voir plus &#8230;<span class=\"screen-reader-text\">Portant<\/span><\/span><\/a><\/p>\n","protected":false},"featured_media":7224,"template":"","meta":[],"product_brand":[],"product_cat":[61],"product_tag":[80,81,75,79,77,76,78],"class_list":{"0":"post-7223","1":"product","2":"type-product","3":"status-publish","4":"has-post-thumbnail","6":"product_cat-decoration-accessoires","7":"product_tag-anniversaire","8":"product_tag-cocktail","9":"product_tag-location","10":"product_tag-mariage","11":"product_tag-reunion","12":"product_tag-salon-exposition","13":"product_tag-seminaire","15":"first","16":"instock","17":"taxable","18":"shipping-taxable","19":"purchasable","20":"product-type-simple"},"jetpack_sharing_enabled":true,"_links":{"self":[{"href":"https:\/\/locationdesducs.fr\/index.php?rest_route=\/wp\/v2\/product\/7223","targetHints":{"allow":["GET"]}}],"collection":[{"href":"https:\/\/locationdesducs.fr\/index.php?rest_route=\/wp\/v2\/product"}],"about":[{"href":"https:\/\/locationdesducs.fr\/index.php?rest_route=\/wp\/v2\/types\/product"}],"wp:featuredmedia":[{"embeddable":true,"href":"https:\/\/locationdesducs.fr\/index.php?rest_route=\/wp\/v2\/media\/7224"}],"wp:attachment":[{"href":"https:\/\/locationdesducs.fr\/index.php?rest_route=%2Fwp%2Fv2%2Fmedia&parent=7223"}],"wp:term":[{"taxonomy":"product_brand","embeddable":true,"href":"https:\/\/locationdesducs.fr\/index.php?rest_route=%2Fwp%2Fv2%2Fproduct_brand&post=7223"},{"taxonomy":"product_cat","embeddable":true,"href":"https:\/\/locationdesducs.fr\/index.php?rest_route=%2Fwp%2Fv2%2Fproduct_cat&post=7223"},{"taxonomy":"product_tag","embeddable":true,"href":"https:\/\/locationdesducs.fr\/index.php?rest_route=%2Fwp%2Fv2%2Fproduct_tag&post=7223"}],"curies":[{"name":"wp","href":"https:\/\/api.w.org\/{rel}","templated":true}]}}