{"id":7218,"date":"2024-07-16T15:04:28","date_gmt":"2024-07-16T13:04:28","guid":{"rendered":"https:\/\/locationdesducs.fr\/?post_type=product&#038;p=7218"},"modified":"2026-02-19T12:49:05","modified_gmt":"2026-02-19T11:49:05","slug":"cintre-noir","status":"publish","type":"product","link":"https:\/\/locationdesducs.fr\/?product=cintre-noir","title":{"rendered":"Cintre noir"},"content":{"rendered":"<p>Location des Ducs vous propose \u00e0 la location <b>des cintres noirs en bois.<\/b><\/p>\n<p>Ces <strong>cintres en bois massif<\/strong> ajoutent une touche d&rsquo;<strong>\u00e9l\u00e9gance<\/strong> et sont parfaits pour les v\u00eatements les plus lourds. Les rainures sur chaque c\u00f4t\u00e9 emp\u00eachent les v\u00eatements \u00e0 ruban de glisser.<\/p>\n","protected":false},"excerpt":{"rendered":"<p>Location des Ducs vous propose \u00e0 la location des cintres noirs en bois. Ces cintres en bois massif ajoutent une &hellip; <a href=\"https:\/\/locationdesducs.fr\/?product=cintre-noir\" class=\"more-link\"><span class=\"more-button\">Voir plus &#8230;<span class=\"screen-reader-text\">Cintre noir<\/span><\/span><\/a><\/p>\n","protected":false},"featured_media":7184,"template":"","meta":[],"product_brand":[],"product_cat":[61],"product_tag":[80,81,75,79,76],"class_list":{"0":"post-7218","1":"product","2":"type-product","3":"status-publish","4":"has-post-thumbnail","6":"product_cat-decoration-accessoires","7":"product_tag-anniversaire","8":"product_tag-cocktail","9":"product_tag-location","10":"product_tag-mariage","11":"product_tag-salon-exposition","13":"first","14":"instock","15":"taxable","16":"shipping-taxable","17":"purchasable","18":"product-type-simple"},"jetpack_sharing_enabled":true,"_links":{"self":[{"href":"https:\/\/locationdesducs.fr\/index.php?rest_route=\/wp\/v2\/product\/7218","targetHints":{"allow":["GET"]}}],"collection":[{"href":"https:\/\/locationdesducs.fr\/index.php?rest_route=\/wp\/v2\/product"}],"about":[{"href":"https:\/\/locationdesducs.fr\/index.php?rest_route=\/wp\/v2\/types\/product"}],"wp:featuredmedia":[{"embeddable":true,"href":"https:\/\/locationdesducs.fr\/index.php?rest_route=\/wp\/v2\/media\/7184"}],"wp:attachment":[{"href":"https:\/\/locationdesducs.fr\/index.php?rest_route=%2Fwp%2Fv2%2Fmedia&parent=7218"}],"wp:term":[{"taxonomy":"product_brand","embeddable":true,"href":"https:\/\/locationdesducs.fr\/index.php?rest_route=%2Fwp%2Fv2%2Fproduct_brand&post=7218"},{"taxonomy":"product_cat","embeddable":true,"href":"https:\/\/locationdesducs.fr\/index.php?rest_route=%2Fwp%2Fv2%2Fproduct_cat&post=7218"},{"taxonomy":"product_tag","embeddable":true,"href":"https:\/\/locationdesducs.fr\/index.php?rest_route=%2Fwp%2Fv2%2Fproduct_tag&post=7218"}],"curies":[{"name":"wp","href":"https:\/\/api.w.org\/{rel}","templated":true}]}}