{"id":7216,"date":"2024-07-16T15:01:18","date_gmt":"2024-07-16T13:01:18","guid":{"rendered":"https:\/\/locationdesducs.fr\/?post_type=product&#038;p=7216"},"modified":"2026-02-19T12:49:12","modified_gmt":"2026-02-19T11:49:12","slug":"cagette-en-bois","status":"publish","type":"product","link":"https:\/\/locationdesducs.fr\/?product=cagette-en-bois","title":{"rendered":"Cagette en bois"},"content":{"rendered":"<p><strong>Location des ducs<\/strong> vous propose \u00e0 la location des <strong>cagettes en bois<\/strong><\/p>\n<p>Ajoutez une touche rustique \u00e0 votre \u00e9v\u00e9nement avec nos <strong>cagettes en bois 50&#215;30 cm.<\/strong> Parfaites pour la <strong>d\u00e9coration<\/strong>, le rangement ou la pr\u00e9sentation de produits, elles sont \u00e0 la fois <strong>robustes et \u00e9l\u00e9gantes.<\/strong> Id\u00e9ales pour tout type d<strong>&lsquo;\u00e9v\u00e9nement,<\/strong> elles apportent une note authentique et pratique.<\/p>\n","protected":false},"excerpt":{"rendered":"<p>Location des ducs vous propose \u00e0 la location des cagettes en bois Ajoutez une touche rustique \u00e0 votre \u00e9v\u00e9nement avec &hellip; <a href=\"https:\/\/locationdesducs.fr\/?product=cagette-en-bois\" class=\"more-link\"><span class=\"more-button\">Voir plus &#8230;<span class=\"screen-reader-text\">Cagette en bois<\/span><\/span><\/a><\/p>\n","protected":false},"featured_media":7228,"template":"","meta":[],"product_brand":[],"product_cat":[61],"product_tag":[80,81,75,79],"class_list":{"0":"post-7216","1":"product","2":"type-product","3":"status-publish","4":"has-post-thumbnail","6":"product_cat-decoration-accessoires","7":"product_tag-anniversaire","8":"product_tag-cocktail","9":"product_tag-location","10":"product_tag-mariage","12":"first","13":"instock","14":"taxable","15":"shipping-taxable","16":"purchasable","17":"product-type-simple"},"jetpack_sharing_enabled":true,"_links":{"self":[{"href":"https:\/\/locationdesducs.fr\/index.php?rest_route=\/wp\/v2\/product\/7216","targetHints":{"allow":["GET"]}}],"collection":[{"href":"https:\/\/locationdesducs.fr\/index.php?rest_route=\/wp\/v2\/product"}],"about":[{"href":"https:\/\/locationdesducs.fr\/index.php?rest_route=\/wp\/v2\/types\/product"}],"wp:featuredmedia":[{"embeddable":true,"href":"https:\/\/locationdesducs.fr\/index.php?rest_route=\/wp\/v2\/media\/7228"}],"wp:attachment":[{"href":"https:\/\/locationdesducs.fr\/index.php?rest_route=%2Fwp%2Fv2%2Fmedia&parent=7216"}],"wp:term":[{"taxonomy":"product_brand","embeddable":true,"href":"https:\/\/locationdesducs.fr\/index.php?rest_route=%2Fwp%2Fv2%2Fproduct_brand&post=7216"},{"taxonomy":"product_cat","embeddable":true,"href":"https:\/\/locationdesducs.fr\/index.php?rest_route=%2Fwp%2Fv2%2Fproduct_cat&post=7216"},{"taxonomy":"product_tag","embeddable":true,"href":"https:\/\/locationdesducs.fr\/index.php?rest_route=%2Fwp%2Fv2%2Fproduct_tag&post=7216"}],"curies":[{"name":"wp","href":"https:\/\/api.w.org\/{rel}","templated":true}]}}