{"id":7170,"date":"2024-07-16T11:08:32","date_gmt":"2024-07-16T09:08:32","guid":{"rendered":"https:\/\/locationdesducs.fr\/?post_type=product&#038;p=7170"},"modified":"2026-02-19T12:46:54","modified_gmt":"2026-02-19T11:46:54","slug":"mange-debout-avec-housse","status":"publish","type":"product","link":"https:\/\/locationdesducs.fr\/?product=mange-debout-avec-housse","title":{"rendered":"Mange-debout rond (sans housse)"},"content":{"rendered":"<p>Location des ducs vous propose \u00e0 la location des <strong>mange-debout<\/strong><\/p>\n<p><strong>Mange debout<\/strong>, Table de Jardin, Table de Bar, Table Haute, 80 cm x 80 cm x 110 cm sans <strong>housse<\/strong>.<\/p>\n<p>Vous cherchez une <strong>table haute<\/strong> pratique et \u00e9l\u00e9gante pour les r\u00e9ceptions, les mariages, les anniversaires, les f\u00eates, les soir\u00e9es ou en restauration ?! Cette table, \u00e0 la structure <strong>l\u00e9g\u00e8re et r\u00e9sistante<\/strong>, est pr\u00eate \u00e0 l&#8217;emploi en quelques secondes.<\/p>\n","protected":false},"excerpt":{"rendered":"<p>Location des ducs vous propose \u00e0 la location des mange-debout Mange debout, Table de Jardin, Table de Bar, Table Haute, &hellip; <a href=\"https:\/\/locationdesducs.fr\/?product=mange-debout-avec-housse\" class=\"more-link\"><span class=\"more-button\">Voir plus &#8230;<span class=\"screen-reader-text\">Mange-debout rond (sans housse)<\/span><\/span><\/a><\/p>\n","protected":false},"featured_media":8281,"template":"","meta":[],"product_brand":[],"product_cat":[59],"product_tag":[80,81,75,79,77,76,78],"class_list":{"0":"post-7170","1":"product","2":"type-product","3":"status-publish","4":"has-post-thumbnail","6":"product_cat-mange-debouts","7":"product_tag-anniversaire","8":"product_tag-cocktail","9":"product_tag-location","10":"product_tag-mariage","11":"product_tag-reunion","12":"product_tag-salon-exposition","13":"product_tag-seminaire","15":"first","16":"instock","17":"taxable","18":"shipping-taxable","19":"purchasable","20":"product-type-simple"},"jetpack_sharing_enabled":true,"_links":{"self":[{"href":"https:\/\/locationdesducs.fr\/index.php?rest_route=\/wp\/v2\/product\/7170","targetHints":{"allow":["GET"]}}],"collection":[{"href":"https:\/\/locationdesducs.fr\/index.php?rest_route=\/wp\/v2\/product"}],"about":[{"href":"https:\/\/locationdesducs.fr\/index.php?rest_route=\/wp\/v2\/types\/product"}],"wp:featuredmedia":[{"embeddable":true,"href":"https:\/\/locationdesducs.fr\/index.php?rest_route=\/wp\/v2\/media\/8281"}],"wp:attachment":[{"href":"https:\/\/locationdesducs.fr\/index.php?rest_route=%2Fwp%2Fv2%2Fmedia&parent=7170"}],"wp:term":[{"taxonomy":"product_brand","embeddable":true,"href":"https:\/\/locationdesducs.fr\/index.php?rest_route=%2Fwp%2Fv2%2Fproduct_brand&post=7170"},{"taxonomy":"product_cat","embeddable":true,"href":"https:\/\/locationdesducs.fr\/index.php?rest_route=%2Fwp%2Fv2%2Fproduct_cat&post=7170"},{"taxonomy":"product_tag","embeddable":true,"href":"https:\/\/locationdesducs.fr\/index.php?rest_route=%2Fwp%2Fv2%2Fproduct_tag&post=7170"}],"curies":[{"name":"wp","href":"https:\/\/api.w.org\/{rel}","templated":true}]}}