{"id":7166,"date":"2024-07-12T14:35:07","date_gmt":"2024-07-12T12:35:07","guid":{"rendered":"https:\/\/locationdesducs.fr\/?post_type=product&#038;p=7166"},"modified":"2026-02-19T12:46:46","modified_gmt":"2026-02-19T11:46:46","slug":"banc-pliant-3-personnes","status":"publish","type":"product","link":"https:\/\/locationdesducs.fr\/?product=banc-pliant-3-personnes","title":{"rendered":"Banc pliant 3 personnes"},"content":{"rendered":"<p><strong>Location des ducs vous propose \u00e0 la location des Bancs pliants en plastique 3 places<\/strong><\/p>\n<p>De qualit\u00e9 professionnelle, le banc pliable en PVC supporte une charge de 300 kg gr\u00e2ce \u00e0 sa structure acier (finition \u00e9poxy) et \u00e0 son assise en poly\u00e9thyl\u00e8ne haute densit\u00e9.<\/p>\n<p>Adapt\u00e9 aux utilisations ext\u00e9rieures et int\u00e9rieures le <strong>banc pliable<\/strong> est s\u00e9curis\u00e9 avec un verrouillage par compas autobloquants pour un maximum de stabilit\u00e9. L\u00e9ger et enti\u00e8rement pliable il se range facilement \u00e0 plat.<br \/>\nVotre <strong>banc pliant plastique<\/strong> est l\u00e9ger et facile \u00e0 transporter gr\u00e2ce sa poign\u00e9e et \u00e0 sa forme valise une fois pli\u00e9.<\/p>\n","protected":false},"excerpt":{"rendered":"<p>Location des ducs vous propose \u00e0 la location des Bancs pliants en plastique 3 places De qualit\u00e9 professionnelle, le banc &hellip; <a href=\"https:\/\/locationdesducs.fr\/?product=banc-pliant-3-personnes\" class=\"more-link\"><span class=\"more-button\">Voir plus &#8230;<span class=\"screen-reader-text\">Banc pliant 3 personnes<\/span><\/span><\/a><\/p>\n","protected":false},"featured_media":7281,"template":"","meta":[],"product_brand":[],"product_cat":[52,55],"product_tag":[80,81,75,79,77,78],"class_list":{"0":"post-7166","1":"product","2":"type-product","3":"status-publish","4":"has-post-thumbnail","6":"product_cat-assises","7":"product_cat-chaises","8":"product_tag-anniversaire","9":"product_tag-cocktail","10":"product_tag-location","11":"product_tag-mariage","12":"product_tag-reunion","13":"product_tag-seminaire","15":"first","16":"instock","17":"taxable","18":"shipping-taxable","19":"purchasable","20":"product-type-simple"},"jetpack_sharing_enabled":true,"_links":{"self":[{"href":"https:\/\/locationdesducs.fr\/index.php?rest_route=\/wp\/v2\/product\/7166","targetHints":{"allow":["GET"]}}],"collection":[{"href":"https:\/\/locationdesducs.fr\/index.php?rest_route=\/wp\/v2\/product"}],"about":[{"href":"https:\/\/locationdesducs.fr\/index.php?rest_route=\/wp\/v2\/types\/product"}],"wp:featuredmedia":[{"embeddable":true,"href":"https:\/\/locationdesducs.fr\/index.php?rest_route=\/wp\/v2\/media\/7281"}],"wp:attachment":[{"href":"https:\/\/locationdesducs.fr\/index.php?rest_route=%2Fwp%2Fv2%2Fmedia&parent=7166"}],"wp:term":[{"taxonomy":"product_brand","embeddable":true,"href":"https:\/\/locationdesducs.fr\/index.php?rest_route=%2Fwp%2Fv2%2Fproduct_brand&post=7166"},{"taxonomy":"product_cat","embeddable":true,"href":"https:\/\/locationdesducs.fr\/index.php?rest_route=%2Fwp%2Fv2%2Fproduct_cat&post=7166"},{"taxonomy":"product_tag","embeddable":true,"href":"https:\/\/locationdesducs.fr\/index.php?rest_route=%2Fwp%2Fv2%2Fproduct_tag&post=7166"}],"curies":[{"name":"wp","href":"https:\/\/api.w.org\/{rel}","templated":true}]}}