{"id":7158,"date":"2024-07-12T13:37:36","date_gmt":"2024-07-12T11:37:36","guid":{"rendered":"https:\/\/locationdesducs.fr\/?post_type=product&#038;p=7158"},"modified":"2026-02-19T12:46:37","modified_gmt":"2026-02-19T11:46:37","slug":"tabouret-metalix-vert-menthe","status":"publish","type":"product","link":"https:\/\/locationdesducs.fr\/?product=tabouret-metalix-vert-menthe","title":{"rendered":"Tabouret M\u00e9talix Vert Menthe"},"content":{"rendered":"<p><strong>Location des Ducs<\/strong> vous propose \u00e0 la location des <strong>tabourets<\/strong><strong>\u00a0m\u00e9talix verts menthes<\/strong>,<\/p>\n<p>Parfaite pour ajouter une touche <strong>industrielle chic<\/strong> \u00e0 vos <strong>\u00e9v\u00e9nements<\/strong>, <strong>r\u00e9ceptions<\/strong> et <strong>espaces de restauration<\/strong>. Ce\u00a0<strong>tabouret<\/strong><strong>\u00a0embl\u00e9matique<\/strong>, reconnue pour son design robuste et son style intemporel, est fabriqu\u00e9e en <strong>acier de haute qualit\u00e9<\/strong> avec une finition vert menthe \u00e9l\u00e9gante.<\/p>\n<p>Elle est non seulement <strong>esth\u00e9tique<\/strong>, mais aussi <strong>fonctionnelle<\/strong> et <strong>confortable<\/strong>, id\u00e9ale pour cr\u00e9er une ambiance moderne et sophistiqu\u00e9e.<\/p>\n","protected":false},"excerpt":{"rendered":"<p>Location des Ducs vous propose \u00e0 la location des tabourets\u00a0m\u00e9talix verts menthes, Parfaite pour ajouter une touche industrielle chic \u00e0 &hellip; <a href=\"https:\/\/locationdesducs.fr\/?product=tabouret-metalix-vert-menthe\" class=\"more-link\"><span class=\"more-button\">Voir plus &#8230;<span class=\"screen-reader-text\">Tabouret M\u00e9talix Vert Menthe<\/span><\/span><\/a><\/p>\n","protected":false},"featured_media":7159,"template":"","meta":[],"product_brand":[],"product_cat":[52,56],"product_tag":[80,81,75,79,77,76,78],"class_list":{"0":"post-7158","1":"product","2":"type-product","3":"status-publish","4":"has-post-thumbnail","6":"product_cat-assises","7":"product_cat-tabourets","8":"product_tag-anniversaire","9":"product_tag-cocktail","10":"product_tag-location","11":"product_tag-mariage","12":"product_tag-reunion","13":"product_tag-salon-exposition","14":"product_tag-seminaire","16":"first","17":"instock","18":"taxable","19":"shipping-taxable","20":"purchasable","21":"product-type-simple"},"jetpack_sharing_enabled":true,"_links":{"self":[{"href":"https:\/\/locationdesducs.fr\/index.php?rest_route=\/wp\/v2\/product\/7158","targetHints":{"allow":["GET"]}}],"collection":[{"href":"https:\/\/locationdesducs.fr\/index.php?rest_route=\/wp\/v2\/product"}],"about":[{"href":"https:\/\/locationdesducs.fr\/index.php?rest_route=\/wp\/v2\/types\/product"}],"wp:featuredmedia":[{"embeddable":true,"href":"https:\/\/locationdesducs.fr\/index.php?rest_route=\/wp\/v2\/media\/7159"}],"wp:attachment":[{"href":"https:\/\/locationdesducs.fr\/index.php?rest_route=%2Fwp%2Fv2%2Fmedia&parent=7158"}],"wp:term":[{"taxonomy":"product_brand","embeddable":true,"href":"https:\/\/locationdesducs.fr\/index.php?rest_route=%2Fwp%2Fv2%2Fproduct_brand&post=7158"},{"taxonomy":"product_cat","embeddable":true,"href":"https:\/\/locationdesducs.fr\/index.php?rest_route=%2Fwp%2Fv2%2Fproduct_cat&post=7158"},{"taxonomy":"product_tag","embeddable":true,"href":"https:\/\/locationdesducs.fr\/index.php?rest_route=%2Fwp%2Fv2%2Fproduct_tag&post=7158"}],"curies":[{"name":"wp","href":"https:\/\/api.w.org\/{rel}","templated":true}]}}